{"id":11216,"date":"2024-12-16T23:10:20","date_gmt":"2024-12-16T22:10:20","guid":{"rendered":"https:\/\/www.lebens-qi.at\/qishop\/?post_type=product&#038;p=11216"},"modified":"2025-01-24T19:18:25","modified_gmt":"2025-01-24T18:18:25","slug":"sonne-venus-mond-auf-erden-karten-set","status":"publish","type":"product","link":"https:\/\/www.lebens-qi.at\/qishop\/produkt\/sonne-venus-mond-auf-erden-karten-set\/","title":{"rendered":"Sonne &#8211; Venus &#8211; Mond Auf Erden &#8211; Karten-Set"},"content":{"rendered":"<p><b>Kartenset: Sonne &#8211; Venus &#8211; Mond Auf Erden<\/b><br \/>\nDer Paradiescode im Menschen<br \/>\n<em>von Jeanne Ruland und Anita Schickinger<br \/>\n<\/em><\/p>\n<p>SONNE &#8211; VENUS &#8211; MOND AUF ERDEN, das ist das sch\u00f6pferische Werden. Vertraue auf das Licht im Herzen der Liebe, auf das tiefe uralte Wissen deiner Seele. Dieses Kartenset hilft dir dabei! Sonne, Mond und Venus spielen seit Anbeginn des menschlichen Lebens eine wichtige Rolle im Sch\u00f6pfungszyklus des Menschen. Die Venus wird in vielen Kulturen verehrt. Sie ist das dritthellste Himmelsobjekt neben Sonne und Mond. Sie ist der Schl\u00fcssel zu einem Leben aus dem Herzen in Balance auf Erden zwischen der Sonne, dem Geist und dem Mond der Seele. Lass dich verzaubern von den wundersch\u00f6n gestalteten Karten und inspirieren von den lichtvollen Sternenimpulsen, die sie ausstrahlen, und den kleinen Alltagsmeditationen. Sie er\u00f6ffnen dir einen neuen Blickwinkel auf die Einheit allen Seins und werden dich im Alltag lichtvoll begleiten. Zieh eine Karte, wann immer du eine Frage in dir sp\u00fcrst. Im umfangreichen Begleitbuch findest du zu jeder Karte einen Abschnitt, der die Bedeutung der Karte erkl\u00e4rt, eine kleine Meditation enth\u00e4lt und dir eine Affirmation anbietet, mit der du dein Thema positiv wandeln kannst.<\/p>\n<p>JEANNE RULAND war Buchautorin mit langj\u00e4hriger schamanischer und metaphysischer Ausbildung sowie anerkannte Heilerin im Dachverband Geistiges Heilen. Sie konnte auf einen reichen Erfahrungsschatz im Umgang mit den geistigen Kr\u00e4ften zur\u00fcckgreifen, die im Kern alle zur Einheit, zu Gott, zur Quelle f\u00fchren. Dieses Wissen gab sie gern weiter, um andere im Herzen zu ber\u00fchren. Gemeinsam mit ANITA SCHICKINGER entstand das vorliegende Set.<\/p>\n<p>&nbsp;<\/p>\n","protected":false},"excerpt":{"rendered":"<p>Der Paradiescode im Menschen<\/p>\n","protected":false},"featured_media":11217,"comment_status":"open","ping_status":"closed","template":"","meta":{"_links_to":"","_links_to_target":""},"pwb-brand":[2470],"product_brand":[],"product_cat":[862],"product_tag":[1410,2475,883,667,747,863,2476,2477,742,1672],"class_list":{"0":"post-11216","1":"product","2":"type-product","3":"status-publish","4":"has-post-thumbnail","6":"pwb-brand-amra","7":"product_cat-impulskarten","8":"product_tag-affirmationen","9":"product_tag-anita-schickinger","10":"product_tag-jeanne-ruland","11":"product_tag-kartendeck","12":"product_tag-mond","13":"product_tag-orakel","14":"product_tag-paradiescode","15":"product_tag-schoepfung","16":"product_tag-sonne","17":"product_tag-venus","19":"first","20":"instock","21":"taxable","22":"shipping-taxable","23":"purchasable","24":"product-type-simple"},"blog_post_layout_featured_media_urls":{"thumbnail":["https:\/\/www.lebens-qi.at\/qishop\/wp-content\/uploads\/9783954474301-X-sonne-mond-venus-150x150.jpg",150,150,true],"full":["https:\/\/www.lebens-qi.at\/qishop\/wp-content\/uploads\/9783954474301-X-sonne-mond-venus.jpg",633,633,false]},"categories":["2470"],"categories_names":{"2470":{"name":"AMRA","link":"https:\/\/www.lebens-qi.at\/qishop\/brand\/amra\/"}},"comments_number":"0","brands":[{"id":2470,"name":"AMRA","slug":"amra"}],"_links":{"self":[{"href":"https:\/\/www.lebens-qi.at\/qishop\/wp-json\/wp\/v2\/product\/11216","targetHints":{"allow":["GET"]}}],"collection":[{"href":"https:\/\/www.lebens-qi.at\/qishop\/wp-json\/wp\/v2\/product"}],"about":[{"href":"https:\/\/www.lebens-qi.at\/qishop\/wp-json\/wp\/v2\/types\/product"}],"replies":[{"embeddable":true,"href":"https:\/\/www.lebens-qi.at\/qishop\/wp-json\/wp\/v2\/comments?post=11216"}],"wp:featuredmedia":[{"embeddable":true,"href":"https:\/\/www.lebens-qi.at\/qishop\/wp-json\/wp\/v2\/media\/11217"}],"wp:attachment":[{"href":"https:\/\/www.lebens-qi.at\/qishop\/wp-json\/wp\/v2\/media?parent=11216"}],"wp:term":[{"taxonomy":"pwb-brand","embeddable":true,"href":"https:\/\/www.lebens-qi.at\/qishop\/wp-json\/wp\/v2\/pwb-brand?post=11216"},{"taxonomy":"product_brand","embeddable":true,"href":"https:\/\/www.lebens-qi.at\/qishop\/wp-json\/wp\/v2\/product_brand?post=11216"},{"taxonomy":"product_cat","embeddable":true,"href":"https:\/\/www.lebens-qi.at\/qishop\/wp-json\/wp\/v2\/product_cat?post=11216"},{"taxonomy":"product_tag","embeddable":true,"href":"https:\/\/www.lebens-qi.at\/qishop\/wp-json\/wp\/v2\/product_tag?post=11216"}],"curies":[{"name":"wp","href":"https:\/\/api.w.org\/{rel}","templated":true}]}}