{"id":11250,"date":"2024-12-19T22:40:25","date_gmt":"2024-12-19T21:40:25","guid":{"rendered":"https:\/\/www.lebens-qi.at\/qishop\/?post_type=product&#038;p=11250"},"modified":"2025-10-17T14:35:49","modified_gmt":"2025-10-17T12:35:49","slug":"hanf-gesichtscreme","status":"publish","type":"product","link":"https:\/\/www.lebens-qi.at\/qishop\/produkt\/hanf-gesichtscreme\/","title":{"rendered":"Hanf Gesichtscreme"},"content":{"rendered":"<p><b>Hanf Gesichtscreme<br \/>\n<\/b><\/p>\n<p>Die Hanf Gesichtscreme wurde speziell f\u00fcr gestresste und ger\u00f6tete Haut entwickelt. Die Creme zieht schnell ein und schenkt M\u00e4nner- und Frauenhaut ein zartes, entspanntes Hautgef\u00fchl, ohne einen Fettglanz zu hinterlassen.<\/p>\n<p>Die nat\u00fcrlichen Inhaltsstoffe unterst\u00fctzen die hauteigenen Widerstandskr\u00e4fte und st\u00e4rken die Barrierefunktion der Haut: Hanf\u00f6l wirkt beruhigend, Shea Butter hat einen n\u00e4hrenden und pflegenden Effekt, Ringelblume unterst\u00fctzt die Regeneration der Haut und Akazie wirkt hautgl\u00e4ttend.<\/p>\n<p><strong>Ein gutes Gef<\/strong><strong>\u00fc<\/strong><strong>hl auftragen:<\/strong> \u00a0Sp\u00fcrbar glatte und geschmeidige Haut! Ein wunderbar verw\u00f6hnendes Pflegeerlebnis, ideal f\u00fcr die t\u00e4gliche Anwendung.<\/p>\n<ul>\n<li>Beruhigende Gesichtspflege: mindert Hautirritationen und Spannungsgef\u00fchl<\/li>\n<li>F\u00fcr alle Hauttypen, besonders f\u00fcr sensible Haut<\/li>\n<li>Bindet Feuchtigkeit und stimuliert das Zellwachstum<\/li>\n<li>Zertifizierte, vegane BIO-Naturkosmetik<\/li>\n<li>Regional und nachhaltig: Hochwertiges BIO-Hanfsamen\u00f6l aus \u00d6sterreich<\/li>\n<li>Mit Zirbelkiefer-\u00d6l, Patchouli und Ylang Ylang<\/li>\n<\/ul>\n<p><strong>F<\/strong><strong>\u00fc<\/strong><strong>r Sie und Ihn: N<\/strong><strong>\u00e4<\/strong><strong>hrende Gesichtscreme mit der Kraft des Hanf<\/strong><strong>\u00f6<\/strong><strong>ls<br \/>\n<\/strong><br \/>\nMit der Hanf Gesichtscreme wird Ihre Haut rundum gut versorgt! Die im Hanf\u00f6l enthaltenen unges\u00e4ttigten Fetts\u00e4uren machen es zu einem wertvollen Pflege\u00f6l, das von der Haut besonders gut aufgenommen werden kann. Die Feuchtigkeitscreme duftet kr\u00e4utig-herb, mit einer leicht s\u00fc\u00dflichen Note.<br \/>\nDas Hanf\u00f6l wird aus den Samen des BIO-Hanfs gewonnen. Durch das schonende Kaltpressverfahren bleiben alle Inhaltsstoffe erhalten. Eine nachhaltige und umweltschonende Produktion ist STYX bei all ihren Naturkosmetik-Produkten besonders wichtig. Daher beziehen sie ihr BIO-Hanfsamen\u00f6l von ihrem Partner Hanfland, direkt aus der Region. Nach dem \u00d6ffnen sollte die Gesichtscreme innerhalb eines halben Jahres verbraucht werden.<\/p>\n<p><strong>Erleben Sie den angenehmen Schutz und die reichhaltige Pflege der Hanf Gesichtscreme und bringen Sie Ihre Haut wieder in ihr nat\u00fcrliches Gleichgewicht!<\/strong><\/p>\n<p>Inhalt: 50 ml<\/p>\n<p><em><b>Inhaltsstoffe nach INCI (CTFA):<\/b><br \/>\nAQUA (WATER), BUTYROSPERMUM PARKII (SHEA) BUTTER*, GLYCERIN*, CANNABIS SATIVA (HEMP) SEED OIL*, THEOBROMA CACAO SEED BUTTER*, SORBITAN OLIVATE, GLYCINE SOJA (SOYBEAN) OIL*, CETEARYL OLIVATE, BETULA ALBA (BIRCH) LEAF EXTRACT*, PINUS CEMBRA (SWISS STONE PINE) LEAF\/TWIG OIL*, POGOSTEMON CABLIN (PATCHOULI) LEAF OIL, CANANGA ODORATA (YLANG YLANG) FLOWER OIL*, HUMULUS LUPULUS (HOPS) EXTRACT*, CALENDULA OFFICINALIS (MARIGOLD) FLOWER EXTRACT*, TOCOPHEROL, CETYL PALMITATE, SORBITAN PALMITATE, ACACIA SENEGAL GUM, XANTHAN GUM, CITRIC ACID, BENZYL ALCOHOL, DEHYDROACETIC ACID, SODIUM BENZOATE, POTASSIUM SORBATE, LIMONENE, LINALOOL, BENZYL BENZOATE, BENZYL SALICYLATE, FARNESOL, GERANIOL<br \/>\n*Inhaltsstoffe aus kontrolliert biologischem Anbau<\/em><\/p>\n<p><em>Die aufgef\u00fchrten Inhaltsstoffe entsprechen dem aktuellen Stand der Produktion. Da STYX regelm\u00e4\u00dfig neue wissenschaftliche Erkenntnisse die Rezepturen einflie\u00dfen l\u00e4sst und die Formulierungen entsprechend \u00e4ndert, ist die jeweils auf der Packung ausgewiesene Angabe der Inhaltsstoffe ma\u00dfgeblich.<\/em><\/p>\n","protected":false},"excerpt":{"rendered":"<p>mit BIO Hanf\u00f6l, Zirbelkiefer-\u00d6l, Patchouli und Ylang Ylang<\/p>\n","protected":false},"featured_media":11253,"comment_status":"open","ping_status":"closed","template":"","meta":{"_links_to":"","_links_to_target":""},"pwb-brand":[263],"product_brand":[],"product_cat":[2149,271],"product_tag":[181,2491,2493,278,92,232,1730,234,238,269,279,358],"class_list":{"0":"post-11250","1":"product","2":"type-product","3":"status-publish","4":"has-post-thumbnail","6":"pwb-brand-styx","7":"product_cat-gesichtspflege","8":"product_cat-kunst-der-pflege","9":"product_tag-gesicht","10":"product_tag-gesichtscreme","11":"product_tag-gesichtspflege","12":"product_tag-hanf","13":"product_tag-naturkosmetik","14":"product_tag-patchouli","15":"product_tag-ringelblume","16":"product_tag-sheabutter","17":"product_tag-styx","18":"product_tag-ylang-ylang","19":"product_tag-zirbe","20":"product_tag-zirbelkiefer","22":"first","23":"instock","24":"taxable","25":"shipping-taxable","26":"purchasable","27":"product-type-simple"},"blog_post_layout_featured_media_urls":{"thumbnail":["https:\/\/www.lebens-qi.at\/qishop\/wp-content\/uploads\/801_0-hanf-gesichtscreme-150x150.jpg",150,150,true],"full":["https:\/\/www.lebens-qi.at\/qishop\/wp-content\/uploads\/801_0-hanf-gesichtscreme.jpg",800,800,false]},"categories":["263"],"categories_names":{"263":{"name":"STYX","link":"https:\/\/www.lebens-qi.at\/qishop\/brand\/styx\/"}},"comments_number":"0","brands":[{"id":263,"name":"STYX","slug":"styx"}],"_links":{"self":[{"href":"https:\/\/www.lebens-qi.at\/qishop\/wp-json\/wp\/v2\/product\/11250","targetHints":{"allow":["GET"]}}],"collection":[{"href":"https:\/\/www.lebens-qi.at\/qishop\/wp-json\/wp\/v2\/product"}],"about":[{"href":"https:\/\/www.lebens-qi.at\/qishop\/wp-json\/wp\/v2\/types\/product"}],"replies":[{"embeddable":true,"href":"https:\/\/www.lebens-qi.at\/qishop\/wp-json\/wp\/v2\/comments?post=11250"}],"wp:featuredmedia":[{"embeddable":true,"href":"https:\/\/www.lebens-qi.at\/qishop\/wp-json\/wp\/v2\/media\/11253"}],"wp:attachment":[{"href":"https:\/\/www.lebens-qi.at\/qishop\/wp-json\/wp\/v2\/media?parent=11250"}],"wp:term":[{"taxonomy":"pwb-brand","embeddable":true,"href":"https:\/\/www.lebens-qi.at\/qishop\/wp-json\/wp\/v2\/pwb-brand?post=11250"},{"taxonomy":"product_brand","embeddable":true,"href":"https:\/\/www.lebens-qi.at\/qishop\/wp-json\/wp\/v2\/product_brand?post=11250"},{"taxonomy":"product_cat","embeddable":true,"href":"https:\/\/www.lebens-qi.at\/qishop\/wp-json\/wp\/v2\/product_cat?post=11250"},{"taxonomy":"product_tag","embeddable":true,"href":"https:\/\/www.lebens-qi.at\/qishop\/wp-json\/wp\/v2\/product_tag?post=11250"}],"curies":[{"name":"wp","href":"https:\/\/api.w.org\/{rel}","templated":true}]}}