{"id":1147,"date":"2024-02-15T22:53:21","date_gmt":"2024-02-15T21:53:21","guid":{"rendered":"https:\/\/www.lebens-qi.at\/qishop\/produkt\/lavendelbluetenseife-aus-der-provence-2\/"},"modified":"2025-07-07T11:32:35","modified_gmt":"2025-07-07T09:32:35","slug":"lavendelbluetenseife-aus-der-provence-2","status":"publish","type":"product","link":"https:\/\/www.lebens-qi.at\/qishop\/produkt\/lavendelbluetenseife-aus-der-provence-2\/","title":{"rendered":"Lavendelbl\u00fctenseife aus der Provence"},"content":{"rendered":"<p><b>Palm\u00f6lfreie Seife mit Lavendelbl\u00fcten und s\u00fc\u00dfem Mandel\u00f6l<\/b><br \/>\naus der Provence<br \/>\nGewicht: 100 g<\/p>\n<p>Die Lavendelbl\u00fcten-Seife enth\u00e4lt Kokosnuss\u00f6l wegen der beruhigenden Wirkung, Oliven\u00f6l pflegt und sorgt f\u00fcr Weichheit. Mandel\u00f6l macht die Haut weich und wirkt feuchtigkeitsspendend. Die Seife beinhaltet Lavendelbl\u00fcten f\u00fcr eine sanfte Peelingwirkung.<\/p>\n<p><b>Le Chatelard 1802 Seifen<\/b><br \/>\nDiese Seifen werden ausschlie\u00dflich in der Werkstatt in St. Auban sur Ouv\u00e8ze in der Provence in Frankreich hergestellt. Weil diese Seifen pH-neutral sind, trocknen sie die Haut nicht aus und machen sie besonders weich.<\/p>\n<p><b>Spezifikationen:<\/b><br \/>\n\u2022 72% pflanzliche \u00d6le<br \/>\n\u2022 pH neutrale Formel<br \/>\n\u2022 100% biologisch abbaubar<br \/>\n\u2022 Trocknet die Haut nicht aus<br \/>\n\u2022 Nicht an Tieren getestet<\/p>\n<p><b><em>Inhaltsstoffe (INCI): <\/em><\/b><br \/>\nSODIUM OLIVATE, SODIUM COCOATE, AQUA (Water), GLYCERIN, PARFUM (Fragrance), SODIUM CHLORIDE, LAVANDULA HYBRIDA GROSSO FLOWER, TETRASODIUM GLUTAMATE DIACETATE, PRUNUS AMYGDALUS DULCIS OIL, LINALOOL, GERANIOL, O-PHENYL PHENOL, CI 51319<\/p>\n<p>Lieferumfang 1 Seife ohne Seifenschale, Deko, o.\u00e4.<\/p>\n","protected":false},"excerpt":{"rendered":"<p>aus der Werkstatt in St. Auban sur Ouv\u00e8ze<\/p>\n","protected":false},"featured_media":12276,"comment_status":"open","ping_status":"closed","template":"","meta":{"_links_to":"","_links_to_target":""},"pwb-brand":[262],"product_brand":[],"product_cat":[221],"product_tag":[225,224],"class_list":{"0":"post-1147","1":"product","2":"type-product","3":"status-publish","4":"has-post-thumbnail","6":"pwb-brand-le-chatelard-1802","7":"product_cat-seifen","8":"product_tag-lavendel","9":"product_tag-seife","11":"first","12":"instock","13":"taxable","14":"shipping-taxable","15":"purchasable","16":"product-type-simple"},"blog_post_layout_featured_media_urls":{"thumbnail":["https:\/\/www.lebens-qi.at\/qishop\/wp-content\/uploads\/02553-lavendelbluetenseife-150x150.jpg",150,150,true],"full":["https:\/\/www.lebens-qi.at\/qishop\/wp-content\/uploads\/02553-lavendelbluetenseife.jpg",800,800,false]},"categories":["262"],"categories_names":{"262":{"name":"Le Chatelard 1802","link":"https:\/\/www.lebens-qi.at\/qishop\/brand\/le-chatelard-1802\/"}},"comments_number":"0","brands":[{"id":262,"name":"Le Chatelard 1802","slug":"le-chatelard-1802"}],"_links":{"self":[{"href":"https:\/\/www.lebens-qi.at\/qishop\/wp-json\/wp\/v2\/product\/1147","targetHints":{"allow":["GET"]}}],"collection":[{"href":"https:\/\/www.lebens-qi.at\/qishop\/wp-json\/wp\/v2\/product"}],"about":[{"href":"https:\/\/www.lebens-qi.at\/qishop\/wp-json\/wp\/v2\/types\/product"}],"replies":[{"embeddable":true,"href":"https:\/\/www.lebens-qi.at\/qishop\/wp-json\/wp\/v2\/comments?post=1147"}],"wp:featuredmedia":[{"embeddable":true,"href":"https:\/\/www.lebens-qi.at\/qishop\/wp-json\/wp\/v2\/media\/12276"}],"wp:attachment":[{"href":"https:\/\/www.lebens-qi.at\/qishop\/wp-json\/wp\/v2\/media?parent=1147"}],"wp:term":[{"taxonomy":"pwb-brand","embeddable":true,"href":"https:\/\/www.lebens-qi.at\/qishop\/wp-json\/wp\/v2\/pwb-brand?post=1147"},{"taxonomy":"product_brand","embeddable":true,"href":"https:\/\/www.lebens-qi.at\/qishop\/wp-json\/wp\/v2\/product_brand?post=1147"},{"taxonomy":"product_cat","embeddable":true,"href":"https:\/\/www.lebens-qi.at\/qishop\/wp-json\/wp\/v2\/product_cat?post=1147"},{"taxonomy":"product_tag","embeddable":true,"href":"https:\/\/www.lebens-qi.at\/qishop\/wp-json\/wp\/v2\/product_tag?post=1147"}],"curies":[{"name":"wp","href":"https:\/\/api.w.org\/{rel}","templated":true}]}}