{"id":1149,"date":"2024-02-15T22:53:24","date_gmt":"2024-02-15T21:53:24","guid":{"rendered":"https:\/\/www.lebens-qi.at\/qishop\/produkt\/vanilleseife-aus-der-provence\/"},"modified":"2025-02-20T16:10:50","modified_gmt":"2025-02-20T15:10:50","slug":"vanilleseife-aus-der-provence","status":"publish","type":"product","link":"https:\/\/www.lebens-qi.at\/qishop\/produkt\/vanilleseife-aus-der-provence\/","title":{"rendered":"Vanilleseife aus der Provence"},"content":{"rendered":"<p><b>Besonders sanfte Seife mit Vanilleduft und s\u00fc\u00dfem Mandel\u00f6l<\/b><br \/>aus der Provence<br \/>Gewicht: 100 g<\/p>\n<p>Seife mit verf\u00fchrerisch-sinnlichem Vanilleduft aus pflanzlichem Glyzerin, angereichert mit Mandel\u00f6l das die Haut zart pflegt und Feuchtigkeit spendet. Ein exotischer, unwiderstehlicher Duft f\u00fcr die t\u00e4gliche Hand-, K\u00f6rper- &#038; Gesichtspflege.<b><\/p>\n<p>Le Chatelard 1802 Seifen<\/b><br \/>Diese Seifen werden ausschlie\u00dflich in der Werkstatt in St. Auban sur Ouv\u00e8ze in der Provence in Frankreich hergestellt. Weil diese Seifen pH-neutral sind, trocknen sie die Haut nicht aus und machen sie besonders weich. <\/p>\n<p><b>Spezifikationen:<\/b><br \/>\u2022 72% pflanzliche \u00d6le<br \/>\u2022 pH neutrale Formel<br \/>\u2022 100% biologisch abbaubar  <br \/>\u2022 Trocknet die Haut nicht aus<br \/>\u2022 Nicht an Tieren getestet<\/p>\n<p><b><em>Inhaltsstoffe (INCI): <\/b><br \/>Sodium palmate, Sodium palm kernelate, Aqua, Glycerin, Parfum, Palm kernel acid, Sodium chloride, Prunus amygdalus dulcis oil, Tetrasodium etidronate, Tetrasodium edta, Benzyl alcohol, Benzyl benzoate, Dextro-Limonene, Cinnamyl alcohol, Coumarin, CI 77499, CI 77491<\/p>\n","protected":false},"excerpt":{"rendered":"<p>aus der Werkstatt in St. Auban sur Ouv\u00e8ze<\/p>\n","protected":false},"featured_media":1148,"comment_status":"open","ping_status":"closed","template":"","meta":{"_links_to":"","_links_to_target":""},"pwb-brand":[262],"product_brand":[],"product_cat":[221],"product_tag":[224,226],"class_list":{"0":"post-1149","1":"product","2":"type-product","3":"status-publish","4":"has-post-thumbnail","6":"pwb-brand-le-chatelard-1802","7":"product_cat-seifen","8":"product_tag-seife","9":"product_tag-vanille","11":"first","12":"instock","13":"taxable","14":"shipping-taxable","15":"purchasable","16":"product-type-simple"},"blog_post_layout_featured_media_urls":{"thumbnail":["https:\/\/www.lebens-qi.at\/qishop\/wp-content\/uploads\/02598-150x150.jpg",150,150,true],"full":["https:\/\/www.lebens-qi.at\/qishop\/wp-content\/uploads\/02598.jpg",800,800,false]},"categories":["262"],"categories_names":{"262":{"name":"Le Chatelard 1802","link":"https:\/\/www.lebens-qi.at\/qishop\/brand\/le-chatelard-1802\/"}},"comments_number":"0","brands":[{"id":262,"name":"Le Chatelard 1802","slug":"le-chatelard-1802"}],"_links":{"self":[{"href":"https:\/\/www.lebens-qi.at\/qishop\/wp-json\/wp\/v2\/product\/1149","targetHints":{"allow":["GET"]}}],"collection":[{"href":"https:\/\/www.lebens-qi.at\/qishop\/wp-json\/wp\/v2\/product"}],"about":[{"href":"https:\/\/www.lebens-qi.at\/qishop\/wp-json\/wp\/v2\/types\/product"}],"replies":[{"embeddable":true,"href":"https:\/\/www.lebens-qi.at\/qishop\/wp-json\/wp\/v2\/comments?post=1149"}],"wp:featuredmedia":[{"embeddable":true,"href":"https:\/\/www.lebens-qi.at\/qishop\/wp-json\/wp\/v2\/media\/1148"}],"wp:attachment":[{"href":"https:\/\/www.lebens-qi.at\/qishop\/wp-json\/wp\/v2\/media?parent=1149"}],"wp:term":[{"taxonomy":"pwb-brand","embeddable":true,"href":"https:\/\/www.lebens-qi.at\/qishop\/wp-json\/wp\/v2\/pwb-brand?post=1149"},{"taxonomy":"product_brand","embeddable":true,"href":"https:\/\/www.lebens-qi.at\/qishop\/wp-json\/wp\/v2\/product_brand?post=1149"},{"taxonomy":"product_cat","embeddable":true,"href":"https:\/\/www.lebens-qi.at\/qishop\/wp-json\/wp\/v2\/product_cat?post=1149"},{"taxonomy":"product_tag","embeddable":true,"href":"https:\/\/www.lebens-qi.at\/qishop\/wp-json\/wp\/v2\/product_tag?post=1149"}],"curies":[{"name":"wp","href":"https:\/\/api.w.org\/{rel}","templated":true}]}}