{"id":11514,"date":"2025-01-17T10:55:48","date_gmt":"2025-01-17T09:55:48","guid":{"rendered":"https:\/\/www.lebens-qi.at\/qishop\/?post_type=product&#038;p=11514"},"modified":"2025-02-07T12:15:23","modified_gmt":"2025-02-07T11:15:23","slug":"7-chakra-smudge-bombs-sagrada-madre","status":"publish","type":"product","link":"https:\/\/www.lebens-qi.at\/qishop\/produkt\/7-chakra-smudge-bombs-sagrada-madre\/","title":{"rendered":"7 Chakras &#8211; Smudge Bombs Sagrada Madre"},"content":{"rendered":"<p><span class=\"_ap3a _aaco _aacu _aacx _aad7 _aade\" dir=\"auto\">Erwecke deine innere Balance und Regeneration mit den handgefertigten 7 Chakras Smudge Bombs von Sagrada Madre! Jedes dieser einzigartigen R\u00e4ucherwerke ist speziell darauf abgestimmt, ein bestimmtes Chakra zu reinigen und zu st\u00e4rken.<\/span><\/p>\n<p>F\u00fcr jedes Chakra die perfekte Mischung:<br \/>\nWurzelchakra: Instinkt \u2013 Styrax &amp; Kampfer<br \/>\nSakralchakra: Sexualit\u00e4t \u2013 Orange &amp; Rosmarin<br \/>\nNabelchakra: Kraft \u2013 Yagra &amp; Zimt<br \/>\nHerzchakra: Liebe \u2013 Lavendel &amp; Olibanum<br \/>\nHalschakra: <span class=\"_ap3a _aaco _aacu _aacx _aad7 _aade\" dir=\"auto\">Kommunikation \u2013 Myrrhe &amp; Olibanum<br \/>\nStirnchakra: Intuition \u2013 Benzoe &amp; Olibanum<br \/>\nKronenchakra: Transzendenz \u2013 Rose &amp; Olibanum<\/span><\/p>\n<p>Nat\u00fcrliche Qualit\u00e4t:<br \/>\nHandgefertigt in Argentinien aus Weihrauchharz, Lavendel, Pinienholz und Salz \u2013 verklebt mit einem pflanzlichen Bindemittel.<\/p>\n<p>Langanhaltender Genuss:<br \/>\nJedes Paket enth\u00e4lt 7 Smudges, die etwa 8 Minuten brennen und weitere 10\u201315 Minuten glimmen \u2013 ideal f\u00fcr Meditation oder eine wohltuende Auszeit.<\/p>\n<p>Reinige, regeneriere und finde zu deiner inneren Harmonie mit den Sagrada Madre 7 Chakra Smudge Bombs!<\/p>\n<p><strong>Wie verwende ich die Premium-Smudge Bombs von Sagrada Madre?<\/strong><br \/>\nDie Anwendung ist der von R\u00e4ucherkegeln \u00e4hnlich. Smudgebomb anz\u00fcnden und in einen nicht brennbaren Beh\u00e4lter etc. legen.<br \/>\nDanach blasen Sie die Flamme vorsichtig aus, bis nur noch Rauch aus der Smudgebombe austritt.<\/p>\n<p>Beginnen Sie bei geschlossenen Fenstern damit, das Haus, den Raum oder den Bereich Ihrer Wahl zu r\u00e4uchern, und achten Sie besonders auf die Ecken des Raums.<br \/>\nWenn der Rauch der R\u00e4ucherbombe abgeklungen ist, lassen Sie die Reste vollst\u00e4ndig abk\u00fchlen, bevor Sie diese entsorgen. \u00d6ffnen Sie die Fenster und l\u00fcften Sie gut.<br \/>\nWenn Sie empfindliche Atemwege haben oder ein Rauchmelder im Zimmer vorhanden ist, wird empfohlen, die Fenster w\u00e4hrend des Ausr\u00e4ucherns offen zu halten.<\/p>\n<p><strong>Sagrada Madre<\/strong><br \/>\nSagrada Madre bedeutet \u201eHeilige Mutter\u201c, Pancha Mama, und dieser Name spiegelt wider, wie bei der Herstellung mit den Ressourcen der Erde umgegangen wird. Das R\u00e4ucherwerk von Sagrada Madre zeichnet sich durch die Verwendung von Fruchtbiomasse als nachhaltige Alternative zu Holzkohle aus, wodurch die Umweltbelastung deutlich reduziert wird. Alle Sagrada Madre-R\u00e4uchervarianten werden sorgf\u00e4ltig in attraktiven Naturverpackungen verpackt, um die Umwelt so wenig wie m\u00f6glich zu belasten.<\/p>\n","protected":false},"excerpt":{"rendered":"<p>7 verschiedene R\u00e4ucherbomben f\u00fcr die Chakren<\/p>\n","protected":false},"featured_media":11515,"comment_status":"open","ping_status":"closed","template":"","meta":{"_links_to":"","_links_to_target":""},"pwb-brand":[2511],"product_brand":[],"product_cat":[2523],"product_tag":[2261,386,225,2514,2525,227,2513,2524,403],"class_list":{"0":"post-11514","1":"product","2":"type-product","3":"status-publish","4":"has-post-thumbnail","6":"pwb-brand-sagrada-madre","7":"product_cat-smudge-bombs","8":"product_tag-chakras","9":"product_tag-kampfer","10":"product_tag-lavendel","11":"product_tag-pancha-mama","12":"product_tag-raeucherbomben","13":"product_tag-rose","14":"product_tag-sagrada-madre","15":"product_tag-smudge-bombs","16":"product_tag-weihrauch","17":"pa_herkunft-argentinien","19":"first","20":"instock","21":"taxable","22":"shipping-taxable","23":"purchasable","24":"product-type-simple"},"blog_post_layout_featured_media_urls":{"thumbnail":["https:\/\/www.lebens-qi.at\/qishop\/wp-content\/uploads\/7132-chakra-smudge-bombs-150x150.jpg",150,150,true],"full":["https:\/\/www.lebens-qi.at\/qishop\/wp-content\/uploads\/7132-chakra-smudge-bombs.jpg",800,800,false]},"categories":["2511"],"categories_names":{"2511":{"name":"Sagrada Madre","link":"https:\/\/www.lebens-qi.at\/qishop\/brand\/sagrada-madre\/"}},"comments_number":"0","brands":[{"id":2511,"name":"Sagrada Madre","slug":"sagrada-madre"}],"_links":{"self":[{"href":"https:\/\/www.lebens-qi.at\/qishop\/wp-json\/wp\/v2\/product\/11514","targetHints":{"allow":["GET"]}}],"collection":[{"href":"https:\/\/www.lebens-qi.at\/qishop\/wp-json\/wp\/v2\/product"}],"about":[{"href":"https:\/\/www.lebens-qi.at\/qishop\/wp-json\/wp\/v2\/types\/product"}],"replies":[{"embeddable":true,"href":"https:\/\/www.lebens-qi.at\/qishop\/wp-json\/wp\/v2\/comments?post=11514"}],"wp:featuredmedia":[{"embeddable":true,"href":"https:\/\/www.lebens-qi.at\/qishop\/wp-json\/wp\/v2\/media\/11515"}],"wp:attachment":[{"href":"https:\/\/www.lebens-qi.at\/qishop\/wp-json\/wp\/v2\/media?parent=11514"}],"wp:term":[{"taxonomy":"pwb-brand","embeddable":true,"href":"https:\/\/www.lebens-qi.at\/qishop\/wp-json\/wp\/v2\/pwb-brand?post=11514"},{"taxonomy":"product_brand","embeddable":true,"href":"https:\/\/www.lebens-qi.at\/qishop\/wp-json\/wp\/v2\/product_brand?post=11514"},{"taxonomy":"product_cat","embeddable":true,"href":"https:\/\/www.lebens-qi.at\/qishop\/wp-json\/wp\/v2\/product_cat?post=11514"},{"taxonomy":"product_tag","embeddable":true,"href":"https:\/\/www.lebens-qi.at\/qishop\/wp-json\/wp\/v2\/product_tag?post=11514"}],"curies":[{"name":"wp","href":"https:\/\/api.w.org\/{rel}","templated":true}]}}