{"id":11560,"date":"2025-01-21T00:03:15","date_gmt":"2025-01-20T23:03:15","guid":{"rendered":"https:\/\/www.lebens-qi.at\/qishop\/?post_type=product&#038;p=11560"},"modified":"2025-01-21T10:33:34","modified_gmt":"2025-01-21T09:33:34","slug":"jinkoh-eiju-japanische-raeucherstaebchen","status":"publish","type":"product","link":"https:\/\/www.lebens-qi.at\/qishop\/produkt\/jinkoh-eiju-japanische-raeucherstaebchen\/","title":{"rendered":"Jinkoh Eiju &#8211; japanische R\u00e4ucherst\u00e4bchen"},"content":{"rendered":"<p><b>Jinkoh Eiju<\/b><\/p>\n<p>Japanische R\u00e4ucherst\u00e4bchen mit starkem Aloeholzduft, seit ewigen Zeiten hoch gesch\u00e4tzt, mit einem Hauch von aromatischem Patchouli und harmonisierendem Sandelholz.<\/p>\n<p><b>Lieferumfang: <\/b>1 Packung \u00e0 ca. 24 g &#8211; 50 St\u00fcck R\u00e4ucherst\u00e4bchen<br \/>\n<b>Brenndauer: <\/b>ca. 30 min pro Stick<\/p>\n<p><b>Nippon Kodo<br \/>\n<\/b><\/p>\n<p>Japanische R\u00e4ucherst\u00e4bchen in besonderer Qualit\u00e4t &#8211; sehr zart und einfach einzigartig. Da japanische R\u00e4ucherst\u00e4bchen sehr d\u00fcnn sind und <strong>keinen Bambuskern<\/strong> haben, verwenden Sie daf\u00fcr bitte St\u00e4bchenhalter, die f\u00fcr diese R\u00e4ucherst\u00e4bchen geeignet sind.<\/p>\n<p>&nbsp;<\/p>\n","protected":false},"excerpt":{"rendered":"<p>Aloeholz mit Patchouli &amp; Sandelholz<\/p>\n","protected":false},"featured_media":11561,"comment_status":"open","ping_status":"closed","template":"","meta":{"_links_to":"","_links_to_target":""},"pwb-brand":[2530],"product_brand":[],"product_cat":[687],"product_tag":[927,2500,1167,686,232,466,680,228],"class_list":{"0":"post-11560","1":"product","2":"type-product","3":"status-publish","4":"has-post-thumbnail","6":"pwb-brand-nippon-kodo","7":"product_cat-japanische-raeucherstaebchen","8":"product_tag-agarholz","9":"product_tag-aloeholz","10":"product_tag-japan","11":"product_tag-ohne-bambusstaebchen","12":"product_tag-patchouli","13":"product_tag-raeuchern","14":"product_tag-raeucherstaebchen","15":"product_tag-sandelholz","17":"first","18":"instock","19":"taxable","20":"shipping-taxable","21":"purchasable","22":"product-type-simple"},"blog_post_layout_featured_media_urls":{"thumbnail":["https:\/\/www.lebens-qi.at\/qishop\/wp-content\/uploads\/98183-150x150.jpg",150,150,true],"full":["https:\/\/www.lebens-qi.at\/qishop\/wp-content\/uploads\/98183.jpg",800,800,false]},"categories":["2530"],"categories_names":{"2530":{"name":"Nippon Kodo","link":"https:\/\/www.lebens-qi.at\/qishop\/brand\/nippon-kodo\/"}},"comments_number":"0","brands":[{"id":2530,"name":"Nippon Kodo","slug":"nippon-kodo"}],"_links":{"self":[{"href":"https:\/\/www.lebens-qi.at\/qishop\/wp-json\/wp\/v2\/product\/11560","targetHints":{"allow":["GET"]}}],"collection":[{"href":"https:\/\/www.lebens-qi.at\/qishop\/wp-json\/wp\/v2\/product"}],"about":[{"href":"https:\/\/www.lebens-qi.at\/qishop\/wp-json\/wp\/v2\/types\/product"}],"replies":[{"embeddable":true,"href":"https:\/\/www.lebens-qi.at\/qishop\/wp-json\/wp\/v2\/comments?post=11560"}],"wp:featuredmedia":[{"embeddable":true,"href":"https:\/\/www.lebens-qi.at\/qishop\/wp-json\/wp\/v2\/media\/11561"}],"wp:attachment":[{"href":"https:\/\/www.lebens-qi.at\/qishop\/wp-json\/wp\/v2\/media?parent=11560"}],"wp:term":[{"taxonomy":"pwb-brand","embeddable":true,"href":"https:\/\/www.lebens-qi.at\/qishop\/wp-json\/wp\/v2\/pwb-brand?post=11560"},{"taxonomy":"product_brand","embeddable":true,"href":"https:\/\/www.lebens-qi.at\/qishop\/wp-json\/wp\/v2\/product_brand?post=11560"},{"taxonomy":"product_cat","embeddable":true,"href":"https:\/\/www.lebens-qi.at\/qishop\/wp-json\/wp\/v2\/product_cat?post=11560"},{"taxonomy":"product_tag","embeddable":true,"href":"https:\/\/www.lebens-qi.at\/qishop\/wp-json\/wp\/v2\/product_tag?post=11560"}],"curies":[{"name":"wp","href":"https:\/\/api.w.org\/{rel}","templated":true}]}}