{"id":11568,"date":"2025-01-21T00:26:40","date_gmt":"2025-01-20T23:26:40","guid":{"rendered":"https:\/\/www.lebens-qi.at\/qishop\/?post_type=product&#038;p=11568"},"modified":"2025-08-29T10:18:24","modified_gmt":"2025-08-29T08:18:24","slug":"bzakudan-eiju-japanische-raeucherstaebchen","status":"publish","type":"product","link":"https:\/\/www.lebens-qi.at\/qishop\/produkt\/bzakudan-eiju-japanische-raeucherstaebchen\/","title":{"rendered":"Bzakudan Eiju &#8211; japanische R\u00e4ucherst\u00e4bchen"},"content":{"rendered":"<p><b>Bzakudan Eiju<\/b><\/p>\n<p>Eine der wichtigsten Sorten duftenden Holzes ist Sandelholz, bekannt f\u00fcr seinen s\u00fc\u00dfen und intensiven Duft. Es wird ihm beruhigende und sch\u00fctzende Wirkung zugesprochen. Byakudan Eiju wird vorzugsweise von qualitativ hochwertigem indischen Sandelholz hergestellt, angereichert mit Kr\u00e4utern, die ihm einen runden Duft verleihen.<\/p>\n<p><b>Lieferumfang: <\/b>1 Packung \u00e0 ca. 24 g &#8211; 50 St\u00fcck R\u00e4ucherst\u00e4bchen<br \/>\n<b>Brenndauer: <\/b>ca. 30 min pro Stick<\/p>\n<p><b>Nippon Kodo<br \/>\n<\/b><\/p>\n<p>Japanische R\u00e4ucherst\u00e4bchen in besonderer Qualit\u00e4t &#8211; sehr zart und einfach einzigartig. Da japanische R\u00e4ucherst\u00e4bchen sehr d\u00fcnn sind und <strong>keinen Bambuskern<\/strong> haben, verwenden Sie daf\u00fcr bitte St\u00e4bchenhalter, die f\u00fcr diese R\u00e4ucherst\u00e4bchen geeignet sind.<\/p>\n<p>&nbsp;<\/p>\n","protected":false},"excerpt":{"rendered":"<p>Sandelholz mit Kr\u00e4utern<\/p>\n","protected":false},"featured_media":11569,"comment_status":"open","ping_status":"closed","template":"","meta":{"_links_to":"","_links_to_target":""},"pwb-brand":[2530],"product_brand":[],"product_cat":[687],"product_tag":[1167,306,686,466,680,228],"class_list":{"0":"post-11568","1":"product","2":"type-product","3":"status-publish","4":"has-post-thumbnail","6":"pwb-brand-nippon-kodo","7":"product_cat-japanische-raeucherstaebchen","8":"product_tag-japan","9":"product_tag-kraeuter","10":"product_tag-ohne-bambusstaebchen","11":"product_tag-raeuchern","12":"product_tag-raeucherstaebchen","13":"product_tag-sandelholz","15":"first","16":"instock","17":"taxable","18":"shipping-taxable","19":"purchasable","20":"product-type-simple"},"blog_post_layout_featured_media_urls":{"thumbnail":["https:\/\/www.lebens-qi.at\/qishop\/wp-content\/uploads\/98408-150x150.jpg",150,150,true],"full":["https:\/\/www.lebens-qi.at\/qishop\/wp-content\/uploads\/98408.jpg",800,800,false]},"categories":["2530"],"categories_names":{"2530":{"name":"Nippon Kodo","link":"https:\/\/www.lebens-qi.at\/qishop\/brand\/nippon-kodo\/"}},"comments_number":"0","brands":[{"id":2530,"name":"Nippon Kodo","slug":"nippon-kodo"}],"_links":{"self":[{"href":"https:\/\/www.lebens-qi.at\/qishop\/wp-json\/wp\/v2\/product\/11568","targetHints":{"allow":["GET"]}}],"collection":[{"href":"https:\/\/www.lebens-qi.at\/qishop\/wp-json\/wp\/v2\/product"}],"about":[{"href":"https:\/\/www.lebens-qi.at\/qishop\/wp-json\/wp\/v2\/types\/product"}],"replies":[{"embeddable":true,"href":"https:\/\/www.lebens-qi.at\/qishop\/wp-json\/wp\/v2\/comments?post=11568"}],"wp:featuredmedia":[{"embeddable":true,"href":"https:\/\/www.lebens-qi.at\/qishop\/wp-json\/wp\/v2\/media\/11569"}],"wp:attachment":[{"href":"https:\/\/www.lebens-qi.at\/qishop\/wp-json\/wp\/v2\/media?parent=11568"}],"wp:term":[{"taxonomy":"pwb-brand","embeddable":true,"href":"https:\/\/www.lebens-qi.at\/qishop\/wp-json\/wp\/v2\/pwb-brand?post=11568"},{"taxonomy":"product_brand","embeddable":true,"href":"https:\/\/www.lebens-qi.at\/qishop\/wp-json\/wp\/v2\/product_brand?post=11568"},{"taxonomy":"product_cat","embeddable":true,"href":"https:\/\/www.lebens-qi.at\/qishop\/wp-json\/wp\/v2\/product_cat?post=11568"},{"taxonomy":"product_tag","embeddable":true,"href":"https:\/\/www.lebens-qi.at\/qishop\/wp-json\/wp\/v2\/product_tag?post=11568"}],"curies":[{"name":"wp","href":"https:\/\/api.w.org\/{rel}","templated":true}]}}