{"id":1157,"date":"2024-02-15T22:53:28","date_gmt":"2024-02-15T21:53:28","guid":{"rendered":"https:\/\/www.lebens-qi.at\/qishop\/produkt\/rosenseife-aus-der-provence\/"},"modified":"2025-10-20T16:37:40","modified_gmt":"2025-10-20T14:37:40","slug":"rosenseife-aus-der-provence","status":"publish","type":"product","link":"https:\/\/www.lebens-qi.at\/qishop\/produkt\/rosenseife-aus-der-provence\/","title":{"rendered":"Rosenseife aus der Provence"},"content":{"rendered":"<p><b>Besonders sanfte Seife mit Rosenduft und s\u00fc\u00dfem Mandel\u00f6l<\/b><br \/>aus der Provence<br \/>Gewicht: 100 g<\/p>\n<p>Entdecken Sie einen tollen Klassiker unter den Seifend\u00fcften: die Rosenseife, die alle Liebhaber:innen blumiger D\u00fcfte verf\u00fchren wird. Der cremige Schaum dieser besonders sanften Rosenseife sorgt f\u00fcr einen intensiven Duft auf Ihrer Haut. Die Rosenduftseife ist aus pflanzlichem Glyzerin, angereichert mit pflegendem, feutigkeitsspendenden Mandel\u00f6l &#8211; geeignet zur Pflege von H\u00e4nden, Gesicht und K\u00f6rper.<\/p>\n<p><b>Le Chatelard 1802 Seifen<\/b><br \/>Diese Seifen werden ausschlie\u00dflich in der Werkstatt in St. Auban sur Ouv\u00e8ze in der Provence in Frankreich hergestellt. Weil diese Seifen pH-neutral sind, trocknen sie die Haut nicht aus und machen sie besonders weich. <\/p>\n<p><b>Spezifikationen:<\/b><br \/>\u2022 72% pflanzliche \u00d6le<br \/>\u2022 pH neutrale Formel<br \/>\u2022 100% biologisch abbaubar  <br \/>\u2022 Trocknet die Haut nicht aus<br \/>\u2022 Nicht an Tieren getestet<\/p>\n<p><b><em>Inhaltsstoffe (INCI): <\/b><br \/>Sodium palmate, Sodium palm kernelate, Aqua, Glycerin, Parfum, Palm kernel acid, Sodium chloride, Prunus amygdalus dulcis oil, Tetrasodium etidronate, Tetrasodium edta, Citronellol, Linalool, Alpha-isomethyl ionone, Diethylhexyl sodium sulfosuccinate, CI 12490<\/p>\n","protected":false},"excerpt":{"rendered":"<p>aus der Werkstatt in St. Auban sur Ouv\u00e8ze<\/p>\n","protected":false},"featured_media":1156,"comment_status":"open","ping_status":"closed","template":"","meta":{"_links_to":"","_links_to_target":""},"pwb-brand":[262],"product_brand":[],"product_cat":[221],"product_tag":[227,224],"class_list":{"0":"post-1157","1":"product","2":"type-product","3":"status-publish","4":"has-post-thumbnail","6":"pwb-brand-le-chatelard-1802","7":"product_cat-seifen","8":"product_tag-rose","9":"product_tag-seife","11":"first","12":"instock","13":"taxable","14":"shipping-taxable","15":"purchasable","16":"product-type-simple"},"blog_post_layout_featured_media_urls":{"thumbnail":["https:\/\/www.lebens-qi.at\/qishop\/wp-content\/uploads\/25210-150x150.jpg",150,150,true],"full":["https:\/\/www.lebens-qi.at\/qishop\/wp-content\/uploads\/25210.jpg",800,800,false]},"categories":["262"],"categories_names":{"262":{"name":"Le Chatelard 1802","link":"https:\/\/www.lebens-qi.at\/qishop\/brand\/le-chatelard-1802\/"}},"comments_number":"0","brands":[{"id":262,"name":"Le Chatelard 1802","slug":"le-chatelard-1802"}],"_links":{"self":[{"href":"https:\/\/www.lebens-qi.at\/qishop\/wp-json\/wp\/v2\/product\/1157","targetHints":{"allow":["GET"]}}],"collection":[{"href":"https:\/\/www.lebens-qi.at\/qishop\/wp-json\/wp\/v2\/product"}],"about":[{"href":"https:\/\/www.lebens-qi.at\/qishop\/wp-json\/wp\/v2\/types\/product"}],"replies":[{"embeddable":true,"href":"https:\/\/www.lebens-qi.at\/qishop\/wp-json\/wp\/v2\/comments?post=1157"}],"wp:featuredmedia":[{"embeddable":true,"href":"https:\/\/www.lebens-qi.at\/qishop\/wp-json\/wp\/v2\/media\/1156"}],"wp:attachment":[{"href":"https:\/\/www.lebens-qi.at\/qishop\/wp-json\/wp\/v2\/media?parent=1157"}],"wp:term":[{"taxonomy":"pwb-brand","embeddable":true,"href":"https:\/\/www.lebens-qi.at\/qishop\/wp-json\/wp\/v2\/pwb-brand?post=1157"},{"taxonomy":"product_brand","embeddable":true,"href":"https:\/\/www.lebens-qi.at\/qishop\/wp-json\/wp\/v2\/product_brand?post=1157"},{"taxonomy":"product_cat","embeddable":true,"href":"https:\/\/www.lebens-qi.at\/qishop\/wp-json\/wp\/v2\/product_cat?post=1157"},{"taxonomy":"product_tag","embeddable":true,"href":"https:\/\/www.lebens-qi.at\/qishop\/wp-json\/wp\/v2\/product_tag?post=1157"}],"curies":[{"name":"wp","href":"https:\/\/api.w.org\/{rel}","templated":true}]}}