{"id":1159,"date":"2024-02-15T22:53:28","date_gmt":"2024-02-15T21:53:28","guid":{"rendered":"https:\/\/www.lebens-qi.at\/qishop\/produkt\/eisenkrautseife-aus-der-provence\/"},"modified":"2025-02-20T16:10:48","modified_gmt":"2025-02-20T15:10:48","slug":"eisenkrautseife-aus-der-provence","status":"publish","type":"product","link":"https:\/\/www.lebens-qi.at\/qishop\/produkt\/eisenkrautseife-aus-der-provence\/","title":{"rendered":"Eisenkrautseife aus der Provence"},"content":{"rendered":"<p><b>Besonders sanfte Seife mit Eisenkrautbl\u00e4ttern und s\u00fc\u00dfem Mandel\u00f6l<\/b><br \/>\naus der Provence<br \/>\nGewicht: 100 g<\/p>\n<p>Diese Seife mit Eisenkrautbl\u00e4ttern ist aus der Kollektion &#8222;Provence&#8220; und verleiht Ihrer Haut einen intensiven Duft. Wellness im Badezimmer &#8211; wenn Sie Ihre Haut mit dieser Seife pflegen und sie gleichzeitig mit dem prickelnden und belebenden Duft von Eisenkraut beduften k\u00f6nnen. Diese Seife ist aus pflanzlichem Glyzerin, angereichert mit pflegendem, feutigkeitsspendenden Mandel\u00f6l &#8211; geeignet zur t\u00e4glichen Pflege von H\u00e4nden, Gesicht und K\u00f6rper. Dank der enthaltenen Eisenkrautbl\u00e4tter gibt es gleichzeitig einen sanften Peelingeffekt.<\/p>\n<p><b><\/p>\n<p>Le Chatelard 1802 Seifen<\/b><br \/>\nDiese Seifen werden ausschlie\u00dflich in der Werkstatt in St. Auban sur Ouv\u00e8ze in der Provence in Frankreich hergestellt. Weil diese Seifen pH-neutral sind, trocknen sie die Haut nicht aus und machen sie besonders weich. <\/p>\n<p><b><br \/>\nSpezifikationen:<\/b><br \/>\n\u2022 72% pflanzliche \u00d6le<br \/>\n\u2022 pH neutrale Formel<br \/>\n\u2022 100% biologisch abbaubar  <br \/>\n\u2022 Trocknet die Haut nicht aus<br \/>\n\u2022 Nicht an Tieren getestet<\/p>\n<p><b><br \/>\n<em>Inhaltsstoffe (INCI): <\/b><br \/>Sodium palmate, Sodium palm kernelate, Aqua, Glycerin, Parfum, Palm kernel acid, Sodium chloride, Verbena odorata leaf, Prunus amygdalus dulcis oil, Tetrasodium edta, Tetrasodium etidronate, Citral, Dextro-Limonene, Geraniol, Linalool, CI 77891, CI 74260<\/p>\n","protected":false},"excerpt":{"rendered":"<p>aus der Werkstatt in St. Auban sur Ouv\u00e8ze<\/p>\n","protected":false},"featured_media":1158,"comment_status":"open","ping_status":"closed","template":"","meta":{"_links_to":"","_links_to_target":""},"pwb-brand":[262],"product_brand":[],"product_cat":[221],"product_tag":[230,224,231],"class_list":{"0":"post-1159","1":"product","2":"type-product","3":"status-publish","4":"has-post-thumbnail","6":"pwb-brand-le-chatelard-1802","7":"product_cat-seifen","8":"product_tag-eisenkraut","9":"product_tag-seife","10":"product_tag-verbene","12":"first","13":"instock","14":"taxable","15":"shipping-taxable","16":"purchasable","17":"product-type-simple"},"blog_post_layout_featured_media_urls":{"thumbnail":["https:\/\/www.lebens-qi.at\/qishop\/wp-content\/uploads\/02527-150x150.jpg",150,150,true],"full":["https:\/\/www.lebens-qi.at\/qishop\/wp-content\/uploads\/02527.jpg",800,800,false]},"categories":["262"],"categories_names":{"262":{"name":"Le Chatelard 1802","link":"https:\/\/www.lebens-qi.at\/qishop\/brand\/le-chatelard-1802\/"}},"comments_number":"0","brands":[{"id":262,"name":"Le Chatelard 1802","slug":"le-chatelard-1802"}],"_links":{"self":[{"href":"https:\/\/www.lebens-qi.at\/qishop\/wp-json\/wp\/v2\/product\/1159","targetHints":{"allow":["GET"]}}],"collection":[{"href":"https:\/\/www.lebens-qi.at\/qishop\/wp-json\/wp\/v2\/product"}],"about":[{"href":"https:\/\/www.lebens-qi.at\/qishop\/wp-json\/wp\/v2\/types\/product"}],"replies":[{"embeddable":true,"href":"https:\/\/www.lebens-qi.at\/qishop\/wp-json\/wp\/v2\/comments?post=1159"}],"wp:featuredmedia":[{"embeddable":true,"href":"https:\/\/www.lebens-qi.at\/qishop\/wp-json\/wp\/v2\/media\/1158"}],"wp:attachment":[{"href":"https:\/\/www.lebens-qi.at\/qishop\/wp-json\/wp\/v2\/media?parent=1159"}],"wp:term":[{"taxonomy":"pwb-brand","embeddable":true,"href":"https:\/\/www.lebens-qi.at\/qishop\/wp-json\/wp\/v2\/pwb-brand?post=1159"},{"taxonomy":"product_brand","embeddable":true,"href":"https:\/\/www.lebens-qi.at\/qishop\/wp-json\/wp\/v2\/product_brand?post=1159"},{"taxonomy":"product_cat","embeddable":true,"href":"https:\/\/www.lebens-qi.at\/qishop\/wp-json\/wp\/v2\/product_cat?post=1159"},{"taxonomy":"product_tag","embeddable":true,"href":"https:\/\/www.lebens-qi.at\/qishop\/wp-json\/wp\/v2\/product_tag?post=1159"}],"curies":[{"name":"wp","href":"https:\/\/api.w.org\/{rel}","templated":true}]}}