{"id":11686,"date":"2025-01-24T13:39:18","date_gmt":"2025-01-24T12:39:18","guid":{"rendered":"https:\/\/www.lebens-qi.at\/qishop\/?post_type=product&#038;p=11686"},"modified":"2025-02-22T10:06:02","modified_gmt":"2025-02-22T09:06:02","slug":"kleines-specksteinschaelchen-mit-deckel","status":"publish","type":"product","link":"https:\/\/www.lebens-qi.at\/qishop\/produkt\/kleines-specksteinschaelchen-mit-deckel\/","title":{"rendered":"Kleines Specksteinsch\u00e4lchen mit Deckel"},"content":{"rendered":"<p class=\"product--title\"><strong>Steind\u00f6schen mit durchbrochenem Deckel<\/strong><\/p>\n<p>R\u00e4uchersch\u00e4lchen aus Speckstein mit durchbrochenem Deckel. Zum Aufbewahren von kleinen Sch\u00e4tzen, als R\u00e4ucherkegelhalter oder zum Abbrennen von Smudge Bombs.<\/p>\n<p>Material: Speckstein<br \/>\nGr\u00f6\u00dfe: ca. 6 cm hoch, \u00d8 ca. 5 cm<\/p>\n<p><em>Achtung! Bei Speckstein handelt es sich um ein Naturprodukt mit teilweise sehr gro\u00dfen Farbunterschieden! R\u00e4ucherkegel im Lieferumfang nicht enthalten, bitte gleich mitbestellen!<br \/>\n<\/em><\/p>\n","protected":false},"excerpt":{"rendered":"<p>f\u00fcr kleine Kostbarkeiten<\/p>\n","protected":false},"featured_media":11687,"comment_status":"open","ping_status":"closed","template":"","meta":{"_links_to":"","_links_to_target":""},"pwb-brand":[307],"product_brand":[],"product_cat":[737],"product_tag":[730,616,701,592],"class_list":{"0":"post-11686","1":"product","2":"type-product","3":"status-publish","4":"has-post-thumbnail","6":"pwb-brand-berk","7":"product_cat-kegelhalter","8":"product_tag-halter","9":"product_tag-raeucherdose","10":"product_tag-raeucherkegel","11":"product_tag-speckstein","13":"first","14":"instock","15":"taxable","16":"shipping-taxable","17":"purchasable","18":"product-type-simple"},"blog_post_layout_featured_media_urls":{"thumbnail":["https:\/\/www.lebens-qi.at\/qishop\/wp-content\/uploads\/KH-335_6-kegeldoeschen-150x150.jpg",150,150,true],"full":["https:\/\/www.lebens-qi.at\/qishop\/wp-content\/uploads\/KH-335_6-kegeldoeschen.jpg",456,456,false]},"categories":["307"],"categories_names":{"307":{"name":"Berk","link":"https:\/\/www.lebens-qi.at\/qishop\/brand\/berk\/"}},"comments_number":"0","brands":[{"id":307,"name":"Berk","slug":"berk"}],"_links":{"self":[{"href":"https:\/\/www.lebens-qi.at\/qishop\/wp-json\/wp\/v2\/product\/11686","targetHints":{"allow":["GET"]}}],"collection":[{"href":"https:\/\/www.lebens-qi.at\/qishop\/wp-json\/wp\/v2\/product"}],"about":[{"href":"https:\/\/www.lebens-qi.at\/qishop\/wp-json\/wp\/v2\/types\/product"}],"replies":[{"embeddable":true,"href":"https:\/\/www.lebens-qi.at\/qishop\/wp-json\/wp\/v2\/comments?post=11686"}],"wp:featuredmedia":[{"embeddable":true,"href":"https:\/\/www.lebens-qi.at\/qishop\/wp-json\/wp\/v2\/media\/11687"}],"wp:attachment":[{"href":"https:\/\/www.lebens-qi.at\/qishop\/wp-json\/wp\/v2\/media?parent=11686"}],"wp:term":[{"taxonomy":"pwb-brand","embeddable":true,"href":"https:\/\/www.lebens-qi.at\/qishop\/wp-json\/wp\/v2\/pwb-brand?post=11686"},{"taxonomy":"product_brand","embeddable":true,"href":"https:\/\/www.lebens-qi.at\/qishop\/wp-json\/wp\/v2\/product_brand?post=11686"},{"taxonomy":"product_cat","embeddable":true,"href":"https:\/\/www.lebens-qi.at\/qishop\/wp-json\/wp\/v2\/product_cat?post=11686"},{"taxonomy":"product_tag","embeddable":true,"href":"https:\/\/www.lebens-qi.at\/qishop\/wp-json\/wp\/v2\/product_tag?post=11686"}],"curies":[{"name":"wp","href":"https:\/\/api.w.org\/{rel}","templated":true}]}}