{"id":1169,"date":"2024-02-15T22:53:37","date_gmt":"2024-02-15T21:53:37","guid":{"rendered":"https:\/\/www.lebens-qi.at\/qishop\/produkt\/aloe-veraseife-aus-der-provence\/"},"modified":"2025-02-20T16:10:46","modified_gmt":"2025-02-20T15:10:46","slug":"aloe-veraseife-aus-der-provence","status":"publish","type":"product","link":"https:\/\/www.lebens-qi.at\/qishop\/produkt\/aloe-veraseife-aus-der-provence\/","title":{"rendered":"Aloe Veraseife aus der Provence"},"content":{"rendered":"<p><b>Besonders sanfte Seife mit Aloe Vera und s\u00fc\u00dfem Mandel\u00f6l<\/b><br \/>aus der Provence<br \/>Gewicht: 100 g<\/p>\n<p>Diese besonders sanfte Seife mit Aloe Vera spendet Ihrer Haut Feuchtigkeit und verleiht Ihnen ein sofortiges Frischegef\u00fchl. Sie wird aus pflanzlichem Glyzerin hergestellt, pflegt Ihre Haut dank des enthaltenen s\u00fc\u00dfen Mandel\u00f6ls und hinterl\u00e4sst einen zarten Duft. <\/p>\n<p><b>Le Chatelard 1802 Seifen<\/b><br \/>Diese Seifen werden ausschlie\u00dflich in der Werkstatt in St. Auban sur Ouv\u00e8ze in der Provence in Frankreich hergestellt. Weil diese Seifen pH-neutral sind, trocknen sie die Haut nicht aus und machen sie besonders weich. <\/p>\n<p><b>Spezifikationen:<\/b><br \/>\u2022 72% pflanzliche \u00d6le<br \/>\u2022 pH neutrale Formel<br \/>\u2022 100% biologisch abbaubar  <br \/>\u2022 Trocknet die Haut nicht aus<br \/>\u2022 Nicht an Tieren getestet<\/p>\n<p><b><em>Inhaltsstoffe (INCI): <\/b><br \/>Sodium palmate, Sodium palm kernelate, Aqua, Glycerin, Parfum, Palm kernel acid, Sodium chloride, Aloe barbadensis leaf powder, Prunus amygdalus dulcis oil, Tetrasodium etidronate, Tetrasodium edta, Dextro-Limonene, Alpha-Hexyl cinnamaldehyde, Alpha-Amyl cinnamaldehyde, Benzyl salicylate, Linalool, Citral, CI 77288<\/p>\n","protected":false},"excerpt":{"rendered":"<p>aus der Werkstatt in St. Auban sur Ouv\u00e8ze<\/p>\n","protected":false},"featured_media":1168,"comment_status":"open","ping_status":"closed","template":"","meta":{"_links_to":"","_links_to_target":""},"pwb-brand":[262],"product_brand":[],"product_cat":[221],"product_tag":[236,224],"class_list":{"0":"post-1169","1":"product","2":"type-product","3":"status-publish","4":"has-post-thumbnail","6":"pwb-brand-le-chatelard-1802","7":"product_cat-seifen","8":"product_tag-aloe-vera","9":"product_tag-seife","11":"first","12":"instock","13":"taxable","14":"shipping-taxable","15":"purchasable","16":"product-type-simple"},"blog_post_layout_featured_media_urls":{"thumbnail":["https:\/\/www.lebens-qi.at\/qishop\/wp-content\/uploads\/02521-150x150.jpg",150,150,true],"full":["https:\/\/www.lebens-qi.at\/qishop\/wp-content\/uploads\/02521.jpg",800,800,false]},"categories":["262"],"categories_names":{"262":{"name":"Le Chatelard 1802","link":"https:\/\/www.lebens-qi.at\/qishop\/brand\/le-chatelard-1802\/"}},"comments_number":"0","brands":[{"id":262,"name":"Le Chatelard 1802","slug":"le-chatelard-1802"}],"_links":{"self":[{"href":"https:\/\/www.lebens-qi.at\/qishop\/wp-json\/wp\/v2\/product\/1169","targetHints":{"allow":["GET"]}}],"collection":[{"href":"https:\/\/www.lebens-qi.at\/qishop\/wp-json\/wp\/v2\/product"}],"about":[{"href":"https:\/\/www.lebens-qi.at\/qishop\/wp-json\/wp\/v2\/types\/product"}],"replies":[{"embeddable":true,"href":"https:\/\/www.lebens-qi.at\/qishop\/wp-json\/wp\/v2\/comments?post=1169"}],"wp:featuredmedia":[{"embeddable":true,"href":"https:\/\/www.lebens-qi.at\/qishop\/wp-json\/wp\/v2\/media\/1168"}],"wp:attachment":[{"href":"https:\/\/www.lebens-qi.at\/qishop\/wp-json\/wp\/v2\/media?parent=1169"}],"wp:term":[{"taxonomy":"pwb-brand","embeddable":true,"href":"https:\/\/www.lebens-qi.at\/qishop\/wp-json\/wp\/v2\/pwb-brand?post=1169"},{"taxonomy":"product_brand","embeddable":true,"href":"https:\/\/www.lebens-qi.at\/qishop\/wp-json\/wp\/v2\/product_brand?post=1169"},{"taxonomy":"product_cat","embeddable":true,"href":"https:\/\/www.lebens-qi.at\/qishop\/wp-json\/wp\/v2\/product_cat?post=1169"},{"taxonomy":"product_tag","embeddable":true,"href":"https:\/\/www.lebens-qi.at\/qishop\/wp-json\/wp\/v2\/product_tag?post=1169"}],"curies":[{"name":"wp","href":"https:\/\/api.w.org\/{rel}","templated":true}]}}