{"id":1171,"date":"2024-02-15T22:53:38","date_gmt":"2024-02-15T21:53:38","guid":{"rendered":"https:\/\/www.lebens-qi.at\/qishop\/produkt\/kartoffel-handbalsam\/"},"modified":"2025-09-12T10:58:13","modified_gmt":"2025-09-12T08:58:13","slug":"kartoffel-handbalsam","status":"publish","type":"product","link":"https:\/\/www.lebens-qi.at\/qishop\/produkt\/kartoffel-handbalsam\/","title":{"rendered":"Kartoffel Handbalsam"},"content":{"rendered":"<p><b>Kartoffel Handbalsam &#8211; Ecocert nat.<\/b><\/p>\n<p>Kartoffel Handbalsam ist ein altes Hausmittel, erzeugt nach einem Waldviertler Bauernrezept, modern und schonend verarbeitet zu einer wertvollen Pflegecreme f\u00fcr raue, schrundige und pflegebed\u00fcrftige Haut. Zieht schnell ein ohne zu fetten. F\u00fcr Damen und Heren geeignet.<\/p>\n<p><b>Kartoffel Handbalsam &#8211; Intensive Pflege aus der Kraft der Kartoffel<\/b><\/p>\n<p>Im STYX Kartoffel Handbalsam wird hochkonzentrierter Kartoffel-Extrakt verarbeitet, der f\u00fcr Regenerierung und Gl\u00e4ttung trockener und rissiger H\u00e4nde sorgt.<\/p>\n<p>Schon um die Jahrhundertwende verwendeten die Bauern nach vollbrachter, harter Feldarbeit den Saft der rohen Kartoffel zur Pflege ihrer strapazierten H\u00e4nde. Die rohe Kartoffel enth\u00e4lt das Alkaloid Solanin, welches bekanntlich eine sehr positive Wirkung f\u00fcr die Pflege und Regeneration der Haut besitzt. Rissige und spr\u00f6de H\u00e4nde sowie F\u00fc\u00dfe erfahren einen Feuchtigkeitskick, der lang anh\u00e4lt und f\u00fcr Geschmeidigkeit sorgt.<\/p>\n<p>Neben den Wirkstoffen der rohen Kartoffel entfaltet das im Balsam enthaltene Vitamin A zus\u00e4tzlich pflegende Eigenschaften, vor allem auch bei schrundiger Haut. Kaltgepresste Pflanzen\u00f6le in Bio-Qualit\u00e4t und ein nat\u00fcrlicher Emulgator aus Weizen erm\u00f6glichen neben einer optimalen N\u00e4hrstoffversorgung ein tiefes Eindringen in die Haut.<\/p>\n<p>Der vegane und ECOCERT-zertifizierte Kartoffelhandbalsam eignet sich f\u00fcr alle Hauttypen, selbst bei gro\u00dfer Empfindlichkeit. <b>Die leichte Textur sorgt daf\u00fcr, dass der Balsam schnell einzieht, ohne zu fetten. <\/b>Vertrauen Sie jahrzehntelanger Tradition und \u00fcberliefertem Wissen!<\/p>\n<p><em><b>Inhaltsstoffe nach INCI (CTFA):<\/b><\/em><\/p>\n<p>AQUA (WATER), MACADAMIA TERNIFOLIA SEED OIL*, BUTYROSPERMUMPARKII (SHEA) BUTTER*, CETEARYL WHEAT STRAW GLYCOSIDES, GLYCERIN,CALENDULA OFFICINALIS (MARIGOLD) FLOWER OIL, CAPRYLIC\/CAPRICTRIGLYCERIDE, CETEARYL ALCOHOL, GLYCERYL STEARATE CITRATE, PARFUM\u00b9, SIMMONDSIA CHINENSIS (JOJOBA) SEED OIL*, SOLANUM TUBEROSUM (POTATO) EXTRACT, BENZYL ALCOHOL, SODIUM STEAROYL GLUTAMATE, CHAMOMILLA RECUTITA (CAMOMILE) EXTRACT, DEHYDROACETIC ACID, POTASSIUM SORBATE, SODIUM BENZOATE, LINALOOL, LIMONENE, COUMARIN, BENZYL BENZOATE, BENZYL CINNAMATE<\/p>\n<p>* Inhaltsstoffe aus kontrolliert biologischem Anbau<br \/>\n\u00b9Naturparfum<\/p>\n<p>Inhalt: 70 ml<\/p>\n<p>Die aufgef\u00fchrten Inhaltsstoffe entsprechen dem aktuellen Stand der Produktion. Da STYX regelm\u00e4\u00dfig neue wissenschaftliche Erkenntnisse in ihre Rezepturen einflie\u00dfen l\u00e4sst und die Formulierungen entsprechend \u00e4ndert, ist die jeweils auf der Packung ausgewiesene Angabe der Inhaltsstoffe ma\u00dfgeblich.<\/p>\n","protected":false},"excerpt":{"rendered":"<p>Intensive Pflege f\u00fcr pflegebed\u00fcrftige Haut<\/p>\n","protected":false},"featured_media":10344,"comment_status":"open","ping_status":"closed","template":"","meta":{"_links_to":"","_links_to_target":""},"pwb-brand":[263],"product_brand":[],"product_cat":[2153,220],"product_tag":[237,2148,92,238],"class_list":{"0":"post-1171","1":"product","2":"type-product","3":"status-publish","4":"has-post-thumbnail","6":"pwb-brand-styx","7":"product_cat-hand-fusspflege","8":"product_cat-natuerliche-pflege","9":"product_tag-handcreme","10":"product_tag-kartoffelbalsam","11":"product_tag-naturkosmetik","12":"product_tag-styx","14":"first","15":"instock","16":"taxable","17":"shipping-taxable","18":"purchasable","19":"product-type-simple"},"blog_post_layout_featured_media_urls":{"thumbnail":["https:\/\/www.lebens-qi.at\/qishop\/wp-content\/uploads\/55_1-kartoffel-handbalsam-150x150.jpg",150,150,true],"full":["https:\/\/www.lebens-qi.at\/qishop\/wp-content\/uploads\/55_1-kartoffel-handbalsam.jpg",800,800,false]},"categories":["263"],"categories_names":{"263":{"name":"STYX","link":"https:\/\/www.lebens-qi.at\/qishop\/brand\/styx\/"}},"comments_number":"0","brands":[{"id":263,"name":"STYX","slug":"styx"}],"_links":{"self":[{"href":"https:\/\/www.lebens-qi.at\/qishop\/wp-json\/wp\/v2\/product\/1171","targetHints":{"allow":["GET"]}}],"collection":[{"href":"https:\/\/www.lebens-qi.at\/qishop\/wp-json\/wp\/v2\/product"}],"about":[{"href":"https:\/\/www.lebens-qi.at\/qishop\/wp-json\/wp\/v2\/types\/product"}],"replies":[{"embeddable":true,"href":"https:\/\/www.lebens-qi.at\/qishop\/wp-json\/wp\/v2\/comments?post=1171"}],"wp:featuredmedia":[{"embeddable":true,"href":"https:\/\/www.lebens-qi.at\/qishop\/wp-json\/wp\/v2\/media\/10344"}],"wp:attachment":[{"href":"https:\/\/www.lebens-qi.at\/qishop\/wp-json\/wp\/v2\/media?parent=1171"}],"wp:term":[{"taxonomy":"pwb-brand","embeddable":true,"href":"https:\/\/www.lebens-qi.at\/qishop\/wp-json\/wp\/v2\/pwb-brand?post=1171"},{"taxonomy":"product_brand","embeddable":true,"href":"https:\/\/www.lebens-qi.at\/qishop\/wp-json\/wp\/v2\/product_brand?post=1171"},{"taxonomy":"product_cat","embeddable":true,"href":"https:\/\/www.lebens-qi.at\/qishop\/wp-json\/wp\/v2\/product_cat?post=1171"},{"taxonomy":"product_tag","embeddable":true,"href":"https:\/\/www.lebens-qi.at\/qishop\/wp-json\/wp\/v2\/product_tag?post=1171"}],"curies":[{"name":"wp","href":"https:\/\/api.w.org\/{rel}","templated":true}]}}