{"id":1175,"date":"2024-02-15T22:53:45","date_gmt":"2024-02-15T21:53:45","guid":{"rendered":"https:\/\/www.lebens-qi.at\/qishop\/produkt\/aloe-vera-gel-bio\/"},"modified":"2024-12-13T12:18:24","modified_gmt":"2024-12-13T11:18:24","slug":"aloe-vera-gel-bio","status":"publish","type":"product","link":"https:\/\/www.lebens-qi.at\/qishop\/produkt\/aloe-vera-gel-bio\/","title":{"rendered":"Aloe Vera Gel bio"},"content":{"rendered":"<p><b>Aloe Vera Gel BIO<\/b><\/p>\n<p>Dieses hochwertige Aloe Vera Gel \u00fcberzeugt durch seine regenerierenden, beruhigenden und ausgleichenden Eigenschaften. Aufgrund seiner sanften Wirkung ist es besonders gut geeignet f\u00fcr trockene, empfindliche aber auch ger\u00f6tete und gereizte Haut.<\/p>\n<p><b>Tipp:<\/b> Nach dem Sonnenbaden verwenden, um die beanspruchte Haut zu k\u00fchlen und zu pflegen.<\/p>\n<p>\u2022 Ursprungsland: Mexiko<br \/>\n\u2022 abgef\u00fcllt in Deutschland<br \/>\n\u2022 verwendeter Pflanzenteil: Bl\u00e4tter\/Filetierung<br \/>\n\u2022 kontrolliert biologischer Anbau<\/p>\n<p><b>Inhaltsstoffe nach INCI:<\/b><br \/>\n<em>Aloe barbadensis Leaf Extract in Water, Glycerin, Tocopherol (Vitamin E), Sodium Benzoate, Citric Acid, Xanthan Gum<\/p>\n<p><\/em><b>Inhalt:<\/b> 100 ml<\/p>\n<p><em><b>Hinweise: <\/b><br \/>\nNach dem \u00d6ffnen z\u00fcgig verbrauchen. K\u00fchl lagern. Von Hitze und Sonnenlicht fernhalten.<\/em><\/p>\n","protected":false},"excerpt":{"rendered":"<p>regenerierend, beruhigend und ausgleichend<\/p>\n","protected":false},"featured_media":10358,"comment_status":"open","ping_status":"closed","template":"","meta":{"_links_to":"","_links_to_target":""},"pwb-brand":[134],"product_brand":[],"product_cat":[2151],"product_tag":[236,797,132,1715],"class_list":{"0":"post-1175","1":"product","2":"type-product","3":"status-publish","4":"has-post-thumbnail","6":"pwb-brand-oshadhi","7":"product_cat-koerperpflege","8":"product_tag-aloe-vera","9":"product_tag-hautpflege","10":"product_tag-oshadhi","11":"product_tag-regeneration","12":"pa_herkunft-mexiko","14":"first","15":"instock","16":"taxable","17":"shipping-taxable","18":"purchasable","19":"product-type-simple"},"blog_post_layout_featured_media_urls":{"thumbnail":["https:\/\/www.lebens-qi.at\/qishop\/wp-content\/uploads\/oshadhi-aloe-vera-150x150.jpg",150,150,true],"full":["https:\/\/www.lebens-qi.at\/qishop\/wp-content\/uploads\/oshadhi-aloe-vera.jpg",474,474,false]},"categories":["134"],"categories_names":{"134":{"name":"Oshadhi","link":"https:\/\/www.lebens-qi.at\/qishop\/brand\/oshadhi\/"}},"comments_number":"0","brands":[{"id":134,"name":"Oshadhi","slug":"oshadhi"}],"_links":{"self":[{"href":"https:\/\/www.lebens-qi.at\/qishop\/wp-json\/wp\/v2\/product\/1175","targetHints":{"allow":["GET"]}}],"collection":[{"href":"https:\/\/www.lebens-qi.at\/qishop\/wp-json\/wp\/v2\/product"}],"about":[{"href":"https:\/\/www.lebens-qi.at\/qishop\/wp-json\/wp\/v2\/types\/product"}],"replies":[{"embeddable":true,"href":"https:\/\/www.lebens-qi.at\/qishop\/wp-json\/wp\/v2\/comments?post=1175"}],"wp:featuredmedia":[{"embeddable":true,"href":"https:\/\/www.lebens-qi.at\/qishop\/wp-json\/wp\/v2\/media\/10358"}],"wp:attachment":[{"href":"https:\/\/www.lebens-qi.at\/qishop\/wp-json\/wp\/v2\/media?parent=1175"}],"wp:term":[{"taxonomy":"pwb-brand","embeddable":true,"href":"https:\/\/www.lebens-qi.at\/qishop\/wp-json\/wp\/v2\/pwb-brand?post=1175"},{"taxonomy":"product_brand","embeddable":true,"href":"https:\/\/www.lebens-qi.at\/qishop\/wp-json\/wp\/v2\/product_brand?post=1175"},{"taxonomy":"product_cat","embeddable":true,"href":"https:\/\/www.lebens-qi.at\/qishop\/wp-json\/wp\/v2\/product_cat?post=1175"},{"taxonomy":"product_tag","embeddable":true,"href":"https:\/\/www.lebens-qi.at\/qishop\/wp-json\/wp\/v2\/product_tag?post=1175"}],"curies":[{"name":"wp","href":"https:\/\/api.w.org\/{rel}","templated":true}]}}