{"id":11763,"date":"2025-01-28T09:57:26","date_gmt":"2025-01-28T08:57:26","guid":{"rendered":"https:\/\/www.lebens-qi.at\/qishop\/?post_type=product&#038;p=11763"},"modified":"2025-08-05T11:57:23","modified_gmt":"2025-08-05T09:57:23","slug":"duftlampe-sonne-in-marmoroptik","status":"publish","type":"product","link":"https:\/\/www.lebens-qi.at\/qishop\/produkt\/duftlampe-sonne-in-marmoroptik\/","title":{"rendered":"Duftlampe Sonne in Marmoroptik"},"content":{"rendered":"<div id=\"description\" class=\"cmsContent ui-tabs-panel ui-widget-content ui-corner-bottom\" role=\"tabpanel\" aria-labelledby=\"ui-id-1\" aria-expanded=\"true\" aria-hidden=\"false\"><b>Duftlampe Sonne<br \/>\n<\/b> aus Keramik &#8211; Schale fix mit dem Unterteil verbunden. Edle Optik durch Marmorierung in wei\u00df-grau<br \/>\n<b> Lieferumfang:<\/b> 1 Duftlampe ohne Teelicht\/Melts\/\u00d6l. Zubeh\u00f6r bitte separat bestellen.<br \/>\n<b> Gr\u00f6\u00dfe:<\/b> 11 x 10 cm<\/p>\n<p><b>Verwendung:<br \/>\nZum Gebrauch von Melts:<\/b> 1 x Schmelzwachs in den Beh\u00e4lter oben in die Schale geben. Z\u00fcnden Sie ein Teelicht an und legen Sie es unten in die Duftlampe. Das Wachs schmilzt und Sie k\u00f6nnen sein angenehmes Aroma genie\u00dfen.<br \/>\n<b> Zum Verdampfen von \u00e4therischen \u00d6len:<\/b> F\u00fcllen Sie die Schale mit Wasser. Etwa 4 Tropfen \u00e4therisches \u00d6l ins Wasser geben. Z\u00fcnden Sie ein Teelicht an und stellen Sie es unten in den Boden der Aromalampe. Genie\u00dfen Sie das angenehme Aroma. <b>ACHTUNG!<\/b> Kein kaltes Wasser in die Schale f\u00fcllen, wenn sie hei\u00df ist!<b><\/b><\/p>\n<\/div>\n","protected":false},"excerpt":{"rendered":"<p>aus Keramik f\u00fcr Melts oder \u00e4therische \u00d6le<\/p>\n","protected":false},"featured_media":11764,"comment_status":"open","ping_status":"closed","template":"","meta":{"_links_to":"","_links_to_target":""},"pwb-brand":[617],"product_brand":[],"product_cat":[612],"product_tag":[1621,855,1620,572,742],"class_list":{"0":"post-11763","1":"product","2":"type-product","3":"status-publish","4":"has-post-thumbnail","6":"pwb-brand-yantra","7":"product_cat-aromalampen","8":"product_tag-aromalampe","9":"product_tag-aromatherapie","10":"product_tag-duftlampe","11":"product_tag-marmor","12":"product_tag-sonne","14":"first","15":"instock","16":"taxable","17":"shipping-taxable","18":"purchasable","19":"product-type-simple"},"blog_post_layout_featured_media_urls":{"thumbnail":["https:\/\/www.lebens-qi.at\/qishop\/wp-content\/uploads\/du-52-duftlampe-sonne-150x150.jpg",150,150,true],"full":["https:\/\/www.lebens-qi.at\/qishop\/wp-content\/uploads\/du-52-duftlampe-sonne.jpg",600,600,false]},"categories":["617"],"categories_names":{"617":{"name":"Yantra","link":"https:\/\/www.lebens-qi.at\/qishop\/brand\/yantra\/"}},"comments_number":"0","brands":[{"id":617,"name":"Yantra","slug":"yantra"}],"_links":{"self":[{"href":"https:\/\/www.lebens-qi.at\/qishop\/wp-json\/wp\/v2\/product\/11763","targetHints":{"allow":["GET"]}}],"collection":[{"href":"https:\/\/www.lebens-qi.at\/qishop\/wp-json\/wp\/v2\/product"}],"about":[{"href":"https:\/\/www.lebens-qi.at\/qishop\/wp-json\/wp\/v2\/types\/product"}],"replies":[{"embeddable":true,"href":"https:\/\/www.lebens-qi.at\/qishop\/wp-json\/wp\/v2\/comments?post=11763"}],"wp:featuredmedia":[{"embeddable":true,"href":"https:\/\/www.lebens-qi.at\/qishop\/wp-json\/wp\/v2\/media\/11764"}],"wp:attachment":[{"href":"https:\/\/www.lebens-qi.at\/qishop\/wp-json\/wp\/v2\/media?parent=11763"}],"wp:term":[{"taxonomy":"pwb-brand","embeddable":true,"href":"https:\/\/www.lebens-qi.at\/qishop\/wp-json\/wp\/v2\/pwb-brand?post=11763"},{"taxonomy":"product_brand","embeddable":true,"href":"https:\/\/www.lebens-qi.at\/qishop\/wp-json\/wp\/v2\/product_brand?post=11763"},{"taxonomy":"product_cat","embeddable":true,"href":"https:\/\/www.lebens-qi.at\/qishop\/wp-json\/wp\/v2\/product_cat?post=11763"},{"taxonomy":"product_tag","embeddable":true,"href":"https:\/\/www.lebens-qi.at\/qishop\/wp-json\/wp\/v2\/product_tag?post=11763"}],"curies":[{"name":"wp","href":"https:\/\/api.w.org\/{rel}","templated":true}]}}