{"id":11787,"date":"2025-01-28T16:35:50","date_gmt":"2025-01-28T15:35:50","guid":{"rendered":"https:\/\/www.lebens-qi.at\/qishop\/?post_type=product&#038;p=11787"},"modified":"2025-02-01T11:59:30","modified_gmt":"2025-02-01T10:59:30","slug":"lavakugel-20-mm","status":"publish","type":"product","link":"https:\/\/www.lebens-qi.at\/qishop\/produkt\/lavakugel-20-mm\/","title":{"rendered":"Lavakugel 20 mm"},"content":{"rendered":"<p><strong>Lava-Perle<\/strong> gebohrt<\/p>\n<p>Aufgrund seiner por\u00f6sen Beschaffenheit, kann Lava-Gestein auch als Tr\u00e4ger f\u00fcr \u00e4terische \u00d6le verwendet werden. Diese Kugeln mit ca. 2 cm Durchmesser passen zB in unsere gr\u00f6\u00dferen Himmelsrufer, k\u00f6nnen aber Dank der d\u00fcnnen Bohrung (f\u00fcr Leder-\/Textilb\u00e4nder zu fein!) auch zu Anh\u00e4ngern, etc. weiterverarbeitet werden.<\/p>\n<p><strong>Farbe:<\/strong> Braun<br \/>\n<strong>Material:<\/strong> Lava<br \/>\n<strong>Durchmesser:<\/strong> ca. 20 mm<br \/>\nmit d\u00fcnner Bohrung<\/p>\n<p>Bitte passenden <a href=\"https:\/\/www.lebens-qi.at\/qishop\/produkt-kategorie\/mehr\/schmuck-mit-wirkung\/himmelsrufer\/\"><strong>Himmelsrufer<\/strong><\/a> gleich mitbestellen &#8211; dieser ist im Lieferumfang nicht enthalten!<\/p>\n","protected":false},"excerpt":{"rendered":"<p>zur Schmuckherstellung oder f\u00fcr Himmelsrufer<\/p>\n","protected":false},"featured_media":11788,"comment_status":"open","ping_status":"closed","template":"","meta":{"_links_to":"","_links_to_target":""},"pwb-brand":[114],"product_brand":[],"product_cat":[2129,1199],"product_tag":[855,129,2548,2130,2547,119],"class_list":{"0":"post-11787","1":"product","2":"type-product","3":"status-publish","4":"has-post-thumbnail","6":"pwb-brand-lebens-qi-kraft-der-steine","7":"product_cat-himmelsrufer","8":"product_cat-zubehoer-fuer-aromatherapie","9":"product_tag-aromatherapie","10":"product_tag-duft","11":"product_tag-duftschmuck","12":"product_tag-himmelsrufer","13":"product_tag-lava","14":"product_tag-steinschmuck","16":"first","17":"instock","18":"taxable","19":"shipping-taxable","20":"purchasable","21":"product-type-simple"},"blog_post_layout_featured_media_urls":{"thumbnail":["https:\/\/www.lebens-qi.at\/qishop\/wp-content\/uploads\/lavakugel-150x150.jpg",150,150,true],"full":["https:\/\/www.lebens-qi.at\/qishop\/wp-content\/uploads\/lavakugel.jpg",800,800,false]},"categories":["114"],"categories_names":{"114":{"name":"Lebens-Qi Kraft der Steine","link":"https:\/\/www.lebens-qi.at\/qishop\/brand\/lebens-qi-kraft-der-steine\/"}},"comments_number":"0","brands":[{"id":114,"name":"Lebens-Qi Kraft der Steine","slug":"lebens-qi-kraft-der-steine"}],"_links":{"self":[{"href":"https:\/\/www.lebens-qi.at\/qishop\/wp-json\/wp\/v2\/product\/11787","targetHints":{"allow":["GET"]}}],"collection":[{"href":"https:\/\/www.lebens-qi.at\/qishop\/wp-json\/wp\/v2\/product"}],"about":[{"href":"https:\/\/www.lebens-qi.at\/qishop\/wp-json\/wp\/v2\/types\/product"}],"replies":[{"embeddable":true,"href":"https:\/\/www.lebens-qi.at\/qishop\/wp-json\/wp\/v2\/comments?post=11787"}],"wp:featuredmedia":[{"embeddable":true,"href":"https:\/\/www.lebens-qi.at\/qishop\/wp-json\/wp\/v2\/media\/11788"}],"wp:attachment":[{"href":"https:\/\/www.lebens-qi.at\/qishop\/wp-json\/wp\/v2\/media?parent=11787"}],"wp:term":[{"taxonomy":"pwb-brand","embeddable":true,"href":"https:\/\/www.lebens-qi.at\/qishop\/wp-json\/wp\/v2\/pwb-brand?post=11787"},{"taxonomy":"product_brand","embeddable":true,"href":"https:\/\/www.lebens-qi.at\/qishop\/wp-json\/wp\/v2\/product_brand?post=11787"},{"taxonomy":"product_cat","embeddable":true,"href":"https:\/\/www.lebens-qi.at\/qishop\/wp-json\/wp\/v2\/product_cat?post=11787"},{"taxonomy":"product_tag","embeddable":true,"href":"https:\/\/www.lebens-qi.at\/qishop\/wp-json\/wp\/v2\/product_tag?post=11787"}],"curies":[{"name":"wp","href":"https:\/\/api.w.org\/{rel}","templated":true}]}}