{"id":11792,"date":"2025-01-28T19:38:11","date_gmt":"2025-01-28T18:38:11","guid":{"rendered":"https:\/\/www.lebens-qi.at\/qishop\/?post_type=product&#038;p=11792"},"modified":"2025-01-28T20:01:22","modified_gmt":"2025-01-28T19:01:22","slug":"weisser-salbei-smudge-mittel","status":"publish","type":"product","link":"https:\/\/www.lebens-qi.at\/qishop\/produkt\/weisser-salbei-smudge-mittel\/","title":{"rendered":"Wei\u00dfer Salbei Smudge mittel"},"content":{"rendered":"<p><b>Wei\u00dfer Salbei aus Kalifornien<\/b><br \/>\nWei\u00dfer Salbei w\u00e4chst im s\u00fcdlichen Kalifornien und entfaltet beim R\u00e4uchern einen intensiv-aromatischen Duft, der den Geist erfrischt. Er gilt bei den Indianern als atmosph\u00e4risch stark reinigende Pflanze.<\/p>\n<p><b>Anwendung:<\/b> die Spitze des B\u00fcndels \u00fcber eine Flamme halten bis die Bl\u00e4tter zu Glimmen beginnen, eventuell in eine Schale legen. Zum Ausmachen kopf\u00fcber in ein sandgef\u00fclltes Gef\u00e4\u00df stecken.<\/p>\n<p>Kr\u00e4uterb\u00fcndel<br \/>\nGewicht: ca. 30-35 g<\/p>\n","protected":false},"excerpt":{"rendered":"<p>Reinigung &amp; Segen<\/p>\n","protected":false},"featured_media":11793,"comment_status":"open","ping_status":"closed","template":"","meta":{"_links_to":"","_links_to_target":""},"pwb-brand":[617],"product_brand":[],"product_cat":[674],"product_tag":[677,2550,466,2549,675,676],"class_list":{"0":"post-11792","1":"product","2":"type-product","3":"status-publish","4":"has-post-thumbnail","6":"pwb-brand-yantra","7":"product_cat-smudges-kraeuterbuendel","8":"product_tag-kraeuterbuendel","9":"product_tag-raeucherbuendel","10":"product_tag-raeuchern","11":"product_tag-salbeibuendel","12":"product_tag-smudge","13":"product_tag-weisser-salbei","15":"first","16":"instock","17":"taxable","18":"shipping-taxable","19":"purchasable","20":"product-type-simple"},"blog_post_layout_featured_media_urls":{"thumbnail":["https:\/\/www.lebens-qi.at\/qishop\/wp-content\/uploads\/rh-40-salbei-weiss-150x150.jpg",150,150,true],"full":["https:\/\/www.lebens-qi.at\/qishop\/wp-content\/uploads\/rh-40-salbei-weiss.jpg",600,600,false]},"categories":["617"],"categories_names":{"617":{"name":"Yantra","link":"https:\/\/www.lebens-qi.at\/qishop\/brand\/yantra\/"}},"comments_number":"0","brands":[{"id":617,"name":"Yantra","slug":"yantra"}],"_links":{"self":[{"href":"https:\/\/www.lebens-qi.at\/qishop\/wp-json\/wp\/v2\/product\/11792","targetHints":{"allow":["GET"]}}],"collection":[{"href":"https:\/\/www.lebens-qi.at\/qishop\/wp-json\/wp\/v2\/product"}],"about":[{"href":"https:\/\/www.lebens-qi.at\/qishop\/wp-json\/wp\/v2\/types\/product"}],"replies":[{"embeddable":true,"href":"https:\/\/www.lebens-qi.at\/qishop\/wp-json\/wp\/v2\/comments?post=11792"}],"wp:featuredmedia":[{"embeddable":true,"href":"https:\/\/www.lebens-qi.at\/qishop\/wp-json\/wp\/v2\/media\/11793"}],"wp:attachment":[{"href":"https:\/\/www.lebens-qi.at\/qishop\/wp-json\/wp\/v2\/media?parent=11792"}],"wp:term":[{"taxonomy":"pwb-brand","embeddable":true,"href":"https:\/\/www.lebens-qi.at\/qishop\/wp-json\/wp\/v2\/pwb-brand?post=11792"},{"taxonomy":"product_brand","embeddable":true,"href":"https:\/\/www.lebens-qi.at\/qishop\/wp-json\/wp\/v2\/product_brand?post=11792"},{"taxonomy":"product_cat","embeddable":true,"href":"https:\/\/www.lebens-qi.at\/qishop\/wp-json\/wp\/v2\/product_cat?post=11792"},{"taxonomy":"product_tag","embeddable":true,"href":"https:\/\/www.lebens-qi.at\/qishop\/wp-json\/wp\/v2\/product_tag?post=11792"}],"curies":[{"name":"wp","href":"https:\/\/api.w.org\/{rel}","templated":true}]}}