{"id":1183,"date":"2024-02-15T22:53:55","date_gmt":"2024-02-15T21:53:55","guid":{"rendered":"https:\/\/www.lebens-qi.at\/qishop\/produkt\/auromere-kraeuter-zahncreme\/"},"modified":"2024-12-10T11:29:46","modified_gmt":"2024-12-10T10:29:46","slug":"auromere-kraeuter-zahncreme","status":"publish","type":"product","link":"https:\/\/www.lebens-qi.at\/qishop\/produkt\/auromere-kraeuter-zahncreme\/","title":{"rendered":"Aurom\u00e8re\u00ae Kr\u00e4uter-Zahncreme"},"content":{"rendered":"<p><b>Perfekt gepflegte Z\u00e4hne \u2013 lang anhaltende Frische.<\/b><\/p>\n<p>Aurom\u00e8re\u00ae Kr\u00e4uter-Zahncreme ist eine Komposition aus 24 wertvollen ayurvedischen Pflanzenextrakten. Feine Putzk\u00f6rper reinigen die Z\u00e4hne sanft und entfernen schonend sch\u00e4dliche Zahnbel\u00e4ge. Extrakte des Neembaumes, Nelken\u00f6l und S\u00fc\u00dfholz wirken plaque- und kariesverursachenden Bakterien entgegen. Chinesische Dattel, Gelbholz, Rosenapfel und Baleria kr\u00e4ftigen und beruhigen das Zahnfleisch. F\u00fcr den sehr angenehmen und einzigartigen Geschmack sorgen Thymian, Minze und Ceylon Zimt.<\/p>\n<p><b>Aurom\u00e8re\u00ae Kr\u00e4uter-Zahncreme ist sehr mild und kann auch von Kindern verwendet werden. <\/b><\/p>\n<p>Enth\u00e4lt keine unn\u00f6tigen F\u00fcllstoffe wie Volumen bildenden Sch\u00e4umer und ist daher sehr ergiebig und sparsam. Frei von Tensiden und zugesetzten Fluoriden.<\/p>\n<p>Aurom\u00e8re\u00ae Kr\u00e4uter-Zahncreme ist die ideale Zahnpflege f\u00fcr die ganze Familie.<\/p>\n<p><b>Bestandteile: <\/b>Calciumcarbonat, Wasser, Glyzerin (pflanzlich), Sorbit, S\u00fc\u00dfholz, Silica, Niembaum, Zahnb\u00fcrstenbaum, Granatapfel, Chinesische Dattel, Rosenapfel, Gew\u00fcrznelke, Europ\u00e4ische Walnu\u00df, Barleria, Mandel, Gelbholz, Galleiche, Gelbholzbaum, Nepalpfeffer, Sappanbaum, Krapp, Katechu Akazie, Sarsaparille, Ceylon Zimtbaum, Spanische Kirsche, Marokkokamille, \u00c4gyptischer K\u00fcmmel, Geranie, Echter Thymian, Pfefferminze, Gr\u00fcne Minze, Eukalyptus, Anis, Meeresalgen, Natriumbenzoat<\/p>\n<p><em>Ingredients: Calcium Carbonate, Aqua, Glycerin, Sorbitol, Glyzyrrhiza glabra bark*, Silica, Melia azadirachta bark*, Salvadora persica root*, Punica granatum pericarp*, Zizyphus jujuba fruit*, Syzygium jambolana bark*, Eugenia caryophyllus bark*, Juglans regia shell*, Barleria prionitis bark*, Prunus amygdalus shell*, Terminalia sericea nut*, Quercus infectoria bark*, Zanthoxylum americanum bark*, Zanthoxylum alatum bark*, Caesalpinia sappans bark*, Rubia cordifolia bark*, Acacia catechu bark*, Smilax aristolochiaefolia bark*, Cinnamomum ceylanicum bark*, Mimusops elangi bark*, Anacyclus pyrethrum bark*, Carum copticum flower*, Geranium maculatum flower*, Thymus vulgaris seed*, Mentha piperita leave**, Mentha viridis leave**, Eucalyptus globulus leave**, Pimpinella anisum seed**, Chondrus crispus**, konserviert mit: Sodium Benzoate, * extract ** oil <\/em><\/p>\n<p>Die Mundpflegeprodukte von Apeiron sind nach den Qualit\u00e4tsrichtlinien f\u00fcr kontrollierte Naturkosmetik nach dem BDIH-Standard zertifiziert. Sie enthalten keine synthetischen Farb- und Duftstoffe, Paraffine, Parabene, Nanopartikel (Mikroplastik) oder PEG-Verbindungen. Die Apeiron Aurom\u00e8re\u00ae Kr\u00e4uterzahnpasta ist frei von volumenbildenden Sch\u00e4umen, Tensiden und synthetischen Fluorzus\u00e4tzen.<\/p>\n","protected":false},"excerpt":{"rendered":"<p>nat\u00fcrliche Pflege mit 24 ayurvedischen Pflanzenextrakten<\/p>\n","protected":false},"featured_media":1660,"comment_status":"open","ping_status":"closed","template":"","meta":{"_links_to":"","_links_to_target":""},"pwb-brand":[277],"product_brand":[],"product_cat":[223,2150],"product_tag":[247,1946,246,245],"class_list":{"0":"post-1183","1":"product","2":"type-product","3":"status-publish","4":"has-post-thumbnail","6":"pwb-brand-apeiron","7":"product_cat-ayurvedische-pflege","8":"product_cat-lippenpflege","9":"product_tag-ayurveda","10":"product_tag-fluoridfrei","11":"product_tag-zahncreme","12":"product_tag-zahnpasta","13":"pa_herkunft-indien","15":"first","16":"instock","17":"taxable","18":"shipping-taxable","19":"purchasable","20":"product-type-simple"},"blog_post_layout_featured_media_urls":{"thumbnail":["https:\/\/www.lebens-qi.at\/qishop\/wp-content\/uploads\/zahnpasta-150x150.jpg",150,150,true],"full":["https:\/\/www.lebens-qi.at\/qishop\/wp-content\/uploads\/zahnpasta.jpg",600,600,false]},"categories":["277"],"categories_names":{"277":{"name":"Apeiron","link":"https:\/\/www.lebens-qi.at\/qishop\/brand\/apeiron\/"}},"comments_number":"0","brands":[{"id":277,"name":"Apeiron","slug":"apeiron"}],"_links":{"self":[{"href":"https:\/\/www.lebens-qi.at\/qishop\/wp-json\/wp\/v2\/product\/1183","targetHints":{"allow":["GET"]}}],"collection":[{"href":"https:\/\/www.lebens-qi.at\/qishop\/wp-json\/wp\/v2\/product"}],"about":[{"href":"https:\/\/www.lebens-qi.at\/qishop\/wp-json\/wp\/v2\/types\/product"}],"replies":[{"embeddable":true,"href":"https:\/\/www.lebens-qi.at\/qishop\/wp-json\/wp\/v2\/comments?post=1183"}],"wp:featuredmedia":[{"embeddable":true,"href":"https:\/\/www.lebens-qi.at\/qishop\/wp-json\/wp\/v2\/media\/1660"}],"wp:attachment":[{"href":"https:\/\/www.lebens-qi.at\/qishop\/wp-json\/wp\/v2\/media?parent=1183"}],"wp:term":[{"taxonomy":"pwb-brand","embeddable":true,"href":"https:\/\/www.lebens-qi.at\/qishop\/wp-json\/wp\/v2\/pwb-brand?post=1183"},{"taxonomy":"product_brand","embeddable":true,"href":"https:\/\/www.lebens-qi.at\/qishop\/wp-json\/wp\/v2\/product_brand?post=1183"},{"taxonomy":"product_cat","embeddable":true,"href":"https:\/\/www.lebens-qi.at\/qishop\/wp-json\/wp\/v2\/product_cat?post=1183"},{"taxonomy":"product_tag","embeddable":true,"href":"https:\/\/www.lebens-qi.at\/qishop\/wp-json\/wp\/v2\/product_tag?post=1183"}],"curies":[{"name":"wp","href":"https:\/\/api.w.org\/{rel}","templated":true}]}}