{"id":1191,"date":"2024-02-15T22:54:02","date_gmt":"2024-02-15T21:54:02","guid":{"rendered":"https:\/\/www.lebens-qi.at\/qishop\/produkt\/keshawa-volumen-spuelung\/"},"modified":"2025-01-28T12:32:06","modified_gmt":"2025-01-28T11:32:06","slug":"keshawa-volumen-spuelung","status":"publish","type":"product","link":"https:\/\/www.lebens-qi.at\/qishop\/produkt\/keshawa-volumen-spuelung\/","title":{"rendered":"Keshawa Volumen-Sp\u00fclung"},"content":{"rendered":"<p><b>seidiger Glanz, F\u00fclle &amp; verbesserte K\u00e4mmbarkeit<\/b><\/p>\n<p>Haarpflegesp\u00fclung f\u00fcr feines, normales und schnell fettendes Haar<\/p>\n<p>Pflanzenausz\u00fcge aus Zaubernuss &amp; Birkenbl\u00e4ttern verleihen<\/p>\n<p>feinem, d\u00fcnnem, kraftlosem &amp; m\u00fcdem Haar schwerelose F\u00fclle.<\/p>\n<p>Die \u00f6lfreie Formel aus speziellen Pflanzenwirkstoffen, Meersalz und Eclipta \u2013 der K\u00f6nigin des Haares \u2013 spendet intensiv Feuchtigkeit und schenkt seidig gepflegtes, f\u00fclliges Haar.<\/p>\n<p>Extrakte aus Birken-, Pfefferminzbl\u00e4ttern und Zaubernuss verhindern ein Nachfetten des Haaransatzes und verleihen Spannkraft, Griffigkeit und extra Volumen bis in die Spitzen.<\/p>\n<p>Bei sensibler Kopfhaut und f\u00fcr Neurodermitiker geeignet, pH-hautneutral, silikonfrei, vegan<\/p>\n<p>Die Keshawa Haarpflegesp\u00fclungen zeichnen sich durch ihre feine, shampoo\u00e4hnliche Konsistenz aus. Der innovativ leichte, silikonfreie Pflegeschaum kombiniert ideal eine regulierende Kopfhautpflege mit intensiver Haarpflege \u2013 die speziell entwickelte Formulierung erm\u00f6glicht ein gutes aufsch\u00e4umen und einmassieren in die Kopfhaut und wirkt auch bei kurzem Haar nicht beschwerend \u2013 eine optimale Pflegeerg\u00e4nzung nach jeder Haarw\u00e4sche.<\/p>\n<p><b><br \/>\nBestandteile: <\/b>Wasser, milde Tenside auf Zucker- u. Kokos\u00f6lbasis**, Eclipta alba Extrakt, Virginische Zaubernuss (Hamamelis) Extrakt*, Birkenbl\u00e4tter Extrakt*, Pfefferminzbl\u00e4tter Extrakt*, Meersalz, Emulgator**, Parfum (nat\u00fcrlich), Zitronens\u00e4ure, Benzoes\u00e4ure, Sorbins\u00e4ure<br \/>\n* aus kontrolliert biologischem Anbau, ** pflanzlich<\/p>\n<p>Ingredients:<br \/>\nAqua, Coco-Glucoside, Sodium coco sulfate, Eclipta alba leaf extract, Hamamelis virginiana extract*, Betula alba leaf extract*, Menthae piperita extract*, Maris sal, Glyceryl oleate, Parfum (natural), Citric acid, Benzyl alcohol**, Geraniol**, Limonene**, Linalool**, konserviert mit: Benzoic acid, Sorbic acid<br \/>\n* from certified organic agriculture\/aus kontrolliert biologischem Anbau<br \/>\n** from natural essential oils \/ Bestandteil nat\u00fcrlicher \u00e4therischer \u00d6le<\/p>\n<p><b>Keshawa Hair Care &#8211;<br \/>\nSystemhaarpflege f\u00fcr sch\u00f6nes, kr\u00e4ftiges Haar &amp; eine gesunde Kopfhaut<\/b><\/p>\n<p>Entdecken Sie das Geheimnis von Sch\u00f6nheit. Keshawa Haarpflegeprodukte basieren auf \u00fcberlieferten ayurvedischen Rezepturen mit besonderen Regenerationseigenschaften f\u00fcr Haare und Kopfhaut. Nicht ohne Grund wird die Ecliptapflanze auf Sri Lanka eindrucksvoll \u201cK\u00f6nigin des Haares\u201d genannt, sie ist die Basis einer jeden Keshawa Pflegerezeptur. Ausgesuchte und auf die unterschiedlichen Haarbed\u00fcrfnisse abgestimmte Pflanzenextrakte und \u00d6le schenken jedem Haartyp und sensibler, zu Irritationen neigender Kopfhaut eine besonders sanfte Pflege. G\u00f6nnen Sie Ihrem Haar eine besondere Pflege mit den unvergleichbaren Wohlf\u00fchl-Texturen der Keshawa Systemhaarpflege &#8211; f\u00fcr sichtbaren Glanz, sp\u00fcrbare F\u00fclle und ein unvergleichbar gepflegtes Haargef\u00fchl.<\/p>\n<p>&nbsp;<\/p>\n<p>Keshawa Hair Care &#8211; Haarpflege komponiert von der Natur<br \/>\ndas Wort Keshawa stammt aus dem singhalesischen und bedeutet &#8222;Sch\u00f6nes Haar&#8220;<\/p>\n<p>&#8211; jedes Produkt kombiniert intensive Haarpflege mit regulierender Kopfhautpflege<br \/>\n&#8211; wirksam &amp; nat\u00fcrlich, silkonfrei, ph-hautneutral<br \/>\n&#8211; sanfte Pflege bei sensibler oder Neurodermitis belasteter Kopfhaut<br \/>\n&#8211; mit naturmilden Waschsubstanzen auf Zucker- und Kokos\u00f6lbasis<br \/>\n&#8211; alle Produkte sind miteinander kombinierbar, ideal f\u00fcr kurzes und langes Haar<\/p>\n","protected":false},"excerpt":{"rendered":"<p>seidiger Glanz, F\u00fclle &amp; verbesserte K\u00e4mmbarkeit<\/p>\n","protected":false},"featured_media":1659,"comment_status":"open","ping_status":"closed","template":"","meta":{"_links_to":"","_links_to_target":""},"pwb-brand":[277],"product_brand":[],"product_cat":[223,2152],"product_tag":[247,188,250,252],"class_list":{"0":"post-1191","1":"product","2":"type-product","3":"status-publish","4":"has-post-thumbnail","6":"pwb-brand-apeiron","7":"product_cat-ayurvedische-pflege","8":"product_cat-haarpflege","9":"product_tag-ayurveda","10":"product_tag-balsam","11":"product_tag-haarpflege","12":"product_tag-haarspuelung","14":"first","15":"instock","16":"taxable","17":"shipping-taxable","18":"purchasable","19":"product-type-simple"},"blog_post_layout_featured_media_urls":{"thumbnail":["https:\/\/www.lebens-qi.at\/qishop\/wp-content\/uploads\/volumen-spuelung-150x150.jpg",150,150,true],"full":["https:\/\/www.lebens-qi.at\/qishop\/wp-content\/uploads\/volumen-spuelung.jpg",600,600,false]},"categories":["277"],"categories_names":{"277":{"name":"Apeiron","link":"https:\/\/www.lebens-qi.at\/qishop\/brand\/apeiron\/"}},"comments_number":"0","brands":[{"id":277,"name":"Apeiron","slug":"apeiron"}],"_links":{"self":[{"href":"https:\/\/www.lebens-qi.at\/qishop\/wp-json\/wp\/v2\/product\/1191","targetHints":{"allow":["GET"]}}],"collection":[{"href":"https:\/\/www.lebens-qi.at\/qishop\/wp-json\/wp\/v2\/product"}],"about":[{"href":"https:\/\/www.lebens-qi.at\/qishop\/wp-json\/wp\/v2\/types\/product"}],"replies":[{"embeddable":true,"href":"https:\/\/www.lebens-qi.at\/qishop\/wp-json\/wp\/v2\/comments?post=1191"}],"wp:featuredmedia":[{"embeddable":true,"href":"https:\/\/www.lebens-qi.at\/qishop\/wp-json\/wp\/v2\/media\/1659"}],"wp:attachment":[{"href":"https:\/\/www.lebens-qi.at\/qishop\/wp-json\/wp\/v2\/media?parent=1191"}],"wp:term":[{"taxonomy":"pwb-brand","embeddable":true,"href":"https:\/\/www.lebens-qi.at\/qishop\/wp-json\/wp\/v2\/pwb-brand?post=1191"},{"taxonomy":"product_brand","embeddable":true,"href":"https:\/\/www.lebens-qi.at\/qishop\/wp-json\/wp\/v2\/product_brand?post=1191"},{"taxonomy":"product_cat","embeddable":true,"href":"https:\/\/www.lebens-qi.at\/qishop\/wp-json\/wp\/v2\/product_cat?post=1191"},{"taxonomy":"product_tag","embeddable":true,"href":"https:\/\/www.lebens-qi.at\/qishop\/wp-json\/wp\/v2\/product_tag?post=1191"}],"curies":[{"name":"wp","href":"https:\/\/api.w.org\/{rel}","templated":true}]}}