{"id":11922,"date":"2025-01-30T19:27:50","date_gmt":"2025-01-30T18:27:50","guid":{"rendered":"https:\/\/www.lebens-qi.at\/qishop\/?post_type=product&#038;p=11922"},"modified":"2025-12-15T19:30:29","modified_gmt":"2025-12-15T18:30:29","slug":"yoga-cats-tee-ei","status":"publish","type":"product","link":"https:\/\/www.lebens-qi.at\/qishop\/produkt\/yoga-cats-tee-ei\/","title":{"rendered":"Yoga Cats Tee-Ei"},"content":{"rendered":"<p>Tee-Ei<\/p>\n<p><b>Yoga Cats &#8211; in 2 Farben erh\u00e4ltlich<br \/>\n<\/b><\/p>\n<p>Namaste Katze! Ob Kobra, Krieger, Dreieckspose, Halasana oder herabschauender Hund, diesen gelenkigen Stubentigern macht so leicht keiner etwas vor. Und eins ist klar: Yoga liegt nicht nur absolut im Trend, sondern ist zudem auch eine Wohltat f\u00fcr K\u00f6rper, Geist und Seele.<\/p>\n<p>S\u00fc\u00dfes Design f\u00fcr Yoga-Fans und Katzen-Liebhaber*innen \u2022 bei der Zubereitung des Tees in diesem Tee-Ei steht einem guten Start in den Tag nichts im Wege!<\/p>\n<p>Passend zu den Yoga Cats Tassen<\/p>\n<p>Material: Edelstahl<br \/>\nGr\u00f6\u00dfe: \u00d8 5 cm<br \/>\nLieferumfang: 1 Tee-Ei in gew\u00e4hlter Farbe<br \/>\nHinweis: l\u00e4sst sich \u00fcber einen kleinen B\u00fcgelverschluss einfach \u00f6ffnen und bef\u00fcllen<\/p>\n","protected":false},"excerpt":{"rendered":"<p>f\u00fcr Katzen- &amp; Yoga-Fans<\/p>\n","protected":false},"featured_media":11925,"comment_status":"open","ping_status":"closed","template":"","meta":{"_links_to":"","_links_to_target":""},"pwb-brand":[437],"product_brand":[],"product_cat":[439],"product_tag":[901,749,783,443,2314,158],"class_list":{"0":"post-11922","1":"product","2":"type-product","3":"status-publish","4":"has-post-thumbnail","6":"pwb-brand-chacult","7":"product_cat-teezubehoer","8":"product_tag-katzen","9":"product_tag-mandala","10":"product_tag-sieb","11":"product_tag-tee","12":"product_tag-tee-ei","13":"product_tag-yoga","14":"pa_herkunft-china","16":"first","17":"instock","18":"taxable","19":"shipping-taxable","20":"purchasable","21":"product-type-variable"},"blog_post_layout_featured_media_urls":{"thumbnail":["https:\/\/www.lebens-qi.at\/qishop\/wp-content\/uploads\/tee-ei-yoga-cats-150x150.jpg",150,150,true],"full":["https:\/\/www.lebens-qi.at\/qishop\/wp-content\/uploads\/tee-ei-yoga-cats.jpg",800,800,false]},"categories":["437"],"categories_names":{"437":{"name":"ChaCult","link":"https:\/\/www.lebens-qi.at\/qishop\/brand\/chacult\/"}},"comments_number":"0","brands":[{"id":437,"name":"ChaCult","slug":"chacult"}],"_links":{"self":[{"href":"https:\/\/www.lebens-qi.at\/qishop\/wp-json\/wp\/v2\/product\/11922","targetHints":{"allow":["GET"]}}],"collection":[{"href":"https:\/\/www.lebens-qi.at\/qishop\/wp-json\/wp\/v2\/product"}],"about":[{"href":"https:\/\/www.lebens-qi.at\/qishop\/wp-json\/wp\/v2\/types\/product"}],"replies":[{"embeddable":true,"href":"https:\/\/www.lebens-qi.at\/qishop\/wp-json\/wp\/v2\/comments?post=11922"}],"wp:featuredmedia":[{"embeddable":true,"href":"https:\/\/www.lebens-qi.at\/qishop\/wp-json\/wp\/v2\/media\/11925"}],"wp:attachment":[{"href":"https:\/\/www.lebens-qi.at\/qishop\/wp-json\/wp\/v2\/media?parent=11922"}],"wp:term":[{"taxonomy":"pwb-brand","embeddable":true,"href":"https:\/\/www.lebens-qi.at\/qishop\/wp-json\/wp\/v2\/pwb-brand?post=11922"},{"taxonomy":"product_brand","embeddable":true,"href":"https:\/\/www.lebens-qi.at\/qishop\/wp-json\/wp\/v2\/product_brand?post=11922"},{"taxonomy":"product_cat","embeddable":true,"href":"https:\/\/www.lebens-qi.at\/qishop\/wp-json\/wp\/v2\/product_cat?post=11922"},{"taxonomy":"product_tag","embeddable":true,"href":"https:\/\/www.lebens-qi.at\/qishop\/wp-json\/wp\/v2\/product_tag?post=11922"}],"curies":[{"name":"wp","href":"https:\/\/api.w.org\/{rel}","templated":true}]}}