{"id":12119,"date":"2025-02-06T15:51:48","date_gmt":"2025-02-06T14:51:48","guid":{"rendered":"https:\/\/www.lebens-qi.at\/qishop\/?post_type=product&#038;p=12119"},"modified":"2026-01-16T22:31:17","modified_gmt":"2026-01-16T21:31:17","slug":"reinigung-kraeuter-smudge-bombs-sagrada-madre","status":"publish","type":"product","link":"https:\/\/www.lebens-qi.at\/qishop\/produkt\/reinigung-kraeuter-smudge-bombs-sagrada-madre\/","title":{"rendered":"Reinigung &#8211; Kr\u00e4uter-Smudge Bombs Sagrada Madre"},"content":{"rendered":"<p>Die <strong>\u201ePurification\u201c<\/strong>-Kr\u00e4uter-Rauchbomben von Sagrada Madre kombinieren kraftvolle nat\u00fcrliche Inhaltsstoffe, um Ihren Raum zu reinigen und das Gleichgewicht wiederherzustellen. Salbei und Lorbeer sorgen f\u00fcr Klarheit, Eukalyptus erfrischt mit seinem reinigenden Aroma, und Zedernholz sorgt f\u00fcr erdende Kraft. Diese aromatische Mischung schafft ein Heiligtum der Erneuerung und Reinheit.<\/p>\n<p>Nat\u00fcrliche Qualit\u00e4t:<br \/>\nHandgefertigt in Argentinien aus Salbei, Lorbeer, Eukalyptus, Zeder, Fruchtbiomasse, pflanzliche Holzkohle, nat\u00fcrliches Bindemittel und Salz.<\/p>\n<p>Langanhaltender Genuss:<br \/>\nJedes Paket enth\u00e4lt 4 Smudges, die etwa 10 Minuten brennen und weitere 10\u201315 Minuten glimmen \u2013 ideal f\u00fcr dein Ritual.<\/p>\n<p><strong>Premium-Smudge Bombs<\/strong><br \/>\nDie Premium-R\u00e4ucherbomben von Sagrada Madre werden aus den hochwertigsten Kr\u00e4utern und Harzen hergestellt, die f\u00fcr ein starkes aromatisches Erlebnis sorgen. Diese kompakten R\u00e4ucherbomben sind ideal f\u00fcr pers\u00f6nliche Rituale, die Reinigung von R\u00e4umen und die Schaffung eines heiligen Ambientes.<\/p>\n<p><strong>Wie verwende ich die Premium-Smudge Bombs von Sagrada Madre?<\/strong><br \/>\nDie Anwendung ist der von R\u00e4ucherkegeln \u00e4hnlich. Smudgebomb anz\u00fcnden und in einen nicht brennbaren Beh\u00e4lter etc. legen.<br \/>\nDanach blasen Sie die Flamme vorsichtig aus, bis nur noch Rauch aus der Smudgebombe austritt.<\/p>\n<p>Beginnen Sie bei geschlossenen Fenstern damit, das Haus, den Raum oder den Bereich Ihrer Wahl zu r\u00e4uchern, und achten Sie besonders auf die Ecken des Raums.<br \/>\nWenn der Rauch der R\u00e4ucherbombe abgeklungen ist, lassen Sie die Reste vollst\u00e4ndig abk\u00fchlen, bevor Sie diese entsorgen. \u00d6ffnen Sie die Fenster und l\u00fcften Sie gut.<br \/>\nWenn Sie empfindliche Atemwege haben oder ein Rauchmelder im Zimmer vorhanden ist, wird empfohlen, die Fenster w\u00e4hrend des Ausr\u00e4ucherns offen zu halten.<\/p>\n<p><strong>Sagrada Madre<\/strong><br \/>\nSagrada Madre bedeutet \u201eHeilige Mutter\u201c, Pancha Mama, und dieser Name spiegelt wider, wie bei der Herstellung mit den Ressourcen der Erde umgegangen wird. Das R\u00e4ucherwerk von Sagrada Madre zeichnet sich durch die Verwendung von Fruchtbiomasse als nachhaltige Alternative zu Holzkohle aus, wodurch die Umweltbelastung deutlich reduziert wird.\u00a0Alle Sagrada Madre-R\u00e4uchervarianten werden sorgf\u00e4ltig in attraktiven Naturverpackungen verpackt, um die Umwelt so wenig wie m\u00f6glich zu belasten.<\/p>\n","protected":false},"excerpt":{"rendered":"<p>Purification &#8211; R\u00e4ucherbomben<\/p>\n","protected":false},"featured_media":12120,"comment_status":"open","ping_status":"closed","template":"","meta":{"_links_to":"","_links_to_target":""},"pwb-brand":[2511],"product_brand":[],"product_cat":[3075,2523],"product_tag":[412,362,2514,2565,2525,180,2513,401,2524,399],"class_list":{"0":"post-12119","1":"product","2":"type-product","3":"status-publish","4":"has-post-thumbnail","6":"pwb-brand-sagrada-madre","7":"product_cat-imbolc-lichtmess-brigid","8":"product_cat-smudge-bombs","9":"product_tag-eukalyptus","10":"product_tag-lorbeer","11":"product_tag-pancha-mama","12":"product_tag-purification","13":"product_tag-raeucherbomben","14":"product_tag-reinigung","15":"product_tag-sagrada-madre","16":"product_tag-salbei","17":"product_tag-smudge-bombs","18":"product_tag-zeder","19":"pa_herkunft-argentinien","21":"first","22":"instock","23":"taxable","24":"shipping-taxable","25":"purchasable","26":"product-type-simple"},"blog_post_layout_featured_media_urls":{"thumbnail":["https:\/\/www.lebens-qi.at\/qishop\/wp-content\/uploads\/7183-150x150.jpg",150,150,true],"full":["https:\/\/www.lebens-qi.at\/qishop\/wp-content\/uploads\/7183.jpg",800,800,false]},"categories":["2511"],"categories_names":{"2511":{"name":"Sagrada Madre","link":"https:\/\/www.lebens-qi.at\/qishop\/brand\/sagrada-madre\/"}},"comments_number":"0","brands":[{"id":2511,"name":"Sagrada Madre","slug":"sagrada-madre"}],"_links":{"self":[{"href":"https:\/\/www.lebens-qi.at\/qishop\/wp-json\/wp\/v2\/product\/12119","targetHints":{"allow":["GET"]}}],"collection":[{"href":"https:\/\/www.lebens-qi.at\/qishop\/wp-json\/wp\/v2\/product"}],"about":[{"href":"https:\/\/www.lebens-qi.at\/qishop\/wp-json\/wp\/v2\/types\/product"}],"replies":[{"embeddable":true,"href":"https:\/\/www.lebens-qi.at\/qishop\/wp-json\/wp\/v2\/comments?post=12119"}],"wp:featuredmedia":[{"embeddable":true,"href":"https:\/\/www.lebens-qi.at\/qishop\/wp-json\/wp\/v2\/media\/12120"}],"wp:attachment":[{"href":"https:\/\/www.lebens-qi.at\/qishop\/wp-json\/wp\/v2\/media?parent=12119"}],"wp:term":[{"taxonomy":"pwb-brand","embeddable":true,"href":"https:\/\/www.lebens-qi.at\/qishop\/wp-json\/wp\/v2\/pwb-brand?post=12119"},{"taxonomy":"product_brand","embeddable":true,"href":"https:\/\/www.lebens-qi.at\/qishop\/wp-json\/wp\/v2\/product_brand?post=12119"},{"taxonomy":"product_cat","embeddable":true,"href":"https:\/\/www.lebens-qi.at\/qishop\/wp-json\/wp\/v2\/product_cat?post=12119"},{"taxonomy":"product_tag","embeddable":true,"href":"https:\/\/www.lebens-qi.at\/qishop\/wp-json\/wp\/v2\/product_tag?post=12119"}],"curies":[{"name":"wp","href":"https:\/\/api.w.org\/{rel}","templated":true}]}}