{"id":12175,"date":"2025-02-10T13:32:20","date_gmt":"2025-02-10T12:32:20","guid":{"rendered":"https:\/\/www.lebens-qi.at\/qishop\/?post_type=product&#038;p=12175"},"modified":"2025-02-10T13:41:42","modified_gmt":"2025-02-10T12:41:42","slug":"das-grosse-pendelbuch","status":"publish","type":"product","link":"https:\/\/www.lebens-qi.at\/qishop\/produkt\/das-grosse-pendelbuch\/","title":{"rendered":"Das gro\u00dfe Pendelbuch"},"content":{"rendered":"<p><b>Das gro\u00dfe Pendelbuch<\/b><br \/>\nVollst\u00e4ndig \u00fcberarbeitete und erweiterte Neuausgabe mit 84 Pendeltafeln<br \/>\n<em>von Anton Stangl<\/em><\/p>\n<p>Dr. Anton Stangl arbeitet seit 1958 als Psychologe und Radi\u00e4sthesist. Durch seine Kurse und B\u00fccher wurde er zu einem der bekanntesten Verbreuter der Radi\u00e4sthesie und ihrer praktischen Anwendung in Deutschland. Diese Neuauisgabe seines umfassenden Grundlagenwerkes ersetzt das bisherige Ullstein-Taschenbuch &#8222;Pendeln&#8220;, dessen Inhalt in diese Ausgabe eingearbeitet wurde. Anleitung zum Umgang mit dem Pendel unterst\u00fctzt durch 84 ganzseitige Pendeltafeln zur Anwendung des Pendels in allen Lebensbereichen.<\/p>\n<p><strong>Der Klassiker unter den Pendelb\u00fcchern in \u00fcberarbeiteter und erweiterter Neuausgabe!<\/strong><\/p>\n","protected":false},"excerpt":{"rendered":"<p>Vollst\u00e4ndig \u00fcberarbeitete und erweiterte Neuausgabe mit 84 Pendeltafeln<\/p>\n","protected":false},"featured_media":12176,"comment_status":"open","ping_status":"closed","template":"","meta":{"_links_to":"","_links_to_target":""},"pwb-brand":[2572],"product_brand":[],"product_cat":[804],"product_tag":[2573,580,1006,2575,2574,1005],"class_list":{"0":"post-12175","1":"product","2":"type-product","3":"status-publish","4":"has-post-thumbnail","6":"pwb-brand-ullstein-verlag","7":"product_cat-energiearbeit","8":"product_tag-anton-stangl","9":"product_tag-buch","10":"product_tag-pendel","11":"product_tag-pendeltabelle","12":"product_tag-pendeltafel","13":"product_tag-radiaesthesie","15":"first","16":"instock","17":"taxable","18":"shipping-taxable","19":"purchasable","20":"product-type-simple"},"blog_post_layout_featured_media_urls":{"thumbnail":["https:\/\/www.lebens-qi.at\/qishop\/wp-content\/uploads\/9783548743851-X-grosse-pendelbuch-150x150.jpg",150,150,true],"full":["https:\/\/www.lebens-qi.at\/qishop\/wp-content\/uploads\/9783548743851-X-grosse-pendelbuch.jpg",648,648,false]},"categories":["2572"],"categories_names":{"2572":{"name":"Ullstein Buchverlage","link":"https:\/\/www.lebens-qi.at\/qishop\/brand\/ullstein-verlag\/"}},"comments_number":"0","brands":[{"id":2572,"name":"Ullstein Buchverlage","slug":"ullstein-verlag"}],"_links":{"self":[{"href":"https:\/\/www.lebens-qi.at\/qishop\/wp-json\/wp\/v2\/product\/12175","targetHints":{"allow":["GET"]}}],"collection":[{"href":"https:\/\/www.lebens-qi.at\/qishop\/wp-json\/wp\/v2\/product"}],"about":[{"href":"https:\/\/www.lebens-qi.at\/qishop\/wp-json\/wp\/v2\/types\/product"}],"replies":[{"embeddable":true,"href":"https:\/\/www.lebens-qi.at\/qishop\/wp-json\/wp\/v2\/comments?post=12175"}],"wp:featuredmedia":[{"embeddable":true,"href":"https:\/\/www.lebens-qi.at\/qishop\/wp-json\/wp\/v2\/media\/12176"}],"wp:attachment":[{"href":"https:\/\/www.lebens-qi.at\/qishop\/wp-json\/wp\/v2\/media?parent=12175"}],"wp:term":[{"taxonomy":"pwb-brand","embeddable":true,"href":"https:\/\/www.lebens-qi.at\/qishop\/wp-json\/wp\/v2\/pwb-brand?post=12175"},{"taxonomy":"product_brand","embeddable":true,"href":"https:\/\/www.lebens-qi.at\/qishop\/wp-json\/wp\/v2\/product_brand?post=12175"},{"taxonomy":"product_cat","embeddable":true,"href":"https:\/\/www.lebens-qi.at\/qishop\/wp-json\/wp\/v2\/product_cat?post=12175"},{"taxonomy":"product_tag","embeddable":true,"href":"https:\/\/www.lebens-qi.at\/qishop\/wp-json\/wp\/v2\/product_tag?post=12175"}],"curies":[{"name":"wp","href":"https:\/\/api.w.org\/{rel}","templated":true}]}}