{"id":12177,"date":"2025-02-10T13:56:37","date_gmt":"2025-02-10T12:56:37","guid":{"rendered":"https:\/\/www.lebens-qi.at\/qishop\/?post_type=product&#038;p=12177"},"modified":"2025-02-10T14:12:24","modified_gmt":"2025-02-10T13:12:24","slug":"mandala-raeucherstaebchenhalter-aus-mangoholz","status":"publish","type":"product","link":"https:\/\/www.lebens-qi.at\/qishop\/produkt\/mandala-raeucherstaebchenhalter-aus-mangoholz\/","title":{"rendered":"Mandala R\u00e4ucherst\u00e4bchenhalter aus Mangoholz"},"content":{"rendered":"<p><strong>Mandala mit Blattgold<br \/>\n<\/strong><\/p>\n<p>Edler runder R\u00e4ucherst\u00e4bchenhalter aus Mangoholz. Mit tiefgr\u00fcndigem, wei\u00df gewachstem Symbol und Blattgold\u00fcberzug. Das Mandala dient als Symbol der Zentrierung und Balance.<\/p>\n<p>Gr\u00f6\u00dfe: ca. 10 cm<br \/>\nMaterial: Mangoholz<br \/>\nFarbe: wei\u00df gewachst, gold<br \/>\n<em><b>Hinweis:<\/b> Symbolfoto &#8211; geringf\u00fcgige Abweichungen m\u00f6glich<br \/>\n<\/em><\/p>\n","protected":false},"excerpt":{"rendered":"<p>mit wei\u00df gewachstem Symbol und Blattgold\u00fcberzug<\/p>\n","protected":false},"featured_media":12178,"comment_status":"open","ping_status":"closed","template":"","meta":{"_links_to":"","_links_to_target":""},"pwb-brand":[307],"product_brand":[],"product_cat":[733],"product_tag":[730,749,1510,680,2539],"class_list":{"0":"post-12177","1":"product","2":"type-product","3":"status-publish","4":"has-post-thumbnail","6":"pwb-brand-berk","7":"product_cat-runde-halter","8":"product_tag-halter","9":"product_tag-mandala","10":"product_tag-mangoholz","11":"product_tag-raeucherstaebchen","12":"product_tag-vergoldet","14":"first","15":"instock","16":"taxable","17":"shipping-taxable","18":"purchasable","19":"product-type-simple"},"blog_post_layout_featured_media_urls":{"thumbnail":["https:\/\/www.lebens-qi.at\/qishop\/wp-content\/uploads\/KH-1108_1-raeucherhalter-mandala-150x150.jpg",150,150,true],"full":["https:\/\/www.lebens-qi.at\/qishop\/wp-content\/uploads\/KH-1108_1-raeucherhalter-mandala.jpg",800,800,false]},"categories":["307"],"categories_names":{"307":{"name":"Berk","link":"https:\/\/www.lebens-qi.at\/qishop\/brand\/berk\/"}},"comments_number":"0","brands":[{"id":307,"name":"Berk","slug":"berk"}],"_links":{"self":[{"href":"https:\/\/www.lebens-qi.at\/qishop\/wp-json\/wp\/v2\/product\/12177","targetHints":{"allow":["GET"]}}],"collection":[{"href":"https:\/\/www.lebens-qi.at\/qishop\/wp-json\/wp\/v2\/product"}],"about":[{"href":"https:\/\/www.lebens-qi.at\/qishop\/wp-json\/wp\/v2\/types\/product"}],"replies":[{"embeddable":true,"href":"https:\/\/www.lebens-qi.at\/qishop\/wp-json\/wp\/v2\/comments?post=12177"}],"wp:featuredmedia":[{"embeddable":true,"href":"https:\/\/www.lebens-qi.at\/qishop\/wp-json\/wp\/v2\/media\/12178"}],"wp:attachment":[{"href":"https:\/\/www.lebens-qi.at\/qishop\/wp-json\/wp\/v2\/media?parent=12177"}],"wp:term":[{"taxonomy":"pwb-brand","embeddable":true,"href":"https:\/\/www.lebens-qi.at\/qishop\/wp-json\/wp\/v2\/pwb-brand?post=12177"},{"taxonomy":"product_brand","embeddable":true,"href":"https:\/\/www.lebens-qi.at\/qishop\/wp-json\/wp\/v2\/product_brand?post=12177"},{"taxonomy":"product_cat","embeddable":true,"href":"https:\/\/www.lebens-qi.at\/qishop\/wp-json\/wp\/v2\/product_cat?post=12177"},{"taxonomy":"product_tag","embeddable":true,"href":"https:\/\/www.lebens-qi.at\/qishop\/wp-json\/wp\/v2\/product_tag?post=12177"}],"curies":[{"name":"wp","href":"https:\/\/api.w.org\/{rel}","templated":true}]}}