{"id":12196,"date":"2025-02-10T16:51:10","date_gmt":"2025-02-10T15:51:10","guid":{"rendered":"https:\/\/www.lebens-qi.at\/qishop\/?post_type=product&#038;p=12196"},"modified":"2025-02-10T17:19:18","modified_gmt":"2025-02-10T16:19:18","slug":"das-grosse-buch-der-engel","status":"publish","type":"product","link":"https:\/\/www.lebens-qi.at\/qishop\/produkt\/das-grosse-buch-der-engel\/","title":{"rendered":"Das gro\u00dfe Buch der Engel"},"content":{"rendered":"<p><b>Das gro\u00dfe Buch der Engel<\/b><br \/>\nAlles \u00fcber die himmlischen Begleiter und wie wir uns mit ihnen verbinden<br \/>\n<em>von Jeanne Ruland<br \/>\n<\/em><\/p>\n<p><i>\u00bbIm Traum erschienen mir hell strahlende, goldwei\u00dfe Engel. Sie erf\u00fcllten den ganzen Raum mit ihrem Licht \u2013 alles wurde in ihr gl\u00e4nzendes Gold getaucht.\u00ab<\/i><\/p>\n<p>Dieses Erlebnis inspirierte die Engelexpertin Jeanne Ruland dazu, ihr umfangreiches Wissen \u00fcber jene wunderbaren Lichtwesen mit uns zu teilen. Entstanden ist ein einzigartiges Engelkompendium. Hier lernen wir alles \u00fcber das Wirken, das Wesen und die Bedeutung der himmlischen Begleiter f\u00fcr uns und unsere Entwicklung. Wir erfahren, wie viele verschiedene Engel es gibt, wo sie leben \u2013 und warum sie eigentlich Fl\u00fcgel haben. Ein Lexikon mit \u00fcber 1800 Engelnamen und ein umfangreicher Praxisteil mit Gebeten, Meditationen und Ritualen erm\u00f6glichen es uns, unseren ganz pers\u00f6nlichen Zugang zu den lichtvollen Helfern zu finden.<\/p>\n<p>Rufen wir die Engel in unser Leben. Sie wirken auf tausendfache Weise, sind \u00fcberall und verstehen ausnahmslos jeden Menschen \u2013 und zwar \u00fcber die Sprache des Herzens.<\/p>\n<p>&nbsp;<\/p>\n<p>&nbsp;<\/p>\n","protected":false},"excerpt":{"rendered":"<p>Alles \u00fcber die himmlischen Begleiter und wie wir uns mit ihnen verbinden<\/p>\n","protected":false},"featured_media":12197,"comment_status":"open","ping_status":"closed","template":"","meta":{"_links_to":"","_links_to_target":""},"pwb-brand":[814],"product_brand":[],"product_cat":[806,952],"product_tag":[580,545,2581,835,883,1277,831,1210,544],"class_list":{"0":"post-12196","1":"product","2":"type-product","3":"status-publish","4":"has-post-thumbnail","6":"pwb-brand-schirner-verlag","7":"product_cat-engel-buecher","8":"product_cat-engelbuecher-kartendecks","9":"product_tag-buch","10":"product_tag-engel","11":"product_tag-engelnamen","12":"product_tag-gebet","13":"product_tag-jeanne-ruland","14":"product_tag-lexikon","15":"product_tag-meditation","16":"product_tag-rituale","17":"product_tag-schutzengel","19":"first","20":"instock","21":"taxable","22":"shipping-taxable","23":"purchasable","24":"product-type-simple"},"blog_post_layout_featured_media_urls":{"thumbnail":["https:\/\/www.lebens-qi.at\/qishop\/wp-content\/uploads\/1481_buch-der-engel-150x150.jpg",150,150,true],"full":["https:\/\/www.lebens-qi.at\/qishop\/wp-content\/uploads\/1481_buch-der-engel.jpg",600,600,false]},"categories":["814"],"categories_names":{"814":{"name":"Schirner Verlag","link":"https:\/\/www.lebens-qi.at\/qishop\/brand\/schirner-verlag\/"}},"comments_number":"0","brands":[{"id":814,"name":"Schirner Verlag","slug":"schirner-verlag"}],"_links":{"self":[{"href":"https:\/\/www.lebens-qi.at\/qishop\/wp-json\/wp\/v2\/product\/12196","targetHints":{"allow":["GET"]}}],"collection":[{"href":"https:\/\/www.lebens-qi.at\/qishop\/wp-json\/wp\/v2\/product"}],"about":[{"href":"https:\/\/www.lebens-qi.at\/qishop\/wp-json\/wp\/v2\/types\/product"}],"replies":[{"embeddable":true,"href":"https:\/\/www.lebens-qi.at\/qishop\/wp-json\/wp\/v2\/comments?post=12196"}],"wp:featuredmedia":[{"embeddable":true,"href":"https:\/\/www.lebens-qi.at\/qishop\/wp-json\/wp\/v2\/media\/12197"}],"wp:attachment":[{"href":"https:\/\/www.lebens-qi.at\/qishop\/wp-json\/wp\/v2\/media?parent=12196"}],"wp:term":[{"taxonomy":"pwb-brand","embeddable":true,"href":"https:\/\/www.lebens-qi.at\/qishop\/wp-json\/wp\/v2\/pwb-brand?post=12196"},{"taxonomy":"product_brand","embeddable":true,"href":"https:\/\/www.lebens-qi.at\/qishop\/wp-json\/wp\/v2\/product_brand?post=12196"},{"taxonomy":"product_cat","embeddable":true,"href":"https:\/\/www.lebens-qi.at\/qishop\/wp-json\/wp\/v2\/product_cat?post=12196"},{"taxonomy":"product_tag","embeddable":true,"href":"https:\/\/www.lebens-qi.at\/qishop\/wp-json\/wp\/v2\/product_tag?post=12196"}],"curies":[{"name":"wp","href":"https:\/\/api.w.org\/{rel}","templated":true}]}}