{"id":12199,"date":"2025-02-10T17:19:39","date_gmt":"2025-02-10T16:19:39","guid":{"rendered":"https:\/\/www.lebens-qi.at\/qishop\/?post_type=product&#038;p=12199"},"modified":"2025-02-10T17:32:00","modified_gmt":"2025-02-10T16:32:00","slug":"die-lichte-kraft-der-engel-buch","status":"publish","type":"product","link":"https:\/\/www.lebens-qi.at\/qishop\/produkt\/die-lichte-kraft-der-engel-buch\/","title":{"rendered":"Die lichte Kraft der Engel &#8211; Buch"},"content":{"rendered":"<p><b>Die lichte Kraft der Engel<\/b><br \/>\n<em>von Jeanne Ruland mit Bildern von Petra Arndt<br \/>\n<\/em><\/p>\n<p><i>\u00bbDieses Buch soll dazu beitragen, den Austausch zwischen Menschen und Engeln zu st\u00e4rken und erfahrbar zu machen.<br \/>\nJeder Mensch, der den Wunsch in seinem Herzen tr\u00e4gt, wird die Liebe, F\u00fchrung und Hilfe der Engel in seinem Leben sp\u00fcren.<\/i>\u00ab<\/p>\n<p>Von den Erzengeln \u00fcber die Elohim bis hin zu unseren pers\u00f6nlichen Engeln \u2013 die Engelexpertin Jeanne Ruland hat ihr umfassendes Wissen \u00fcber die Engel in diesem Buch zusammengefasst. Wir erfahren, welche Engel uns mit ihrer lichten Kraft tagt\u00e4glich begleiten, empfangen leise Botschaften und erhalten wertvolle Inspiration f\u00fcr unseren Alltag.<br \/>\nDurch zahlreiche Hintergrundinformationen, Botschaften, Rituale und wundersch\u00f6ne Bilder der K\u00fcnstlerin Petra Arndt f\u00e4llt es leicht, sich auch in schweren Zeiten mit den himmlischen Wesen zu verbinden. So d\u00fcrfen wir in jedem Augenblick gewiss sein, dass wir in Liebe getragen sind.<\/p>\n<p>&nbsp;<\/p>\n<p>&nbsp;<\/p>\n","protected":false},"excerpt":{"rendered":"<p>mit Bildern von Petra Arndt<\/p>\n","protected":false},"featured_media":12200,"comment_status":"open","ping_status":"closed","template":"","meta":{"_links_to":"","_links_to_target":""},"pwb-brand":[814],"product_brand":[],"product_cat":[806,952],"product_tag":[873,580,2582,545,204,1272,883,881,1210],"class_list":{"0":"post-12199","1":"product","2":"type-product","3":"status-publish","4":"has-post-thumbnail","6":"pwb-brand-schirner-verlag","7":"product_cat-engel-buecher","8":"product_cat-engelbuecher-kartendecks","9":"product_tag-botschaften","10":"product_tag-buch","11":"product_tag-elohim","12":"product_tag-engel","13":"product_tag-erzengel","14":"product_tag-inspiration","15":"product_tag-jeanne-ruland","16":"product_tag-petra-arndt","17":"product_tag-rituale","19":"first","20":"instock","21":"taxable","22":"shipping-taxable","23":"purchasable","24":"product-type-simple"},"blog_post_layout_featured_media_urls":{"thumbnail":["https:\/\/www.lebens-qi.at\/qishop\/wp-content\/uploads\/1242_lichtekraftderengel-150x150.jpg",150,150,true],"full":["https:\/\/www.lebens-qi.at\/qishop\/wp-content\/uploads\/1242_lichtekraftderengel.jpg",600,600,false]},"categories":["814"],"categories_names":{"814":{"name":"Schirner Verlag","link":"https:\/\/www.lebens-qi.at\/qishop\/brand\/schirner-verlag\/"}},"comments_number":"0","brands":[{"id":814,"name":"Schirner Verlag","slug":"schirner-verlag"}],"_links":{"self":[{"href":"https:\/\/www.lebens-qi.at\/qishop\/wp-json\/wp\/v2\/product\/12199","targetHints":{"allow":["GET"]}}],"collection":[{"href":"https:\/\/www.lebens-qi.at\/qishop\/wp-json\/wp\/v2\/product"}],"about":[{"href":"https:\/\/www.lebens-qi.at\/qishop\/wp-json\/wp\/v2\/types\/product"}],"replies":[{"embeddable":true,"href":"https:\/\/www.lebens-qi.at\/qishop\/wp-json\/wp\/v2\/comments?post=12199"}],"wp:featuredmedia":[{"embeddable":true,"href":"https:\/\/www.lebens-qi.at\/qishop\/wp-json\/wp\/v2\/media\/12200"}],"wp:attachment":[{"href":"https:\/\/www.lebens-qi.at\/qishop\/wp-json\/wp\/v2\/media?parent=12199"}],"wp:term":[{"taxonomy":"pwb-brand","embeddable":true,"href":"https:\/\/www.lebens-qi.at\/qishop\/wp-json\/wp\/v2\/pwb-brand?post=12199"},{"taxonomy":"product_brand","embeddable":true,"href":"https:\/\/www.lebens-qi.at\/qishop\/wp-json\/wp\/v2\/product_brand?post=12199"},{"taxonomy":"product_cat","embeddable":true,"href":"https:\/\/www.lebens-qi.at\/qishop\/wp-json\/wp\/v2\/product_cat?post=12199"},{"taxonomy":"product_tag","embeddable":true,"href":"https:\/\/www.lebens-qi.at\/qishop\/wp-json\/wp\/v2\/product_tag?post=12199"}],"curies":[{"name":"wp","href":"https:\/\/api.w.org\/{rel}","templated":true}]}}