{"id":12201,"date":"2025-02-10T17:32:16","date_gmt":"2025-02-10T16:32:16","guid":{"rendered":"https:\/\/www.lebens-qi.at\/qishop\/?post_type=product&#038;p=12201"},"modified":"2025-02-10T17:41:42","modified_gmt":"2025-02-10T16:41:42","slug":"pendel-welten","status":"publish","type":"product","link":"https:\/\/www.lebens-qi.at\/qishop\/produkt\/pendel-welten\/","title":{"rendered":"Pendel-Welten"},"content":{"rendered":"<p><b>Pendel-Welten<\/b><br \/>\nDas gro\u00dfe Arbeitsbuch f\u00fcr Anf\u00e4nger und Fortgeschrittene<br \/>\n<em>von Markus Schirner<\/em><\/p>\n<p>Jeder Mensch ist in der Lage, mittels eines Pendels feine Schwingungen wahrzunehmen. Auf diese einfache Weise erhalten wir Antworten auf alle Fragen des Lebens \u2013 denn das Pendel wirkt wie ein Verst\u00e4rker f\u00fcr unsere unbewussten Empfindungen. Die <strong>vielf\u00e4ltigen Tafeln<\/strong> in diesem Buch bieten praktische \u00dcbersichten zu Themen von <strong>Chakren<\/strong> und <strong>Farben<\/strong> \u00fcber <strong>Heilsteine<\/strong> und <strong>\u00e4therische \u00d6le<\/strong> bis hin zu <strong>Tarot<\/strong> und <strong>Krafttieren<\/strong>. Dank einer kurzen Einweisung ins Pendeln ist dieser modernisierte Klassiker sowohl f\u00fcr den Anf\u00e4nger als auch f\u00fcr den erfahrenen Pendler von gro\u00dfem Gewinn.<\/p>\n<p><strong>Verbinden Sie sich mit den feinstofflichen Energien des Universums, und Ihr Leben wird einfacher und reicher!<\/strong><\/p>\n<p>&nbsp;<\/p>\n","protected":false},"excerpt":{"rendered":"<p>Das gro\u00dfe Arbeitsbuch f\u00fcr Anf\u00e4nger und Fortgeschrittene<\/p>\n","protected":false},"featured_media":12202,"comment_status":"open","ping_status":"closed","template":"","meta":{"_links_to":"","_links_to_target":""},"pwb-brand":[814],"product_brand":[],"product_cat":[804],"product_tag":[128,580,446,2583,870,888,1387,1006,2575,2574,1005,889],"class_list":{"0":"post-12201","1":"product","2":"type-product","3":"status-publish","4":"has-post-thumbnail","6":"pwb-brand-schirner-verlag","7":"product_cat-energiearbeit","8":"product_tag-aetherische-oele","9":"product_tag-buch","10":"product_tag-chakren","11":"product_tag-farben","12":"product_tag-heilsteine","13":"product_tag-krafttiere","14":"product_tag-markus-schirner","15":"product_tag-pendel","16":"product_tag-pendeltabelle","17":"product_tag-pendeltafel","18":"product_tag-radiaesthesie","19":"product_tag-tarot","21":"first","22":"instock","23":"taxable","24":"shipping-taxable","25":"purchasable","26":"product-type-simple"},"blog_post_layout_featured_media_urls":{"thumbnail":["https:\/\/www.lebens-qi.at\/qishop\/wp-content\/uploads\/0334_pendel-welten-150x150.jpg",150,150,true],"full":["https:\/\/www.lebens-qi.at\/qishop\/wp-content\/uploads\/0334_pendel-welten.jpg",600,600,false]},"categories":["814"],"categories_names":{"814":{"name":"Schirner Verlag","link":"https:\/\/www.lebens-qi.at\/qishop\/brand\/schirner-verlag\/"}},"comments_number":"0","brands":[{"id":814,"name":"Schirner Verlag","slug":"schirner-verlag"}],"_links":{"self":[{"href":"https:\/\/www.lebens-qi.at\/qishop\/wp-json\/wp\/v2\/product\/12201","targetHints":{"allow":["GET"]}}],"collection":[{"href":"https:\/\/www.lebens-qi.at\/qishop\/wp-json\/wp\/v2\/product"}],"about":[{"href":"https:\/\/www.lebens-qi.at\/qishop\/wp-json\/wp\/v2\/types\/product"}],"replies":[{"embeddable":true,"href":"https:\/\/www.lebens-qi.at\/qishop\/wp-json\/wp\/v2\/comments?post=12201"}],"wp:featuredmedia":[{"embeddable":true,"href":"https:\/\/www.lebens-qi.at\/qishop\/wp-json\/wp\/v2\/media\/12202"}],"wp:attachment":[{"href":"https:\/\/www.lebens-qi.at\/qishop\/wp-json\/wp\/v2\/media?parent=12201"}],"wp:term":[{"taxonomy":"pwb-brand","embeddable":true,"href":"https:\/\/www.lebens-qi.at\/qishop\/wp-json\/wp\/v2\/pwb-brand?post=12201"},{"taxonomy":"product_brand","embeddable":true,"href":"https:\/\/www.lebens-qi.at\/qishop\/wp-json\/wp\/v2\/product_brand?post=12201"},{"taxonomy":"product_cat","embeddable":true,"href":"https:\/\/www.lebens-qi.at\/qishop\/wp-json\/wp\/v2\/product_cat?post=12201"},{"taxonomy":"product_tag","embeddable":true,"href":"https:\/\/www.lebens-qi.at\/qishop\/wp-json\/wp\/v2\/product_tag?post=12201"}],"curies":[{"name":"wp","href":"https:\/\/api.w.org\/{rel}","templated":true}]}}