{"id":12255,"date":"2025-02-20T14:22:44","date_gmt":"2025-02-20T13:22:44","guid":{"rendered":"https:\/\/www.lebens-qi.at\/qishop\/?post_type=product&#038;p=12255"},"modified":"2025-12-20T18:55:17","modified_gmt":"2025-12-20T17:55:17","slug":"rohsteinmischung-chakramischung","status":"publish","type":"product","link":"https:\/\/www.lebens-qi.at\/qishop\/produkt\/rohsteinmischung-chakramischung\/","title":{"rendered":"Rohsteinmischung Chakramischung"},"content":{"rendered":"<p>Rohsteine-Set<\/p>\n<p><strong>CHAKRAMISCHUNG<\/strong><\/p>\n<p>folgende Steinsorten sind in der Packung:<\/p>\n<ul>\n<li>Roter Jaspis (Wurzelchakra)<\/li>\n<li>Karneol (Sakralchakra)<\/li>\n<li>Calcit gelb (Solarplexuschakra)<\/li>\n<li>Aventurin &amp; Rosenquarz (Herzchakra)<\/li>\n<li>Calcit blau (Halschakra)<\/li>\n<li>Sodalith (Stirnchakra)<\/li>\n<li>Amethyst &amp; Bergkristall (Kronenchakra)<\/li>\n<\/ul>\n<p><strong>Inhalt:<\/strong> Gesamtgewicht ca. 250 g<br \/>\n<strong>Steingr\u00f6\u00dfe:<\/strong> je ca. 2-4 cm<\/p>\n<p><em>Rohsteine sind unbehandelte, ungeschliffene, nat\u00fcrliche Steine die f\u00fcr verschiedene Zwecke verwendet werden. Die Steine wurden zerkleinert, die Gr\u00f6\u00dfenangabe ist aber unverbindlich, sie stellt nur einen Richtwert da.<\/em><\/p>\n","protected":false},"excerpt":{"rendered":"<p>Jaspis, Karneol, Calcit, Rosenquarz, Aventurin, Sodalith, Bergkristall, Amethyst<\/p>\n","protected":false},"featured_media":12256,"comment_status":"open","ping_status":"closed","template":"","meta":{"_links_to":"","_links_to_target":""},"pwb-brand":[114],"product_brand":[],"product_cat":[1013],"product_tag":[81,194,167,1968,2261,446,195,1579,1965,173,754],"class_list":{"0":"post-12255","1":"product","2":"type-product","3":"status-publish","4":"has-post-thumbnail","6":"pwb-brand-lebens-qi-kraft-der-steine","7":"product_cat-mineralien-raritaeten","8":"product_tag-amethyst","9":"product_tag-aventurin","10":"product_tag-bergkristall","11":"product_tag-calcit","12":"product_tag-chakras","13":"product_tag-chakren","14":"product_tag-jaspis","15":"product_tag-karneol","16":"product_tag-rohsteine","17":"product_tag-rosenquarz","18":"product_tag-sodalith","20":"first","21":"instock","22":"taxable","23":"shipping-taxable","24":"purchasable","25":"product-type-simple"},"blog_post_layout_featured_media_urls":{"thumbnail":["https:\/\/www.lebens-qi.at\/qishop\/wp-content\/uploads\/chakramischung-rohsteine-150x150.jpg",150,150,true],"full":["https:\/\/www.lebens-qi.at\/qishop\/wp-content\/uploads\/chakramischung-rohsteine.jpg",680,680,false]},"categories":["114"],"categories_names":{"114":{"name":"Lebens-Qi Kraft der Steine","link":"https:\/\/www.lebens-qi.at\/qishop\/brand\/lebens-qi-kraft-der-steine\/"}},"comments_number":"0","brands":[{"id":114,"name":"Lebens-Qi Kraft der Steine","slug":"lebens-qi-kraft-der-steine"}],"_links":{"self":[{"href":"https:\/\/www.lebens-qi.at\/qishop\/wp-json\/wp\/v2\/product\/12255","targetHints":{"allow":["GET"]}}],"collection":[{"href":"https:\/\/www.lebens-qi.at\/qishop\/wp-json\/wp\/v2\/product"}],"about":[{"href":"https:\/\/www.lebens-qi.at\/qishop\/wp-json\/wp\/v2\/types\/product"}],"replies":[{"embeddable":true,"href":"https:\/\/www.lebens-qi.at\/qishop\/wp-json\/wp\/v2\/comments?post=12255"}],"wp:featuredmedia":[{"embeddable":true,"href":"https:\/\/www.lebens-qi.at\/qishop\/wp-json\/wp\/v2\/media\/12256"}],"wp:attachment":[{"href":"https:\/\/www.lebens-qi.at\/qishop\/wp-json\/wp\/v2\/media?parent=12255"}],"wp:term":[{"taxonomy":"pwb-brand","embeddable":true,"href":"https:\/\/www.lebens-qi.at\/qishop\/wp-json\/wp\/v2\/pwb-brand?post=12255"},{"taxonomy":"product_brand","embeddable":true,"href":"https:\/\/www.lebens-qi.at\/qishop\/wp-json\/wp\/v2\/product_brand?post=12255"},{"taxonomy":"product_cat","embeddable":true,"href":"https:\/\/www.lebens-qi.at\/qishop\/wp-json\/wp\/v2\/product_cat?post=12255"},{"taxonomy":"product_tag","embeddable":true,"href":"https:\/\/www.lebens-qi.at\/qishop\/wp-json\/wp\/v2\/product_tag?post=12255"}],"curies":[{"name":"wp","href":"https:\/\/api.w.org\/{rel}","templated":true}]}}