{"id":12257,"date":"2025-02-20T14:41:42","date_gmt":"2025-02-20T13:41:42","guid":{"rendered":"https:\/\/www.lebens-qi.at\/qishop\/?post_type=product&#038;p=12257"},"modified":"2025-02-20T14:52:52","modified_gmt":"2025-02-20T13:52:52","slug":"rohsteinmischung-gesundheit","status":"publish","type":"product","link":"https:\/\/www.lebens-qi.at\/qishop\/produkt\/rohsteinmischung-gesundheit\/","title":{"rendered":"Rohsteinmischung Gesundheit"},"content":{"rendered":"<p>Rohsteine-Set zum Thema<\/p>\n<p><strong>GESUNDHEIT<br \/>\nVitalit\u00e4t &#8211; Regeneration<\/strong><\/p>\n<p>folgende Steinsorten sind in der Packung:<\/p>\n<ul>\n<li>Moosachat &#8211; f\u00fcr Naturverbundheit, Gl\u00fcck<\/li>\n<li>Heliotrop &#8211; &#8222;Hildegard von Bingen Stein&#8220; zur Unterst\u00fctzung der Regeneration<\/li>\n<li>Aventurin &#8211; f\u00fcr Zuversicht, zur Blockadenl\u00f6sung<\/li>\n<li>Rosenquarz &#8211; f\u00fcr Liebe, Harmonie<\/li>\n<li>Rauchquarz &#8211; f\u00fcr Entspannung, als Anti-Stress-Stein<\/li>\n<\/ul>\n<p><strong>Inhalt:<\/strong> Gesamtgewicht ca. 200 g<br \/>\n<strong>Steingr\u00f6\u00dfe:<\/strong> je ca. 2-4 cm<\/p>\n<p><em>Rohsteine sind unbehandelte, ungeschliffene, nat\u00fcrliche Steine die f\u00fcr verschiedene Zwecke verwendet werden. Die Steine wurden zerkleinert, die Gr\u00f6\u00dfenangabe ist aber unverbindlich, sie stellt nur einen Richtwert da.<\/em><\/p>\n","protected":false},"excerpt":{"rendered":"<p>Rosenquarz, Rauchquarz, Moosachat, Heliotrop, Aventurin<\/p>\n","protected":false},"featured_media":12258,"comment_status":"open","ping_status":"closed","template":"","meta":{"_links_to":"","_links_to_target":""},"pwb-brand":[114],"product_brand":[],"product_cat":[1013],"product_tag":[194,546,1669,570,1784,565,1715,1965,173,1413],"class_list":{"0":"post-12257","1":"product","2":"type-product","3":"status-publish","4":"has-post-thumbnail","6":"pwb-brand-lebens-qi-kraft-der-steine","7":"product_cat-mineralien-raritaeten","8":"product_tag-aventurin","9":"product_tag-gesundheit","10":"product_tag-harmonie","11":"product_tag-heliotrop","12":"product_tag-moosachat","13":"product_tag-rauchquarz","14":"product_tag-regeneration","15":"product_tag-rohsteine","16":"product_tag-rosenquarz","17":"product_tag-vitalitaet","19":"first","20":"instock","21":"taxable","22":"shipping-taxable","23":"purchasable","24":"product-type-simple"},"blog_post_layout_featured_media_urls":{"thumbnail":["https:\/\/www.lebens-qi.at\/qishop\/wp-content\/uploads\/gesundheit-rohsteine-150x150.jpg",150,150,true],"full":["https:\/\/www.lebens-qi.at\/qishop\/wp-content\/uploads\/gesundheit-rohsteine.jpg",680,680,false]},"categories":["114"],"categories_names":{"114":{"name":"Lebens-Qi Kraft der Steine","link":"https:\/\/www.lebens-qi.at\/qishop\/brand\/lebens-qi-kraft-der-steine\/"}},"comments_number":"0","brands":[{"id":114,"name":"Lebens-Qi Kraft der Steine","slug":"lebens-qi-kraft-der-steine"}],"_links":{"self":[{"href":"https:\/\/www.lebens-qi.at\/qishop\/wp-json\/wp\/v2\/product\/12257","targetHints":{"allow":["GET"]}}],"collection":[{"href":"https:\/\/www.lebens-qi.at\/qishop\/wp-json\/wp\/v2\/product"}],"about":[{"href":"https:\/\/www.lebens-qi.at\/qishop\/wp-json\/wp\/v2\/types\/product"}],"replies":[{"embeddable":true,"href":"https:\/\/www.lebens-qi.at\/qishop\/wp-json\/wp\/v2\/comments?post=12257"}],"wp:featuredmedia":[{"embeddable":true,"href":"https:\/\/www.lebens-qi.at\/qishop\/wp-json\/wp\/v2\/media\/12258"}],"wp:attachment":[{"href":"https:\/\/www.lebens-qi.at\/qishop\/wp-json\/wp\/v2\/media?parent=12257"}],"wp:term":[{"taxonomy":"pwb-brand","embeddable":true,"href":"https:\/\/www.lebens-qi.at\/qishop\/wp-json\/wp\/v2\/pwb-brand?post=12257"},{"taxonomy":"product_brand","embeddable":true,"href":"https:\/\/www.lebens-qi.at\/qishop\/wp-json\/wp\/v2\/product_brand?post=12257"},{"taxonomy":"product_cat","embeddable":true,"href":"https:\/\/www.lebens-qi.at\/qishop\/wp-json\/wp\/v2\/product_cat?post=12257"},{"taxonomy":"product_tag","embeddable":true,"href":"https:\/\/www.lebens-qi.at\/qishop\/wp-json\/wp\/v2\/product_tag?post=12257"}],"curies":[{"name":"wp","href":"https:\/\/api.w.org\/{rel}","templated":true}]}}