{"id":1227,"date":"2024-02-15T22:54:24","date_gmt":"2024-02-15T21:54:24","guid":{"rendered":"https:\/\/www.lebens-qi.at\/qishop\/produkt\/aloe-vera-koerpercreme\/"},"modified":"2025-09-12T10:57:22","modified_gmt":"2025-09-12T08:57:22","slug":"aloe-vera-koerpercreme","status":"publish","type":"product","link":"https:\/\/www.lebens-qi.at\/qishop\/produkt\/aloe-vera-koerpercreme\/","title":{"rendered":"Aloe Vera K\u00f6rpercreme"},"content":{"rendered":"<p><b>Aloe Vera K\u00f6rpercreme &#8211; Ecocert nat.<\/b><\/p>\n<p>Aloe Vera verdankt ihre besondere Wirkung dem hohen Anteil an aktiven Wirkstoffen, die besonders bei beanspruchter Haut einen beruhigenden und regenerativen Einfluss haben k\u00f6nnen.<br \/>\nDer in der Creme enthaltene Wirkstoffkomplex schafft eine harmonische Rundumpflege f\u00fcr trockene Haut und erfrischt diese nach einem Sonnenbad mit einer angenehm k\u00fchlen Note.<\/p>\n<p>Die aus Aloe Vera gewonnenen Essenzen sind seit jeher wegen ihrer legend\u00e4ren Eigenschaften bekannt. Ihre besondere Wirkung verdankt die Aloe Vera einem hohen Anteil an aktiven Wirkstoffen, die besonders bei sehr beanspruchter Haut einen beruhigenden und regenerativen Einfluss nehmen k\u00f6nnen. Aus diesem Grunde ist die Aloe Vera K\u00f6rpercreme nach einem intensiven Sonnenbad besonders empfehlenswert.<\/p>\n<p><b>Aloe Vera K\u00f6rpercreme &#8211; Intensive Feuchtigkeitspflege \u00b4<\/b><\/p>\n<p>Die ECOCERT-zertifizierte und vegane Aloe Vera K\u00f6rpercreme von STYX spendet intensive Feuchtigkeit und f\u00f6rdert die Regeneration der Haut. Insbesondere nach einem Sonnentag verleiht die Creme trockener und gestresster Haut wohltuende Pflege.<\/p>\n<p>Die K\u00f6rpercreme enth\u00e4lt rund 20 % an reinem Aloe Vera Blattgel, das von einer ECOCERT-zertifizierten Farm in Mexiko stammt. Die gewonnenen Essenzen der Aloe Pflanze sind seit jeher aufgrund ihrer Eigenschaften und ihrer effektiven Wirkung bekannt. Diese Tatsache macht die STYX Aloe Vera K\u00f6rpercreme zu einem besonderen Schatz im STYX Produktsortiment.<\/p>\n<p>Die ebenfalls in der K\u00f6rpercreme enthaltenen kaltgepressten Pflanzen\u00f6le in Bio-Qualit\u00e4t sowie reine Shea Butter spenden zus\u00e4tzlich Feuchtigkeit und f\u00f6rdern die Regeneration trockener und sensibler Haut. Der harmonisch ausbalancierte Wirkstoffkomplex st\u00e4rkt ganzheitlich die vitalen Hautfunktionen und wurde speziell f\u00fcr die t\u00e4gliche Pflege gestresster und sensibler Haut entwickelt. Die angenehm neutrale Duftkomposition \u00e4therischer \u00d6le aus ECOCERT-zertifiziertem Anbau verleiht der Creme eine angenehm dezente Note.<\/p>\n<p>Die K\u00f6rpercreme l\u00e4sst sich gut verteilen, zieht schnell ein und hinterl\u00e4sst ein k\u00fchlendes und beruhigendes Hautgef\u00fchl.<\/p>\n<p><b>G\u00f6nnen Sie sich K\u00f6rperpflege der besonderen Art mit dem einzigartigen Schatz, den die Natur uns bietet!<\/b><\/p>\n<p>Inhalt: 200 ml<\/p>\n<p><em><b>Inhaltsstoffe nach INCI (CTFA):<\/b><br \/>\nAQUA (WATER), GLYCERYL STEARATE CITRATE, SQUALANE, CAPRYLIC\/CAPRIC TRIGLYCERIDE, GLYCERIN, ALOE BARBADENSIS LEAF JUICE*, BUTYROSPERMUM PARKII (SHEA) BUTTER*, GLYCINE SOJA (SOYBEAN) OIL*, CETYL ALCOHOL, PARFUM**, OLEA EUROPAEA (OLIVE) FRUIT OIL, MACADAMIA TERNIFOLIA SEED OIL*, SIMMONDSIA CHINENSIS (JOJOBA) SEED OIL*, OLEA EUROPAEA (OLIVE) OIL UNSAPONIFIABLES, GLUCONOLACTONE, SODIUM BENZOATE, XANTHAN GUM, LINALOOL, CITRONELLOL, LIMONENE, CALCIUM GLUCONATE, GERANIOL<br \/>\n* Inhaltsstoffe aus kontrolliert biologischem Anbau<br \/>\n** Naturparfum<br \/>\n<\/em><\/p>\n<p>99 % der gesamten Inhaltsstoffe sind nat\u00fcrlichen Ursprungs<br \/>\n8 % der gesamten Inhaltsstoffe sind aus kontrolliert biologischem Anbau<\/p>\n<p>Naturkosmetik nach dem Ecocert Standard durch Ecocert Greenlife zertifiziert,<br \/>\nStandard verf\u00fcgbar unter https:\/\/cosmetics.ecocert.com<\/p>\n<p><em>Die aufgef\u00fchrten Inhaltsstoffe entsprechen dem aktuellen Stand der Produktion. Da STYX regelm\u00e4\u00dfig neue wissenschaftliche Erkenntnisse in ihre Rezepturen einflie\u00dfen l\u00e4sst und die Formulierungen entsprechend \u00e4ndert, ist die jeweils auf der Packung ausgewiesene Angabe der Inhaltsstoffe ma\u00dfgeblich.<\/em><\/p>\n","protected":false},"excerpt":{"rendered":"<p>spendet intensive Feuchtigkeit und f\u00f6rdert die Regeneration der Haut<\/p>\n","protected":false},"featured_media":8737,"comment_status":"open","ping_status":"closed","template":"","meta":{"_links_to":"","_links_to_target":""},"pwb-brand":[263],"product_brand":[],"product_cat":[2151,271],"product_tag":[236,272,92,234,238],"class_list":{"0":"post-1227","1":"product","2":"type-product","3":"status-publish","4":"has-post-thumbnail","6":"pwb-brand-styx","7":"product_cat-koerperpflege","8":"product_cat-kunst-der-pflege","9":"product_tag-aloe-vera","10":"product_tag-koerpercreme","11":"product_tag-naturkosmetik","12":"product_tag-sheabutter","13":"product_tag-styx","15":"first","16":"instock","17":"taxable","18":"shipping-taxable","19":"purchasable","20":"product-type-simple"},"blog_post_layout_featured_media_urls":{"thumbnail":["https:\/\/www.lebens-qi.at\/qishop\/wp-content\/uploads\/38_0-aloe-koerpercreme-150x150.jpg",150,150,true],"full":["https:\/\/www.lebens-qi.at\/qishop\/wp-content\/uploads\/38_0-aloe-koerpercreme.jpg",600,600,false]},"categories":["263"],"categories_names":{"263":{"name":"STYX","link":"https:\/\/www.lebens-qi.at\/qishop\/brand\/styx\/"}},"comments_number":"0","brands":[{"id":263,"name":"STYX","slug":"styx"}],"_links":{"self":[{"href":"https:\/\/www.lebens-qi.at\/qishop\/wp-json\/wp\/v2\/product\/1227","targetHints":{"allow":["GET"]}}],"collection":[{"href":"https:\/\/www.lebens-qi.at\/qishop\/wp-json\/wp\/v2\/product"}],"about":[{"href":"https:\/\/www.lebens-qi.at\/qishop\/wp-json\/wp\/v2\/types\/product"}],"replies":[{"embeddable":true,"href":"https:\/\/www.lebens-qi.at\/qishop\/wp-json\/wp\/v2\/comments?post=1227"}],"wp:featuredmedia":[{"embeddable":true,"href":"https:\/\/www.lebens-qi.at\/qishop\/wp-json\/wp\/v2\/media\/8737"}],"wp:attachment":[{"href":"https:\/\/www.lebens-qi.at\/qishop\/wp-json\/wp\/v2\/media?parent=1227"}],"wp:term":[{"taxonomy":"pwb-brand","embeddable":true,"href":"https:\/\/www.lebens-qi.at\/qishop\/wp-json\/wp\/v2\/pwb-brand?post=1227"},{"taxonomy":"product_brand","embeddable":true,"href":"https:\/\/www.lebens-qi.at\/qishop\/wp-json\/wp\/v2\/product_brand?post=1227"},{"taxonomy":"product_cat","embeddable":true,"href":"https:\/\/www.lebens-qi.at\/qishop\/wp-json\/wp\/v2\/product_cat?post=1227"},{"taxonomy":"product_tag","embeddable":true,"href":"https:\/\/www.lebens-qi.at\/qishop\/wp-json\/wp\/v2\/product_tag?post=1227"}],"curies":[{"name":"wp","href":"https:\/\/api.w.org\/{rel}","templated":true}]}}