{"id":1231,"date":"2024-02-15T22:54:27","date_gmt":"2024-02-15T21:54:27","guid":{"rendered":"https:\/\/www.lebens-qi.at\/qishop\/produkt\/aloe-vera-koerpermilch\/"},"modified":"2025-09-12T10:55:42","modified_gmt":"2025-09-12T08:55:42","slug":"aloe-vera-koerpermilch","status":"publish","type":"product","link":"https:\/\/www.lebens-qi.at\/qishop\/produkt\/aloe-vera-koerpermilch\/","title":{"rendered":"Aloe Vera K\u00f6rpermilch"},"content":{"rendered":"<p><b>Aloe Vera K\u00f6rpermilch &#8211; Ecocert nat.<\/b><\/p>\n<p>Die Aloe Vera K\u00f6rpermilch eignet sich ideal zur intensiven Feuchtigkeitspflege f\u00fcr den ganzen K\u00f6rper.<\/p>\n<p><b>Aloe Vera K\u00f6rpermilch &#8211; Intensive Feuchtigkeitspflege <\/b><\/p>\n<p>Die ECOCERT-zertifizierte und vegane Aloe Vera K\u00f6rpermilch von STYX spendet intensive Feuchtigkeit und schenkt gestresster Haut wohltuende Pflege.<\/p>\n<p>Inhalt: 150 ml<\/p>\n<p><em><b>Inhaltsstoffe nach INCI (CTFA):<\/b><br \/>\nAQUA (WATER), GLYCERYL STEARATE CITRATE, CAPRYLIC\/CAPRIC TRIGLYCERIDE, GLYCINE SOJA (SOYBEAN) OIL*, GLYCERIN, ALOE BARBADENSIS LEAF JUICE*, CETYL ALCOHOL, SODIUM STEAROYL GLUTAMATE, PARFUM**, MACADAMIA INTEGRIFOLIA\/TETRAPHYLLA SEED OIL*, SIMMONDSIA CHINENSIS (JOJOBA) SEED OIL*, BENZYL ALCOHOL, TOCOPHEROL, XANTHAN GUM, CHONDRUS CRISPUS (CARRAGEENAN) EXTRACT, DEHYDROACETIC ACID, LINALOOL, CITRONELLOL, LIMONENE, GERANIOL, CITRIC ACID<br \/>\n*Inhaltsstoffe aus kontrolliert biologischem Anbau<br \/>\n**Naturparfum<\/em><\/p>\n<p>Die aufgef\u00fchrten Inhaltsstoffe entsprechen dem aktuellen Stand der Produktion. Da STYX regelm\u00e4\u00dfig neue wissenschaftliche Erkenntnisse in ihre Rezepturen einflie\u00dfen l\u00e4sst und die Formulierungen entsprechend \u00e4ndert, ist die jeweils auf der Packung ausgewiesene Angabe der Inhaltsstoffe ma\u00dfgeblich.<\/p>\n","protected":false},"excerpt":{"rendered":"<p>zur intensiven Feuchtigkeitspflege<\/p>\n","protected":false},"featured_media":1230,"comment_status":"open","ping_status":"closed","template":"","meta":{"_links_to":"","_links_to_target":""},"pwb-brand":[263],"product_brand":[],"product_cat":[2151,271],"product_tag":[236,2157,2156,253,274,92,238],"class_list":{"0":"post-1231","1":"product","2":"type-product","3":"status-publish","4":"has-post-thumbnail","6":"pwb-brand-styx","7":"product_cat-koerperpflege","8":"product_cat-kunst-der-pflege","9":"product_tag-aloe-vera","10":"product_tag-bodylotion","11":"product_tag-koerpermilch","12":"product_tag-koerperpflege","13":"product_tag-lotion","14":"product_tag-naturkosmetik","15":"product_tag-styx","17":"first","18":"instock","19":"taxable","20":"shipping-taxable","21":"purchasable","22":"product-type-simple"},"blog_post_layout_featured_media_urls":{"thumbnail":["https:\/\/www.lebens-qi.at\/qishop\/wp-content\/uploads\/606_0-150x150.jpg",150,150,true],"full":["https:\/\/www.lebens-qi.at\/qishop\/wp-content\/uploads\/606_0.jpg",800,800,false]},"categories":["263"],"categories_names":{"263":{"name":"STYX","link":"https:\/\/www.lebens-qi.at\/qishop\/brand\/styx\/"}},"comments_number":"0","brands":[{"id":263,"name":"STYX","slug":"styx"}],"_links":{"self":[{"href":"https:\/\/www.lebens-qi.at\/qishop\/wp-json\/wp\/v2\/product\/1231","targetHints":{"allow":["GET"]}}],"collection":[{"href":"https:\/\/www.lebens-qi.at\/qishop\/wp-json\/wp\/v2\/product"}],"about":[{"href":"https:\/\/www.lebens-qi.at\/qishop\/wp-json\/wp\/v2\/types\/product"}],"replies":[{"embeddable":true,"href":"https:\/\/www.lebens-qi.at\/qishop\/wp-json\/wp\/v2\/comments?post=1231"}],"wp:featuredmedia":[{"embeddable":true,"href":"https:\/\/www.lebens-qi.at\/qishop\/wp-json\/wp\/v2\/media\/1230"}],"wp:attachment":[{"href":"https:\/\/www.lebens-qi.at\/qishop\/wp-json\/wp\/v2\/media?parent=1231"}],"wp:term":[{"taxonomy":"pwb-brand","embeddable":true,"href":"https:\/\/www.lebens-qi.at\/qishop\/wp-json\/wp\/v2\/pwb-brand?post=1231"},{"taxonomy":"product_brand","embeddable":true,"href":"https:\/\/www.lebens-qi.at\/qishop\/wp-json\/wp\/v2\/product_brand?post=1231"},{"taxonomy":"product_cat","embeddable":true,"href":"https:\/\/www.lebens-qi.at\/qishop\/wp-json\/wp\/v2\/product_cat?post=1231"},{"taxonomy":"product_tag","embeddable":true,"href":"https:\/\/www.lebens-qi.at\/qishop\/wp-json\/wp\/v2\/product_tag?post=1231"}],"curies":[{"name":"wp","href":"https:\/\/api.w.org\/{rel}","templated":true}]}}