{"id":1234,"date":"2024-02-15T22:54:30","date_gmt":"2024-02-15T21:54:30","guid":{"rendered":"https:\/\/www.lebens-qi.at\/qishop\/?post_type=product&#038;p=1234"},"modified":"2024-12-20T17:57:32","modified_gmt":"2024-12-20T16:57:32","slug":"chin-min-minzoel","status":"publish","type":"product","link":"https:\/\/www.lebens-qi.at\/qishop\/produkt\/chin-min-minzoel\/","title":{"rendered":"Chin Min Minz\u00f6l"},"content":{"rendered":"<p><strong>K<\/strong><strong>\u00fc<\/strong><strong>hlt, belebt und aktiviert: Chin Min Minz<\/strong><strong>\u00f6<\/strong><strong>l in der 10 ml Probier-Gr<\/strong><strong>\u00f6<\/strong><strong>\u00df<\/strong><strong>e oder der 100 ml Flasche<\/strong><\/p>\n<p>Laufen, wandern, Krafttraining: Beim Sport testen wir oft unsere k\u00f6rperlichen Grenzen aus.<br \/>\nDie <strong>Chin Min Pflegeserie<\/strong> von STYX Naturcosmetic unterst\u00fctzt Sie bei sportlichen Herausforderungen!<br \/>\nDas chinesische Minz\u00f6l f\u00f6rdert eine schnelle Regeneration bei Muskelkater, \u00dcberanstrengung und Sportverletzungen \u2013 f\u00fcr mehr Wohlbefinden und Widerstandskraft.<br \/>\nDas praktische 10 ml Fl\u00e4schchen passt in jede Tasche und ist unterwegs jederzeit zur Hand!<\/p>\n<p>\u25cf Beim Sport: unterst\u00fctzt die Muskeln<br \/>\n\u25cf Bei Kopfschmerzen und Migr\u00e4ne: lindert Beschwerden<br \/>\n\u25cf Bei Erk\u00e4ltungssymptomen: befreit die Atemwege<br \/>\n\u25cf Als Sauna-Aufguss oder Raumduft: kl\u00e4rt und erfrischt<br \/>\n\u25cf Vegane Naturkosmetik: regional und nachhaltig<\/p>\n<p><strong>Wie wird Minz<\/strong><strong>\u00f6<\/strong><strong>l angewendet? <\/strong><br \/>\nDas hochwertige \u00e4therische \u00d6l, das auch in der TCM eingesetzt wird, wirkt k\u00fchlend und vitalisierend.<br \/>\nNach dem Sport massieren Sie die beanspruchten K\u00f6rperpartien mit dem Pflanzen\u00f6l.<br \/>\nEinige Tropfen auf die Schl\u00e4fen aufgetragen verschaffen einen klaren Kopf.<br \/>\nDas Aroma\u00f6l kann auch f\u00fcr den Sauna-Aufguss oder den Aroma-Diffuser verwendet werden.<br \/>\nOb akut oder zur Vorbeugung: das Chin Min Minz\u00f6l unterst\u00fctzt die Selbstheilungskr\u00e4fte Ihres K\u00f6rpers mit den Wirkstoffen der Natur!<\/p>\n<p><strong>Gesetzliche Hinweise:<\/strong><br \/>\nGesundheitssch\u00e4dlich bei Verschlucken<br \/>\nKann allergische Hautreaktionen verursachen<br \/>\nDarf nicht in die H\u00e4nde von Kindern gelangen<br \/>\nBei Hautreizung oder &#8211; ausschlag: \u00c4rztlichen Rat einholen\/\u00e4rztliche Hilfe hinzuziehen<br \/>\nInhalt\/Beh\u00e4lter der Problemstoffsammelstelle zuf\u00fchren<\/p>\n<p>Erh\u00e4ltlich mit 10 ml oder 100 ml Inhalt<\/p>\n<p><em><b>Inhaltsstoffe nach INCI (CTFA):<\/b><\/em><br \/>\nMENTHA ARVENSIS LEAF OIL, ALCOHOL*, LIMONENE, MELALEUCA ALTERNIFOLIA (TEA TREE) OIL<\/p>\n<p>* Inhaltsstoffe aus kontrolliert biologischem Anbau<\/p>\n<p><em>Die aufgef\u00fchrten Inhaltsstoffe entsprechen dem aktuellen Stand der Produktion. Da STYX regelm\u00e4\u00dfig neue wissenschaftliche Erkenntnisse in die Rezepturen einflie\u00dfen l\u00e4sst und sich die Formulierungen entsprechend \u00e4ndern, ist die jeweils auf der Packung ausgewiesene Angabe der Inhaltsstoffe ma\u00dfgeblich.<\/em><\/p>\n","protected":false},"excerpt":{"rendered":"<p>Multitalent<\/p>\n","protected":false},"featured_media":8705,"comment_status":"open","ping_status":"closed","template":"","meta":{"_links_to":"","_links_to_target":""},"pwb-brand":[263],"product_brand":[],"product_cat":[287],"product_tag":[288,235,290,238,420],"class_list":{"0":"post-1234","1":"product","2":"type-product","3":"status-publish","4":"has-post-thumbnail","6":"pwb-brand-styx","7":"product_cat-chin-min","8":"product_tag-chin-min","9":"product_tag-minze","10":"product_tag-oel","11":"product_tag-styx","12":"product_tag-teebaum","14":"first","15":"instock","16":"taxable","17":"shipping-taxable","18":"purchasable","19":"product-type-variable"},"blog_post_layout_featured_media_urls":{"thumbnail":["https:\/\/www.lebens-qi.at\/qishop\/wp-content\/uploads\/chinmin-oel-beide-groessen-150x150.jpg",150,150,true],"full":["https:\/\/www.lebens-qi.at\/qishop\/wp-content\/uploads\/chinmin-oel-beide-groessen.jpg",515,515,false]},"categories":["263"],"categories_names":{"263":{"name":"STYX","link":"https:\/\/www.lebens-qi.at\/qishop\/brand\/styx\/"}},"comments_number":"0","brands":[{"id":263,"name":"STYX","slug":"styx"}],"_links":{"self":[{"href":"https:\/\/www.lebens-qi.at\/qishop\/wp-json\/wp\/v2\/product\/1234","targetHints":{"allow":["GET"]}}],"collection":[{"href":"https:\/\/www.lebens-qi.at\/qishop\/wp-json\/wp\/v2\/product"}],"about":[{"href":"https:\/\/www.lebens-qi.at\/qishop\/wp-json\/wp\/v2\/types\/product"}],"replies":[{"embeddable":true,"href":"https:\/\/www.lebens-qi.at\/qishop\/wp-json\/wp\/v2\/comments?post=1234"}],"wp:featuredmedia":[{"embeddable":true,"href":"https:\/\/www.lebens-qi.at\/qishop\/wp-json\/wp\/v2\/media\/8705"}],"wp:attachment":[{"href":"https:\/\/www.lebens-qi.at\/qishop\/wp-json\/wp\/v2\/media?parent=1234"}],"wp:term":[{"taxonomy":"pwb-brand","embeddable":true,"href":"https:\/\/www.lebens-qi.at\/qishop\/wp-json\/wp\/v2\/pwb-brand?post=1234"},{"taxonomy":"product_brand","embeddable":true,"href":"https:\/\/www.lebens-qi.at\/qishop\/wp-json\/wp\/v2\/product_brand?post=1234"},{"taxonomy":"product_cat","embeddable":true,"href":"https:\/\/www.lebens-qi.at\/qishop\/wp-json\/wp\/v2\/product_cat?post=1234"},{"taxonomy":"product_tag","embeddable":true,"href":"https:\/\/www.lebens-qi.at\/qishop\/wp-json\/wp\/v2\/product_tag?post=1234"}],"curies":[{"name":"wp","href":"https:\/\/api.w.org\/{rel}","templated":true}]}}