{"id":1244,"date":"2024-02-15T22:54:35","date_gmt":"2024-02-15T21:54:35","guid":{"rendered":"https:\/\/www.lebens-qi.at\/qishop\/produkt\/hanf-handcreme\/"},"modified":"2025-11-12T19:28:27","modified_gmt":"2025-11-12T18:28:27","slug":"hanf-handcreme","status":"publish","type":"product","link":"https:\/\/www.lebens-qi.at\/qishop\/produkt\/hanf-handcreme\/","title":{"rendered":"Hanf Handcreme"},"content":{"rendered":"<p><b>Hanf Handcreme &#8211; Zertifizierte BIO-Kosmetik<\/b><\/p>\n<p>Nat\u00fcrliche Handcreme f\u00fcr streichelzarte H\u00e4nde: Die Hanf Handcreme pflegt trockene H\u00e4nde sanft und verw\u00f6hnt mit einem kr\u00e4utrig-herben, leicht s\u00fc\u00dfen Duft.<br \/>\nRaue oder rissige H\u00e4nde profitieren besonders von der pflegenden und sch\u00fctzenden Wirkung des Hanf\u00f6ls. Die reichhaltige Formel mit Sheabutter, Ringelblumen\u00f6l und Zirbelkiefer\u00f6l versorgt die Haut mit Feuchtigkeit und sch\u00fctzt sie vor dem Austrocknen. Die Handcreme zieht schnell ein ohne nachzufetten. So unterst\u00fctzen Sie die Schutzfunktion und Widerstandskraft der Haut \u2013 f\u00fcr nat\u00fcrlich gepflegte H\u00e4nde!<br \/>\n\u00b7 Sanfte Hautpflege f\u00fcr beanspruchte H\u00e4nde<br \/>\n\u00b7 Intensiv-n\u00e4hrende Pflege mit Patchouli und Ylang Ylang<br \/>\n\u00b7 Besonderer Hautschutz: Vitamin E wirkt antioxidativ<br \/>\n\u00b7 Zertifizierte Naturkosmetik f\u00fcr geschmeidige und sch\u00f6ne H\u00e4nde<br \/>\n\u00b7 Hergestellt mit BIO-zertifiziertem Hanf\u00f6l<\/p>\n<p><b>Vegane Naturkosmetik zum Verw\u00f6hnen<\/b><br \/>\nDie STYX Hanf Handcreme begleitet Sie durch den Tag \u2013 zuverl\u00e4ssig, ergiebig und ausschlie\u00dflich mit nat\u00fcrlichen Inhaltsstoffen. Das hochwertige Hanf\u00f6l wirkt beruhigend und intensiv pflegend, da die enthaltenen unges\u00e4ttigten Fetts\u00e4uren besonders gut von der Haut aufgenommen werden k\u00f6nnen. Die wertvolle Alpha-Linolens\u00e4ure beschleunigt die Zellerneuerung und verleiht dem Hanf\u00f6l stark regenerierende Eigenschaften.<br \/>\nDas Hanf\u00f6l wird aus den Samen des BIO-Hanfs gewonnen. Durch das schonende Kaltpressverfahren bleiben alle Inhaltsstoffe erhalten. Nach dem \u00d6ffnen sollte das Produkt innerhalb eines halben Jahres verbraucht werden.F\u00fcr zu Hause und f\u00fcr unterwegs, f\u00fcr empfindliche und stets zupackende H\u00e4nde \u2013 mit der STYX Hanf Handcreme sind Ihre H\u00e4nde immer optimal gepflegt und gesch\u00fctzt!<\/p>\n<p>Inhalt: 70 ml<\/p>\n<p><em><b>Inhaltsstoffe nach INCI (CTFA):<\/b><br \/>\nAQUA (WATER), BUTYROSPERMUM PARKII (SHEA) BUTTER*, GLYCERIN*, CANNABIS SATIVA (HEMP) SEED OIL*, THEOBROMA CACAO SEED BUTTER*, SORBITAN OLIVATE, GLYCINE SOJA (SOYBEAN) OIL*, CETEARYL OLIVATE, BETULA ALBA (BIRCH) LEAF EXTRACT*, PINUS CEMBRA (SWISS STONE PINE) LEAF\/TWIG OIL*, POGOSTEMON CABLIN (PATCHOULI) LEAF OIL, CANANGA ODORATA (YLANG YLANG) FLOWER OIL*, HUMULUS LUPULUS (HOPS) EXTRACT*, CALENDULA OFFICINALIS (MARIGOLD) FLOWER EXTRACT*, TOCOPHEROL, CETYL PALMITATE, ACACIA SENEGAL GUM, SORBITAN PALMITATE, XANTHAN GUM, BENZYL ALCOHOL, DEHYDROACETIC ACID, CITRIC ACID, LIMONENE, LINALOOL, SODIUM BENZOATE, POTASSIUM SORBATE, BENZYL BENZOATE, BENZYL SALICYLATE, FARNESOL, GERANIOL<br \/>\n* Inhaltsstoffe aus kontrolliert biologischem Anbau<\/em><\/p>\n<p>Die aufgef\u00fchrten Inhaltsstoffe entsprechen dem aktuellen Stand der Produktion. Da STYX regelm\u00e4\u00dfig neue wissenschaftliche Erkenntnisse in die Rezepturen einflie\u00dfen l\u00e4sst und sich die Formulierungen entsprechend \u00e4ndern, ist die jeweils auf der Packung ausgewiesene Angabe der Inhaltsstoffe ma\u00dfgeblich.<\/p>\n","protected":false},"excerpt":{"rendered":"<p>Die nat\u00fcrliche und sanfte Handcreme mit Sheabutter, Ringelblumen\u00f6l und Zirbelkiefer\u00f6l<\/p>\n","protected":false},"featured_media":8683,"comment_status":"open","ping_status":"closed","template":"","meta":{"_links_to":"","_links_to_target":""},"pwb-brand":[263],"product_brand":[],"product_cat":[2153,271],"product_tag":[237,278,92,1730,234,238,279],"class_list":{"0":"post-1244","1":"product","2":"type-product","3":"status-publish","4":"has-post-thumbnail","6":"pwb-brand-styx","7":"product_cat-hand-fusspflege","8":"product_cat-kunst-der-pflege","9":"product_tag-handcreme","10":"product_tag-hanf","11":"product_tag-naturkosmetik","12":"product_tag-ringelblume","13":"product_tag-sheabutter","14":"product_tag-styx","15":"product_tag-zirbe","17":"first","18":"instock","19":"taxable","20":"shipping-taxable","21":"purchasable","22":"product-type-simple"},"blog_post_layout_featured_media_urls":{"thumbnail":["https:\/\/www.lebens-qi.at\/qishop\/wp-content\/uploads\/hanf-handcreme-1-150x150.jpg",150,150,true],"full":["https:\/\/www.lebens-qi.at\/qishop\/wp-content\/uploads\/hanf-handcreme-1.jpg",570,570,false]},"categories":["263"],"categories_names":{"263":{"name":"STYX","link":"https:\/\/www.lebens-qi.at\/qishop\/brand\/styx\/"}},"comments_number":"0","brands":[{"id":263,"name":"STYX","slug":"styx"}],"_links":{"self":[{"href":"https:\/\/www.lebens-qi.at\/qishop\/wp-json\/wp\/v2\/product\/1244","targetHints":{"allow":["GET"]}}],"collection":[{"href":"https:\/\/www.lebens-qi.at\/qishop\/wp-json\/wp\/v2\/product"}],"about":[{"href":"https:\/\/www.lebens-qi.at\/qishop\/wp-json\/wp\/v2\/types\/product"}],"replies":[{"embeddable":true,"href":"https:\/\/www.lebens-qi.at\/qishop\/wp-json\/wp\/v2\/comments?post=1244"}],"wp:featuredmedia":[{"embeddable":true,"href":"https:\/\/www.lebens-qi.at\/qishop\/wp-json\/wp\/v2\/media\/8683"}],"wp:attachment":[{"href":"https:\/\/www.lebens-qi.at\/qishop\/wp-json\/wp\/v2\/media?parent=1244"}],"wp:term":[{"taxonomy":"pwb-brand","embeddable":true,"href":"https:\/\/www.lebens-qi.at\/qishop\/wp-json\/wp\/v2\/pwb-brand?post=1244"},{"taxonomy":"product_brand","embeddable":true,"href":"https:\/\/www.lebens-qi.at\/qishop\/wp-json\/wp\/v2\/product_brand?post=1244"},{"taxonomy":"product_cat","embeddable":true,"href":"https:\/\/www.lebens-qi.at\/qishop\/wp-json\/wp\/v2\/product_cat?post=1244"},{"taxonomy":"product_tag","embeddable":true,"href":"https:\/\/www.lebens-qi.at\/qishop\/wp-json\/wp\/v2\/product_tag?post=1244"}],"curies":[{"name":"wp","href":"https:\/\/api.w.org\/{rel}","templated":true}]}}