{"id":12502,"date":"2025-02-26T17:38:06","date_gmt":"2025-02-26T16:38:06","guid":{"rendered":"https:\/\/www.lebens-qi.at\/qishop\/?post_type=product&#038;p=12502"},"modified":"2025-02-26T18:02:56","modified_gmt":"2025-02-26T17:02:56","slug":"donuthalter-engelsfluegel-silber","status":"publish","type":"product","link":"https:\/\/www.lebens-qi.at\/qishop\/produkt\/donuthalter-engelsfluegel-silber\/","title":{"rendered":"Donuthalter Engelsfl\u00fcgel silber"},"content":{"rendered":"<p><b>Donuthalter<\/b><\/p>\n<p>sind eine geniale M\u00f6glichkeit, Stein-Donuts nicht nur an einem Band, sondern als elegante Schmuckst\u00fccke zu tragen. Daf\u00fcr wird der Stab mit der Anh\u00e4nger\u00f6se von vorne durch das Loch im Donut gesteckt &#8211; schon eignet er sich zum Tragen an einer Halskette. Der Donut kann jederzeit einfach ausgetauscht werden.<\/p>\n<p><b>Donuthalter Anh\u00e4nger ENGELSFL\u00dcGEL<\/b><br \/>\nf\u00fcr 30 bis 40 mm gro\u00dfe Donuts<br \/>\nGr\u00f6\u00dfe der Fl\u00fcgel ca. 2 x 3 cm<br \/>\nFarbe: silber<\/p>\n<p><b>Material\/Qualit\u00e4t:<\/b><br \/>\necht Silber, gl\u00e4nzend<\/p>\n<p><strong>Hinweis:<\/strong> bei 4 cm Donuts ist der Stab meist vollst\u00e4ndig hinter dem Stein, bei 3 cm Donuts ist ein kleines St\u00fcck davon sichtbar (siehe Fotos); wichtig: das Loch im Donut muss so gro\u00df sein, dass die \u00d6se hindurchpasst<\/p>\n","protected":false},"excerpt":{"rendered":"<p>f\u00fcr 3 bis 4 cm gro\u00dfe Donuts<\/p>\n","protected":false},"featured_media":12512,"comment_status":"open","ping_status":"closed","template":"","meta":{"_links_to":"","_links_to_target":""},"pwb-brand":[2143],"product_brand":[],"product_cat":[1902,1011],"product_tag":[117,1188,2633,545,1953,118,1241],"class_list":{"0":"post-12502","1":"product","2":"type-product","3":"status-publish","4":"has-post-thumbnail","6":"pwb-brand-chili-creative-chili-jewels","7":"product_cat-engelschmuck","8":"product_cat-symbolschmuck","9":"product_tag-anhaenger","10":"product_tag-donut","11":"product_tag-donuthalter","12":"product_tag-engel","13":"product_tag-engelsfluegel","14":"product_tag-schmuck","15":"product_tag-silber","17":"first","18":"instock","19":"taxable","20":"shipping-taxable","21":"purchasable","22":"product-type-simple"},"blog_post_layout_featured_media_urls":{"thumbnail":["https:\/\/www.lebens-qi.at\/qishop\/wp-content\/uploads\/engelsfluegel-donuthalter-150x150.png",150,150,true],"full":["https:\/\/www.lebens-qi.at\/qishop\/wp-content\/uploads\/engelsfluegel-donuthalter.png",800,800,false]},"categories":["2143"],"categories_names":{"2143":{"name":"Chili creative &amp; Chili Jewels","link":"https:\/\/www.lebens-qi.at\/qishop\/brand\/chili-creative-chili-jewels\/"}},"comments_number":"0","brands":[{"id":2143,"name":"Chili creative &amp; Chili Jewels","slug":"chili-creative-chili-jewels"}],"_links":{"self":[{"href":"https:\/\/www.lebens-qi.at\/qishop\/wp-json\/wp\/v2\/product\/12502","targetHints":{"allow":["GET"]}}],"collection":[{"href":"https:\/\/www.lebens-qi.at\/qishop\/wp-json\/wp\/v2\/product"}],"about":[{"href":"https:\/\/www.lebens-qi.at\/qishop\/wp-json\/wp\/v2\/types\/product"}],"replies":[{"embeddable":true,"href":"https:\/\/www.lebens-qi.at\/qishop\/wp-json\/wp\/v2\/comments?post=12502"}],"wp:featuredmedia":[{"embeddable":true,"href":"https:\/\/www.lebens-qi.at\/qishop\/wp-json\/wp\/v2\/media\/12512"}],"wp:attachment":[{"href":"https:\/\/www.lebens-qi.at\/qishop\/wp-json\/wp\/v2\/media?parent=12502"}],"wp:term":[{"taxonomy":"pwb-brand","embeddable":true,"href":"https:\/\/www.lebens-qi.at\/qishop\/wp-json\/wp\/v2\/pwb-brand?post=12502"},{"taxonomy":"product_brand","embeddable":true,"href":"https:\/\/www.lebens-qi.at\/qishop\/wp-json\/wp\/v2\/product_brand?post=12502"},{"taxonomy":"product_cat","embeddable":true,"href":"https:\/\/www.lebens-qi.at\/qishop\/wp-json\/wp\/v2\/product_cat?post=12502"},{"taxonomy":"product_tag","embeddable":true,"href":"https:\/\/www.lebens-qi.at\/qishop\/wp-json\/wp\/v2\/product_tag?post=12502"}],"curies":[{"name":"wp","href":"https:\/\/api.w.org\/{rel}","templated":true}]}}