{"id":1266,"date":"2024-02-15T22:54:45","date_gmt":"2024-02-15T21:54:45","guid":{"rendered":"https:\/\/www.lebens-qi.at\/qishop\/produkt\/wildrose-koerpercreme-klein\/"},"modified":"2025-09-12T10:54:00","modified_gmt":"2025-09-12T08:54:00","slug":"wildrose-koerpercreme-klein","status":"publish","type":"product","link":"https:\/\/www.lebens-qi.at\/qishop\/produkt\/wildrose-koerpercreme-klein\/","title":{"rendered":"Wildrose K\u00f6rpercreme klein"},"content":{"rendered":"<p><b>Wildrosen K\u00f6rpercreme &#8211; Zertifizierte BIO-Kosmetik<\/b><\/p>\n<p>Die BIO Austria zertifizierte Wildrosen K\u00f6rpercreme mit BIO Wildrosen\u00f6l aus der Kunst der K\u00f6rperpflege-Linie verw\u00f6hnt und versorgt Ihre Haut nachhaltig. Exquisite und reichhaltige K\u00f6rpercreme zieht sehr gut in die Haut ein und n\u00e4hrt diese mit wertvollen Pflanzen\u00f6len.<\/p>\n<p>\u00b7 exquisit verw\u00f6hnende K\u00f6rpercreme<br \/>\n\u00b7 ein Rosentraum f\u00fcr den ganzen K\u00f6rper<br \/>\n\u00b7 mit Sonnenblumen\u00f6l aus \u00d6sterreich<br \/>\n\u00b7 stabilisiert die Hautzellen<br \/>\n\u00b7 f\u00fcr alle Hauttypen geeignet<br \/>\n\u00b7 vegan und BIO Austria zertifiziert<\/p>\n<p>Die Wildrosen K\u00f6rpercreme mit ihren nat\u00fcrlichen und blumig duftenden Wirkstoffen ist ein exquisiter Rosentraum f\u00fcr den ganzen K\u00f6rper.Nachhaltig und verw\u00f6hnend sorgen die nat\u00fcrlichen Inhaltsstoffe f\u00fcr ein lang anhaltendes, gepflegtes Gef\u00fchl auf der Haut.<br \/>\nSchon w\u00e4hrend des Duschens k\u00f6nnen Sie sich mit dem Wildrosen Duschgel in den Rosengarten begeben und anschlie\u00dfend mit der K\u00f6rpercreme dieses Dufterlebnis abrunden.<br \/>\nDie \u201dfeste Dusche\u201c aus dieser blumigen Wildrosen-Linie bietet eine noch nachhaltigere Alternative um das Duschen und Waschen zu genie\u00dfen.<br \/>\nEin rundum verw\u00f6hnendes Bade- und Pflegeerlebnis f\u00fcr jeden Tag und f\u00fcr jeden Hauttyp!<br \/>\nDas enthaltene kaltgepresste BIO Sonnenblumen\u00f6l aus \u00d6sterreich stabilisiert die Hautzellen, Algen und Vitamin E gl\u00e4tten und n\u00e4hren zus\u00e4tzlich die Haut.<\/p>\n<p>Inhalt: 50 ml<\/p>\n<p><em><b>Inhaltsstoffe nach INCI (CTFA):<\/b><br \/>\nAQUA (WATER), ROSA DAMASCENA FLOWER WATER*, BUTYROSPERMUM PARKII (SHEA) BUTTER*, GLYCERIN*, HELIANTHUS ANNUUS (SUNFLOWER) SEED OIL*, CETEARYL ALCOHOL, SORBITAN OLIVATE, CETEARYL OLIVATE, PARFUM**, ROSA MOSCHATA (ROSE HIP) SEED OIL*, CETYL PALMITATE, SORBITAN PALMITATE, PELARGONIUM GRAVEOLENS (GERANIUM) OIL, ACACIA SENEGAL GUM, TOCOPHEROL, XANTHAN GUM, CHONDRUS CRISPUS (CARRAGEENAN) EXTRACT, ROSA DAMASCENA FLOWER OIL, BENZYL ALCOHOL, DEHYDROACETIC ACID, CITRONELLOL, GERANIOL, LINALOOL, CITRIC ACID, CITRAL, LIMONENE<br \/>\n* Inhaltsstoffe aus kontrolliert biologischem Anbau<\/em><br \/>\n<em>** Parfum nat\u00fcrlichen Ursprungs<\/em><\/p>\n<p>Die aufgef\u00fchrten Inhaltsstoffe entsprechen dem aktuellen Stand der Produktion. Da STYX regelm\u00e4\u00dfig neue wissenschaftliche Erkenntnisse in die Rezepturen einflie\u00dfen l\u00e4sst und sich die Formulierungen entsprechend \u00e4ndern, ist die jeweils auf der Packung ausgewiesene Angabe der Inhaltsstoffe ma\u00dfgeblich.<\/p>\n","protected":false},"excerpt":{"rendered":"<p>exquisit und reichhaltig verw\u00f6hnend<\/p>\n","protected":false},"featured_media":8684,"comment_status":"open","ping_status":"closed","template":"","meta":{"_links_to":"","_links_to_target":""},"pwb-brand":[263],"product_brand":[],"product_cat":[2151,271],"product_tag":[272,92,227,238,2498],"class_list":{"0":"post-1266","1":"product","2":"type-product","3":"status-publish","4":"has-post-thumbnail","6":"pwb-brand-styx","7":"product_cat-koerperpflege","8":"product_cat-kunst-der-pflege","9":"product_tag-koerpercreme","10":"product_tag-naturkosmetik","11":"product_tag-rose","12":"product_tag-styx","13":"product_tag-wildrose","15":"first","16":"instock","17":"taxable","18":"shipping-taxable","19":"purchasable","20":"product-type-simple"},"blog_post_layout_featured_media_urls":{"thumbnail":["https:\/\/www.lebens-qi.at\/qishop\/wp-content\/uploads\/wildrose-creme-klein-150x150.jpg",150,150,true],"full":["https:\/\/www.lebens-qi.at\/qishop\/wp-content\/uploads\/wildrose-creme-klein.jpg",435,435,false]},"categories":["263"],"categories_names":{"263":{"name":"STYX","link":"https:\/\/www.lebens-qi.at\/qishop\/brand\/styx\/"}},"comments_number":"0","brands":[{"id":263,"name":"STYX","slug":"styx"}],"_links":{"self":[{"href":"https:\/\/www.lebens-qi.at\/qishop\/wp-json\/wp\/v2\/product\/1266","targetHints":{"allow":["GET"]}}],"collection":[{"href":"https:\/\/www.lebens-qi.at\/qishop\/wp-json\/wp\/v2\/product"}],"about":[{"href":"https:\/\/www.lebens-qi.at\/qishop\/wp-json\/wp\/v2\/types\/product"}],"replies":[{"embeddable":true,"href":"https:\/\/www.lebens-qi.at\/qishop\/wp-json\/wp\/v2\/comments?post=1266"}],"wp:featuredmedia":[{"embeddable":true,"href":"https:\/\/www.lebens-qi.at\/qishop\/wp-json\/wp\/v2\/media\/8684"}],"wp:attachment":[{"href":"https:\/\/www.lebens-qi.at\/qishop\/wp-json\/wp\/v2\/media?parent=1266"}],"wp:term":[{"taxonomy":"pwb-brand","embeddable":true,"href":"https:\/\/www.lebens-qi.at\/qishop\/wp-json\/wp\/v2\/pwb-brand?post=1266"},{"taxonomy":"product_brand","embeddable":true,"href":"https:\/\/www.lebens-qi.at\/qishop\/wp-json\/wp\/v2\/product_brand?post=1266"},{"taxonomy":"product_cat","embeddable":true,"href":"https:\/\/www.lebens-qi.at\/qishop\/wp-json\/wp\/v2\/product_cat?post=1266"},{"taxonomy":"product_tag","embeddable":true,"href":"https:\/\/www.lebens-qi.at\/qishop\/wp-json\/wp\/v2\/product_tag?post=1266"}],"curies":[{"name":"wp","href":"https:\/\/api.w.org\/{rel}","templated":true}]}}