{"id":1268,"date":"2024-02-15T22:54:47","date_gmt":"2024-02-15T21:54:47","guid":{"rendered":"https:\/\/www.lebens-qi.at\/qishop\/produkt\/wildrose-duschgel\/"},"modified":"2025-09-12T10:53:36","modified_gmt":"2025-09-12T08:53:36","slug":"wildrose-duschgel","status":"publish","type":"product","link":"https:\/\/www.lebens-qi.at\/qishop\/produkt\/wildrose-duschgel\/","title":{"rendered":"Wildrose Duschgel"},"content":{"rendered":"<p><b>Wildrosen Duschgel &#8211; Zertifiziert mit BIO Wildrosen\u00f6l<\/b><\/p>\n<p>Das exquisite und sanft pflegende Duschgel mit Wildrosen und Damascena Rosen\u00f6l schmeichelt der Haut und verw\u00f6hnt Ihren K\u00f6rper.<\/p>\n<p>\u00b7 exquisit und sanft verw\u00f6hnendes Duschgel<br \/>\n\u00b7 ein Rosentraum f\u00fcr den jeden Tag<br \/>\n\u00b7 mit Bio Aloe Vera und Kamille<br \/>\n\u00b7 schmeichelt und pflegt die Haut<br \/>\n\u00b7 f\u00fcr alle Hauttypen geeignet<br \/>\n\u00b7 vegan und ECOCERT CCOSMOS NATURAL zertifiziert<\/p>\n<p>Das exquisite und sanft pflegende Duschgel mit Wildrosen und Damascena Rosen\u00f6l schmeichelt der Haut und verw\u00f6hnt Ihren K\u00f6rper. Ein zauberhaftes, t\u00e4gliches Vergn\u00fcgen mit dem zarten Duft der Rosen zum Duschen und Pflegen.<br \/>\nDie zus\u00e4tzlich enthaltenen Wirkstoffe aus Aloe Vera und Kamille verleihen ein zartes und weiches Gef\u00fchl auf der Haut. Das enthaltene feine Meersalz f\u00f6rdert eine gesunde Haut und reguliert gleichzeitig den Schutzmantel der Haut.<br \/>\nAls perfekte Erg\u00e4nzung zur K\u00f6rperpflege ist die Wildrosen K\u00f6rpercreme ein rundum duftendes und verw\u00f6hnendes Erlebnis.<\/p>\n<p>Schenken Sie Ihrer Haut Sch\u00f6nheit und Pflege \u2013 mit den Wildrosen Pflegeprodukten<br \/>\n<b>Die Produkte der Wildrosen-Linie sind f\u00fcr alle Hauttypen geeignet!<\/b><\/p>\n<p>Inhalt: 200 ml<\/p>\n<p><b><em>Inhaltsstoffe nach INCI (CTFA):<\/em><\/b><br \/>\nAQUA (WATER), SODIUM COCO-SULFATE, COCO-GLUCOSIDE, CITRIC ACID, ALOE BARBADENSIS LEAF JUICE*, MARIS SAL (SEA SALT), GLYCERYL OLEATE, ROSA CENTIFOLIA FLOWER EXTRACT, ANTHEMIS NOBILIS FLOWER EXTRACT*, XANTHAN GUM, GLYCERIN, ROSA DAMASCENA FLOWER OIL, SODIUM BENZOATE, POTASSIUM SORBATE, PARFUM**, LINALOOL, CITRONELLOL, GERANIOL, BENZYL ALCOHOL<br \/>\n* Inhaltsstoffe aus kontrolliert biologischem Anbau<br \/>\n** Parfum nat\u00fcrlichen Ursprungs<\/p>\n<p>Die aufgef\u00fchrten Inhaltsstoffe entsprechen dem aktuellen Stand der Produktion. Da STYX regelm\u00e4\u00dfig neue wissenschaftliche Erkenntnisse in die Rezepturen einflie\u00dfen l\u00e4sst und sich die Formulierungen entsprechend \u00e4ndern, ist die jeweils auf der Packung ausgewiesene Angabe der Inhaltsstoffe ma\u00dfgeblich.<\/p>\n","protected":false},"excerpt":{"rendered":"<p>pflegt und verw\u00f6hnt Ihren K\u00f6rper jeden Tag<\/p>\n","protected":false},"featured_media":1267,"comment_status":"open","ping_status":"closed","template":"","meta":{"_links_to":"","_links_to_target":""},"pwb-brand":[263],"product_brand":[],"product_cat":[2151,271],"product_tag":[183,92,227,238],"class_list":{"0":"post-1268","1":"product","2":"type-product","3":"status-publish","4":"has-post-thumbnail","6":"pwb-brand-styx","7":"product_cat-koerperpflege","8":"product_cat-kunst-der-pflege","9":"product_tag-duschgel","10":"product_tag-naturkosmetik","11":"product_tag-rose","12":"product_tag-styx","14":"first","15":"instock","16":"taxable","17":"shipping-taxable","18":"purchasable","19":"product-type-simple"},"blog_post_layout_featured_media_urls":{"thumbnail":["https:\/\/www.lebens-qi.at\/qishop\/wp-content\/uploads\/1114_0-150x150.jpg",150,150,true],"full":["https:\/\/www.lebens-qi.at\/qishop\/wp-content\/uploads\/1114_0.jpg",800,800,false]},"categories":["263"],"categories_names":{"263":{"name":"STYX","link":"https:\/\/www.lebens-qi.at\/qishop\/brand\/styx\/"}},"comments_number":"0","brands":[{"id":263,"name":"STYX","slug":"styx"}],"_links":{"self":[{"href":"https:\/\/www.lebens-qi.at\/qishop\/wp-json\/wp\/v2\/product\/1268","targetHints":{"allow":["GET"]}}],"collection":[{"href":"https:\/\/www.lebens-qi.at\/qishop\/wp-json\/wp\/v2\/product"}],"about":[{"href":"https:\/\/www.lebens-qi.at\/qishop\/wp-json\/wp\/v2\/types\/product"}],"replies":[{"embeddable":true,"href":"https:\/\/www.lebens-qi.at\/qishop\/wp-json\/wp\/v2\/comments?post=1268"}],"wp:featuredmedia":[{"embeddable":true,"href":"https:\/\/www.lebens-qi.at\/qishop\/wp-json\/wp\/v2\/media\/1267"}],"wp:attachment":[{"href":"https:\/\/www.lebens-qi.at\/qishop\/wp-json\/wp\/v2\/media?parent=1268"}],"wp:term":[{"taxonomy":"pwb-brand","embeddable":true,"href":"https:\/\/www.lebens-qi.at\/qishop\/wp-json\/wp\/v2\/pwb-brand?post=1268"},{"taxonomy":"product_brand","embeddable":true,"href":"https:\/\/www.lebens-qi.at\/qishop\/wp-json\/wp\/v2\/product_brand?post=1268"},{"taxonomy":"product_cat","embeddable":true,"href":"https:\/\/www.lebens-qi.at\/qishop\/wp-json\/wp\/v2\/product_cat?post=1268"},{"taxonomy":"product_tag","embeddable":true,"href":"https:\/\/www.lebens-qi.at\/qishop\/wp-json\/wp\/v2\/product_tag?post=1268"}],"curies":[{"name":"wp","href":"https:\/\/api.w.org\/{rel}","templated":true}]}}