{"id":1274,"date":"2024-02-15T22:54:57","date_gmt":"2024-02-15T21:54:57","guid":{"rendered":"https:\/\/www.lebens-qi.at\/qishop\/produkt\/lavendel-zitrone-feste-dusche\/"},"modified":"2025-08-22T11:16:43","modified_gmt":"2025-08-22T09:16:43","slug":"lavendel-zitrone-feste-dusche","status":"publish","type":"product","link":"https:\/\/www.lebens-qi.at\/qishop\/produkt\/lavendel-zitrone-feste-dusche\/","title":{"rendered":"Lavendel-Zitrone Feste Dusche"},"content":{"rendered":"<p><b>Lavendel-Zitrone &#8211; Feste Dusche<\/b><\/p>\n<p>Schon einmal fest statt fl\u00fcssig geduscht?<br \/>\nDie vegane, beruhigende feste Dusche unterst\u00fctzt die Haut beim Reinigen und erfrischt sie gleichzeitig mit dem <b>feinen Duft der Provence<\/b>.<\/p>\n<p>\u00b7 cremiges, erfrischendes festes Dusch-St\u00fcck<br \/>\n\u00b7 zum Reinigen f\u00fcr den ganzen K\u00f6rper<br \/>\n\u00b7 zertifizierte Naturkosmetik<br \/>\n\u00b7 f\u00fcr alle Hauttypen geeignet<br \/>\n\u00b7 kompostierbare Folie als umweltfreundliche Verpackung<br \/>\n\u00b7 vegan<\/p>\n<p>Die handgemachte feste Dusche von STYX Naturcosmetic mit BIO Lavendel und BIO Shea Butter verw\u00f6hnt Ihren K\u00f6rper beim Duschen und Waschen.<br \/>\nPflegen Sie sich mit dem beruhigenden und frisch duftenden Schaum der biologisch abbaubaren festen Dusche mit Lavendel und Zitrone.<br \/>\nZudem hinterl\u00e4sst die Rezeptur mit BIO Shea Butter ein gepflegtes und frisches Hautgef\u00fchl und sorgt f\u00fcr einen nat\u00fcrlichen Hautschutz.Obendrein ist die erstklassige Pflegeformel der Naturkosmetik frei von k\u00fcnstlichen Farb-, Duft und Konservierungsstoffen.<br \/>\nDie neue innovative und umweltschonende Verpackung ist aus kompostierbarer Folie, die im Biom\u00fcll entsorgt werden kann. Innerhalb von ca. 15 Wochen zersetzt sich die Folie vollst\u00e4ndig.<\/p>\n<p><b>ANWENDUNG:<\/b><br \/>\nUnter der Dusche mit beiden H\u00e4nden aufsch\u00e4umen und wie gewohnt den ganzen K\u00f6rper waschen und duschen. Eine Seifenschale oder ein Netz sorgen f\u00fcr die optimale, trockene Lagerung.<b><\/b><\/p>\n<p>TIPP f\u00fcr Umweltbewusste und Zero Waste-Fans:Ein St\u00fcck feste Dusche ersetzt 3x 200ml Duschgel-Flaschen. Das entspricht ca. 50-60 Anwendungen!<\/p>\n<p>Inhalt: 100 g<\/p>\n<p><b><em>Inhaltsstoffe nach INCI (CTFA):<\/em><\/b><br \/>\nSODIUM PALMATE**, SODIUM PALM KERNELATE**, AQUA (WATER), GLYCERIN**, BUTYROSPERMUM PARKII (SHEA) BUTTER*, TITANIUM DIOXIDE (CI 77891), LAVANDULA ANGUSTIFOLIA (LAVENDER) OIL*, CITRUS LIMON (LEMON) PEEL OIL, PARFUM***, LINALOOL, LIMONENE, SODIUM CHLORIDE, CITRIC ACID, TETRASODIUM GLUTAMATE DIACETATE, CITRAL, GERANIOL<br \/>\n* Inhaltsstoffe aus kontrolliert biologischem Anbau<br \/>\n** Hergestellt mit Bio-Inhaltsstoffen<br \/>\n*** Parfum nat\u00fcrlichen Ursprungs<\/p>\n<p>Die aufgef\u00fchrten Inhaltsstoffe entsprechen dem aktuellen Stand der Produktion. Da STYX regelm\u00e4\u00dfig neue wissenschaftliche Erkenntnisse in die Rezepturen einflie\u00dfen l\u00e4sst und sich die Formulierungen entsprechend \u00e4ndern, ist die jeweils auf der Packung ausgewiesene Angabe der Inhaltsstoffe ma\u00dfgeblich.<\/p>\n","protected":false},"excerpt":{"rendered":"<p>erfrischende, beruhigende feste Dusche f\u00fcr den ganzen K\u00f6rper \u2013 f\u00fcr jeden Hauttyp geeignetusche f\u00fcr den ganzen K\u00f6rper \u2013 f\u00fcr jeden Hauttyp geeignet.<\/p>\n","protected":false},"featured_media":1273,"comment_status":"open","ping_status":"closed","template":"","meta":{"_links_to":"","_links_to_target":""},"pwb-brand":[263],"product_brand":[],"product_cat":[2151,271],"product_tag":[285,225,92,224,238,275],"class_list":{"0":"post-1274","1":"product","2":"type-product","3":"status-publish","4":"has-post-thumbnail","6":"pwb-brand-styx","7":"product_cat-koerperpflege","8":"product_cat-kunst-der-pflege","9":"product_tag-feste-dusche","10":"product_tag-lavendel","11":"product_tag-naturkosmetik","12":"product_tag-seife","13":"product_tag-styx","14":"product_tag-zitrone","16":"first","17":"instock","18":"taxable","19":"shipping-taxable","20":"purchasable","21":"product-type-simple"},"blog_post_layout_featured_media_urls":{"thumbnail":["https:\/\/www.lebens-qi.at\/qishop\/wp-content\/uploads\/1069_0-150x150.jpg",150,150,true],"full":["https:\/\/www.lebens-qi.at\/qishop\/wp-content\/uploads\/1069_0.jpg",800,800,false]},"categories":["263"],"categories_names":{"263":{"name":"STYX","link":"https:\/\/www.lebens-qi.at\/qishop\/brand\/styx\/"}},"comments_number":"0","brands":[{"id":263,"name":"STYX","slug":"styx"}],"_links":{"self":[{"href":"https:\/\/www.lebens-qi.at\/qishop\/wp-json\/wp\/v2\/product\/1274","targetHints":{"allow":["GET"]}}],"collection":[{"href":"https:\/\/www.lebens-qi.at\/qishop\/wp-json\/wp\/v2\/product"}],"about":[{"href":"https:\/\/www.lebens-qi.at\/qishop\/wp-json\/wp\/v2\/types\/product"}],"replies":[{"embeddable":true,"href":"https:\/\/www.lebens-qi.at\/qishop\/wp-json\/wp\/v2\/comments?post=1274"}],"wp:featuredmedia":[{"embeddable":true,"href":"https:\/\/www.lebens-qi.at\/qishop\/wp-json\/wp\/v2\/media\/1273"}],"wp:attachment":[{"href":"https:\/\/www.lebens-qi.at\/qishop\/wp-json\/wp\/v2\/media?parent=1274"}],"wp:term":[{"taxonomy":"pwb-brand","embeddable":true,"href":"https:\/\/www.lebens-qi.at\/qishop\/wp-json\/wp\/v2\/pwb-brand?post=1274"},{"taxonomy":"product_brand","embeddable":true,"href":"https:\/\/www.lebens-qi.at\/qishop\/wp-json\/wp\/v2\/product_brand?post=1274"},{"taxonomy":"product_cat","embeddable":true,"href":"https:\/\/www.lebens-qi.at\/qishop\/wp-json\/wp\/v2\/product_cat?post=1274"},{"taxonomy":"product_tag","embeddable":true,"href":"https:\/\/www.lebens-qi.at\/qishop\/wp-json\/wp\/v2\/product_tag?post=1274"}],"curies":[{"name":"wp","href":"https:\/\/api.w.org\/{rel}","templated":true}]}}