{"id":1284,"date":"2024-02-15T22:55:02","date_gmt":"2024-02-15T21:55:02","guid":{"rendered":"https:\/\/www.lebens-qi.at\/qishop\/produkt\/chin-min-sport-fluid\/"},"modified":"2025-09-12T10:52:35","modified_gmt":"2025-09-12T08:52:35","slug":"chin-min-sport-fluid","status":"publish","type":"product","link":"https:\/\/www.lebens-qi.at\/qishop\/produkt\/chin-min-sport-fluid\/","title":{"rendered":"Chin Min Sport Fluid"},"content":{"rendered":"<p><b>Chin Min Sport Fluid<\/b><\/p>\n<p>Aufw\u00e4rmen, aktivieren, vorbeugen \u2013 gut versorgt mit dem Chin Min Sport Fluid:<br \/>\nDie richtige Vorbereitung kann die sportliche Leistungsf\u00e4higkeit enorm f\u00f6rdern. Das STYX Chin Min Sport Fluid aktiviert die Muskeln vor dem Sport: So sind sie bestens f\u00fcr Belastung ger\u00fcstet.<\/p>\n<p>\u25cf W\u00e4rmende Sport-Creme: f\u00f6rdert die Blutzirkulation<br \/>\n\u25cf Angenehme Konsistenz: ideal zum Einreiben und Massieren<br \/>\n\u25cf Zur Vorbeugung bei Muskelkater, Leistungsabfall oder Erm\u00fcdung<br \/>\n\u25cf Vegane Naturkosmetik: regional und nachhaltig<\/p>\n<p><b>Vor dem Sport: Chin Min steigert die Leistung!<\/b><br \/>\nMit dem STYX Chin Min Sport Fluid bereiten Sie Ihre Muskeln optimal f\u00fcr sportliche Herausforderungen vor. Durch Bewegung wird die durchblutungsf\u00f6rdernde Wirkung der Lotion verst\u00e4rkt: Der Muskel nimmt die Wirkstoffe besser auf und wird intensiv erw\u00e4rmt. Acker-Minze, Menthol, Rosmarin\u00f6l und Nikotin-Wirkstoff wirken vitalisierend und belebend auf die Muskulatur. Jojoba\u00f6l, Ringelblumen\u00f6l und Sheabutter pflegen sanft und sorgen f\u00fcr eine gute Hautvertr\u00e4glichkeit.<\/p>\n<p>Die Naturkosmetik-Produkte der Chin Min Pflegeserie unterst\u00fctzen Sie nicht nur beim Training, sondern bringen den gesamten K\u00f6rper ins Gleichgewicht. Testen Sie Ihre sportlichen Grenzen aus und lassen Sie sich von der nachhaltigen Wirkung der Chin Min Rezeptur \u00fcberzeugen. Das STYX Chin Min Sport Fluid darf in keiner Sporttasche fehlen: f\u00fcr mehr Leistung und mehr Freude am Sport!<\/p>\n<p><b>Dieses Produkt ist stark durchblutend und darf w\u00e4hrend der Schwangerschaft und Stillzeit nicht angewendet werden!<\/b><\/p>\n<p>Inhalt: 100 ml<\/p>\n<p><em><b>Inhaltsstoffe nach INCI (CTFA):<\/b><br \/>\nAQUA (WATER), GLYCERIN, CAPRYLIC\/CAPRIC TRIGLYCERIDE, GLYCERYL STEARATE CITRATE, SIMMONDSIA CHINENSIS (JOJOBA) SEED OIL, CALENDULA OFFICINALIS (MARIGOLD) FLOWER OIL, BUTYROSPERMUM PARKII (SHEA BUTTER)*, CETYL ALCOHOL, GLYCERYL STEARATE, MENTHA ARVENSIS LEAF OIL, GLUCONOLACTONE, MENTHOL*, PANTHENOL, SODIUM STEAROYL GLUTAMATE, SODIUM BENZOATE, XANTHAN GUM, ROSMARINUS OFFICINALIS LEAF OIL, BENZYL NICOTINATE, LIMONENE, LINALOOL<br \/>\n* Inhaltsstoffe aus kontrolliert biologischem Anbau<\/em><\/p>\n<p>Die aufgef\u00fchrten Inhaltsstoffe entsprechen dem aktuellen Stand der Produktion. Da STYX regelm\u00e4\u00dfig neue wissenschaftliche Erkenntnisse in die Rezepturen einflie\u00dfen l\u00e4sst und die Formulierungen entsprechend \u00e4ndert, ist die jeweils auf der Packung ausgewiesene Angabe der Inhaltsstoffe ma\u00dfgeblich.<\/p>\n","protected":false},"excerpt":{"rendered":"<p>Vorbereitung<\/p>\n","protected":false},"featured_media":1283,"comment_status":"open","ping_status":"closed","template":"","meta":{"_links_to":"","_links_to_target":""},"pwb-brand":[263],"product_brand":[],"product_cat":[287,2151],"product_tag":[288,1833,235,1730,234,289,238],"class_list":{"0":"post-1284","1":"product","2":"type-product","3":"status-publish","4":"has-post-thumbnail","6":"pwb-brand-styx","7":"product_cat-chin-min","8":"product_cat-koerperpflege","9":"product_tag-chin-min","10":"product_tag-jojoba","11":"product_tag-minze","12":"product_tag-ringelblume","13":"product_tag-sheabutter","14":"product_tag-sport","15":"product_tag-styx","17":"first","18":"instock","19":"taxable","20":"shipping-taxable","21":"purchasable","22":"product-type-simple"},"blog_post_layout_featured_media_urls":{"thumbnail":["https:\/\/www.lebens-qi.at\/qishop\/wp-content\/uploads\/64_0-150x150.jpg",150,150,true],"full":["https:\/\/www.lebens-qi.at\/qishop\/wp-content\/uploads\/64_0.jpg",800,800,false]},"categories":["263"],"categories_names":{"263":{"name":"STYX","link":"https:\/\/www.lebens-qi.at\/qishop\/brand\/styx\/"}},"comments_number":"0","brands":[{"id":263,"name":"STYX","slug":"styx"}],"_links":{"self":[{"href":"https:\/\/www.lebens-qi.at\/qishop\/wp-json\/wp\/v2\/product\/1284","targetHints":{"allow":["GET"]}}],"collection":[{"href":"https:\/\/www.lebens-qi.at\/qishop\/wp-json\/wp\/v2\/product"}],"about":[{"href":"https:\/\/www.lebens-qi.at\/qishop\/wp-json\/wp\/v2\/types\/product"}],"replies":[{"embeddable":true,"href":"https:\/\/www.lebens-qi.at\/qishop\/wp-json\/wp\/v2\/comments?post=1284"}],"wp:featuredmedia":[{"embeddable":true,"href":"https:\/\/www.lebens-qi.at\/qishop\/wp-json\/wp\/v2\/media\/1283"}],"wp:attachment":[{"href":"https:\/\/www.lebens-qi.at\/qishop\/wp-json\/wp\/v2\/media?parent=1284"}],"wp:term":[{"taxonomy":"pwb-brand","embeddable":true,"href":"https:\/\/www.lebens-qi.at\/qishop\/wp-json\/wp\/v2\/pwb-brand?post=1284"},{"taxonomy":"product_brand","embeddable":true,"href":"https:\/\/www.lebens-qi.at\/qishop\/wp-json\/wp\/v2\/product_brand?post=1284"},{"taxonomy":"product_cat","embeddable":true,"href":"https:\/\/www.lebens-qi.at\/qishop\/wp-json\/wp\/v2\/product_cat?post=1284"},{"taxonomy":"product_tag","embeddable":true,"href":"https:\/\/www.lebens-qi.at\/qishop\/wp-json\/wp\/v2\/product_tag?post=1284"}],"curies":[{"name":"wp","href":"https:\/\/api.w.org\/{rel}","templated":true}]}}