{"id":1286,"date":"2024-02-15T22:55:03","date_gmt":"2024-02-15T21:55:03","guid":{"rendered":"https:\/\/www.lebens-qi.at\/qishop\/produkt\/chin-min-sport-spray\/"},"modified":"2025-09-12T10:52:16","modified_gmt":"2025-09-12T08:52:16","slug":"chin-min-sport-spray","status":"publish","type":"product","link":"https:\/\/www.lebens-qi.at\/qishop\/produkt\/chin-min-sport-spray\/","title":{"rendered":"Chin Min Sport Spray"},"content":{"rendered":"<p><b>Chin Min Sport Spray<\/b><\/p>\n<p>Chin Min Sport Spray k\u00fchlt und erfrischt w\u00e4hrend des Sports die Muskulatur. Er aktiviert das Muskelgewebe und liefert neue Energie bei beginnender Erm\u00fcdung. Die Durchblutung wird angeregt. Chin Min Sport Spray steigert die Leistungsf\u00e4higkeit. Mit dem Chin Min Sport Spray k\u00f6nnen Sie Ihre Konzentration voll und ganz dem Sport und der sportlichen Leistung widmen.<\/p>\n<p><b>Anwendung<\/b><\/p>\n<p>Einfach auf die betroffenen Stellen aufspr\u00fchen und bei Bedarf kreisf\u00f6rmig einreiben. Nicht f\u00fcr Kinder unter 3 Jahren verwenden. Nicht in die Augen und unverd\u00fcnnt auf Schleimh\u00e4ute bringen. Nach dem Gebrauch H\u00e4nde waschen.<\/p>\n<p>Inhalt: 100 ml<\/p>\n<p><em><b>Inhaltsstoffe nach INCI (CTFA):<\/b><br \/>\nALCOHOL*, MENTHA ARVENSIS LEAF OIL, LIMONENE, MELALEUCA ALTERNIFOLIA (TEA TREE) OIL, MENTHOL*, BENZYL NICOTINATE<\/em><\/p>\n<p><em>* Inhaltsstoffe aus kontrolliert biologischem Anbau<\/em><\/p>\n<p><em>Die aufgef\u00fchrten Inhaltsstoffe entsprechen dem aktuellen Stand der Produktion. Da STYX regelm\u00e4\u00dfig neue wissenschaftliche Erkenntnisse in die Rezepturen einflie\u00dfen l\u00e4sst und sich die Formulierungen entsprechend \u00e4ndern, ist die jeweils auf der Packung ausgewiesene Angabe der Inhaltsstoffe ma\u00dfgeblich.<\/em><\/p>\n","protected":false},"excerpt":{"rendered":"<p>Leistungssteigerung &#8211; Frischekick<\/p>\n","protected":false},"featured_media":8690,"comment_status":"open","ping_status":"closed","template":"","meta":{"_links_to":"","_links_to_target":""},"pwb-brand":[263],"product_brand":[],"product_cat":[287,2151],"product_tag":[288,235,289,238,420],"class_list":{"0":"post-1286","1":"product","2":"type-product","3":"status-publish","4":"has-post-thumbnail","6":"pwb-brand-styx","7":"product_cat-chin-min","8":"product_cat-koerperpflege","9":"product_tag-chin-min","10":"product_tag-minze","11":"product_tag-sport","12":"product_tag-styx","13":"product_tag-teebaum","15":"first","16":"instock","17":"taxable","18":"shipping-taxable","19":"purchasable","20":"product-type-simple"},"blog_post_layout_featured_media_urls":{"thumbnail":["https:\/\/www.lebens-qi.at\/qishop\/wp-content\/uploads\/chin-min-sportspray-150x150.jpg",150,150,true],"full":["https:\/\/www.lebens-qi.at\/qishop\/wp-content\/uploads\/chin-min-sportspray.jpg",500,500,false]},"categories":["263"],"categories_names":{"263":{"name":"STYX","link":"https:\/\/www.lebens-qi.at\/qishop\/brand\/styx\/"}},"comments_number":"0","brands":[{"id":263,"name":"STYX","slug":"styx"}],"_links":{"self":[{"href":"https:\/\/www.lebens-qi.at\/qishop\/wp-json\/wp\/v2\/product\/1286","targetHints":{"allow":["GET"]}}],"collection":[{"href":"https:\/\/www.lebens-qi.at\/qishop\/wp-json\/wp\/v2\/product"}],"about":[{"href":"https:\/\/www.lebens-qi.at\/qishop\/wp-json\/wp\/v2\/types\/product"}],"replies":[{"embeddable":true,"href":"https:\/\/www.lebens-qi.at\/qishop\/wp-json\/wp\/v2\/comments?post=1286"}],"wp:featuredmedia":[{"embeddable":true,"href":"https:\/\/www.lebens-qi.at\/qishop\/wp-json\/wp\/v2\/media\/8690"}],"wp:attachment":[{"href":"https:\/\/www.lebens-qi.at\/qishop\/wp-json\/wp\/v2\/media?parent=1286"}],"wp:term":[{"taxonomy":"pwb-brand","embeddable":true,"href":"https:\/\/www.lebens-qi.at\/qishop\/wp-json\/wp\/v2\/pwb-brand?post=1286"},{"taxonomy":"product_brand","embeddable":true,"href":"https:\/\/www.lebens-qi.at\/qishop\/wp-json\/wp\/v2\/product_brand?post=1286"},{"taxonomy":"product_cat","embeddable":true,"href":"https:\/\/www.lebens-qi.at\/qishop\/wp-json\/wp\/v2\/product_cat?post=1286"},{"taxonomy":"product_tag","embeddable":true,"href":"https:\/\/www.lebens-qi.at\/qishop\/wp-json\/wp\/v2\/product_tag?post=1286"}],"curies":[{"name":"wp","href":"https:\/\/api.w.org\/{rel}","templated":true}]}}