{"id":13073,"date":"2025-03-20T16:57:36","date_gmt":"2025-03-20T15:57:36","guid":{"rendered":"https:\/\/www.lebens-qi.at\/qishop\/?post_type=product&#038;p=13073"},"modified":"2026-02-28T14:12:34","modified_gmt":"2026-02-28T13:12:34","slug":"tigerauge-chakrastein","status":"publish","type":"product","link":"https:\/\/www.lebens-qi.at\/qishop\/produkt\/tigerauge-chakrastein\/","title":{"rendered":"Tigerauge Chakrastein"},"content":{"rendered":"<p><strong>Tigerauge Chakrastein<\/strong><\/p>\n<p>Chakrasteine sind flach geschliffene (Halbedel-)Steine, die sich besonders gut zum Auflegen auf den K\u00f6rper eignen.<\/p>\n<p>Gr\u00f6\u00dfe: ca. 3-4 cm<br \/>\nForm: oval bis rund<br \/>\nFarbe: gold-braun<br \/>\nChakrazuordnung: Solarplexus<br \/>\nThemen: Konzentration, Aufnahmef\u00e4higkeit, Durchblick, Ausgeglichenheit, Geborgenheit<br \/>\nSternzeichen: Jungfrau<\/p>\n<p>F\u00fcr die sog. Heilsteinwirkung lesen Sie bitte in entsprechenden B\u00fcchern nach. Aus rechtlichen Gr\u00fcnden d\u00fcrfen wir keine gesundheitlichen Aussagen treffen. <a href=\"https:\/\/www.lebens-qi.at\/qishop\/produkt-kategorie\/mehr\/buecher\/heilsteine\/\">Hier finden Sie unsere Auswahl an Steineb\u00fcchern.<\/a><\/p>\n<p><em>Lieferumfang 1 St\u00fcck<\/em><br \/>\n<em>Hinweis: Symbolfoto \u2013 bei Steinen gibt es deutliche Abweichungen in Maserung und Farbe!<\/em><\/p>\n","protected":false},"excerpt":{"rendered":"<p>Stein der Konzentration<\/p>\n","protected":false},"featured_media":18651,"comment_status":"open","ping_status":"closed","template":"","meta":{"_links_to":"","_links_to_target":""},"pwb-brand":[114],"product_brand":[],"product_cat":[2027],"product_tag":[2028,538,568],"class_list":{"0":"post-13073","1":"product","2":"type-product","3":"status-publish","4":"has-post-thumbnail","6":"pwb-brand-lebens-qi-kraft-der-steine","7":"product_cat-chakrasteine","8":"product_tag-chakrasteine","9":"product_tag-konzentration","10":"product_tag-tigerauge","11":"pa_herkunft-suedafrika","13":"first","14":"instock","15":"taxable","16":"shipping-taxable","17":"purchasable","18":"product-type-simple"},"blog_post_layout_featured_media_urls":{"thumbnail":["https:\/\/www.lebens-qi.at\/qishop\/wp-content\/uploads\/cs-tigerauge-150x150.png",150,150,true],"full":["https:\/\/www.lebens-qi.at\/qishop\/wp-content\/uploads\/cs-tigerauge.png",800,800,false]},"categories":["114"],"categories_names":{"114":{"name":"Lebens-Qi Kraft der Steine","link":"https:\/\/www.lebens-qi.at\/qishop\/brand\/lebens-qi-kraft-der-steine\/"}},"comments_number":"0","brands":[{"id":114,"name":"Lebens-Qi Kraft der Steine","slug":"lebens-qi-kraft-der-steine"}],"_links":{"self":[{"href":"https:\/\/www.lebens-qi.at\/qishop\/wp-json\/wp\/v2\/product\/13073","targetHints":{"allow":["GET"]}}],"collection":[{"href":"https:\/\/www.lebens-qi.at\/qishop\/wp-json\/wp\/v2\/product"}],"about":[{"href":"https:\/\/www.lebens-qi.at\/qishop\/wp-json\/wp\/v2\/types\/product"}],"replies":[{"embeddable":true,"href":"https:\/\/www.lebens-qi.at\/qishop\/wp-json\/wp\/v2\/comments?post=13073"}],"wp:featuredmedia":[{"embeddable":true,"href":"https:\/\/www.lebens-qi.at\/qishop\/wp-json\/wp\/v2\/media\/18651"}],"wp:attachment":[{"href":"https:\/\/www.lebens-qi.at\/qishop\/wp-json\/wp\/v2\/media?parent=13073"}],"wp:term":[{"taxonomy":"pwb-brand","embeddable":true,"href":"https:\/\/www.lebens-qi.at\/qishop\/wp-json\/wp\/v2\/pwb-brand?post=13073"},{"taxonomy":"product_brand","embeddable":true,"href":"https:\/\/www.lebens-qi.at\/qishop\/wp-json\/wp\/v2\/product_brand?post=13073"},{"taxonomy":"product_cat","embeddable":true,"href":"https:\/\/www.lebens-qi.at\/qishop\/wp-json\/wp\/v2\/product_cat?post=13073"},{"taxonomy":"product_tag","embeddable":true,"href":"https:\/\/www.lebens-qi.at\/qishop\/wp-json\/wp\/v2\/product_tag?post=13073"}],"curies":[{"name":"wp","href":"https:\/\/api.w.org\/{rel}","templated":true}]}}