{"id":13080,"date":"2025-03-21T10:39:11","date_gmt":"2025-03-21T09:39:11","guid":{"rendered":"https:\/\/www.lebens-qi.at\/qishop\/?post_type=product&#038;p=13080"},"modified":"2026-02-28T09:37:07","modified_gmt":"2026-02-28T08:37:07","slug":"rubin-fuchsit-chakrastein","status":"publish","type":"product","link":"https:\/\/www.lebens-qi.at\/qishop\/produkt\/rubin-fuchsit-chakrastein\/","title":{"rendered":"Rubin-Fuchsit Chakrastein"},"content":{"rendered":"<p><strong>Rubin-Fuchsit Chakrastein<\/strong><\/p>\n<p>Chakrasteine sind flach geschliffene (Halbedel-)Steine, die sich besonders gut zum Auflegen auf den K\u00f6rper eignen.<\/p>\n<p>Gr\u00f6\u00dfe: ca. 4 cm<br \/>\nForm: oval bis rund<br \/>\nFarbe: gr\u00fcn mit roten Rubineinschl\u00fcssen<br \/>\nChakrazuordnung: Herzchakra<br \/>\nThemen: Gelassenheit, Problembew\u00e4ltigung, Selbstbestimmung, Schutz<\/p>\n<p>F\u00fcr die sog. Heilsteinwirkung lesen Sie bitte in entsprechenden B\u00fcchern nach. Aus rechtlichen Gr\u00fcnden d\u00fcrfen wir keine gesundheitlichen Aussagen treffen. <a href=\"https:\/\/www.lebens-qi.at\/qishop\/produkt-kategorie\/mehr\/buecher\/heilsteine\/\">Hier finden Sie unsere Auswahl an Steineb\u00fcchern.<\/a><\/p>\n<p><em>Lieferumfang 1 St\u00fcck<\/em><br \/>\n<em>Hinweis: Symbolfoto \u2013 bei Steinen gibt es deutliche Abweichungen in Maserung und Farbe!<\/em><\/p>\n","protected":false},"excerpt":{"rendered":"<p>Stein der Gelassenheit und Problembew\u00e4ltigung<\/p>\n","protected":false},"featured_media":13083,"comment_status":"open","ping_status":"closed","template":"","meta":{"_links_to":"","_links_to_target":""},"pwb-brand":[114],"product_brand":[],"product_cat":[2027],"product_tag":[2028,2696,2694,2695],"class_list":{"0":"post-13080","1":"product","2":"type-product","3":"status-publish","4":"has-post-thumbnail","6":"pwb-brand-lebens-qi-kraft-der-steine","7":"product_cat-chakrasteine","8":"product_tag-chakrasteine","9":"product_tag-fuchsit","10":"product_tag-rubin","11":"product_tag-rubin-fuchsit","13":"first","14":"instock","15":"taxable","16":"shipping-taxable","17":"purchasable","18":"product-type-simple"},"blog_post_layout_featured_media_urls":{"thumbnail":["https:\/\/www.lebens-qi.at\/qishop\/wp-content\/uploads\/Rubin-Fuchsit-Chakrasteine3-150x150.png",150,150,true],"full":["https:\/\/www.lebens-qi.at\/qishop\/wp-content\/uploads\/Rubin-Fuchsit-Chakrasteine3.png",800,800,false]},"categories":["114"],"categories_names":{"114":{"name":"Lebens-Qi Kraft der Steine","link":"https:\/\/www.lebens-qi.at\/qishop\/brand\/lebens-qi-kraft-der-steine\/"}},"comments_number":"0","brands":[{"id":114,"name":"Lebens-Qi Kraft der Steine","slug":"lebens-qi-kraft-der-steine"}],"_links":{"self":[{"href":"https:\/\/www.lebens-qi.at\/qishop\/wp-json\/wp\/v2\/product\/13080","targetHints":{"allow":["GET"]}}],"collection":[{"href":"https:\/\/www.lebens-qi.at\/qishop\/wp-json\/wp\/v2\/product"}],"about":[{"href":"https:\/\/www.lebens-qi.at\/qishop\/wp-json\/wp\/v2\/types\/product"}],"replies":[{"embeddable":true,"href":"https:\/\/www.lebens-qi.at\/qishop\/wp-json\/wp\/v2\/comments?post=13080"}],"wp:featuredmedia":[{"embeddable":true,"href":"https:\/\/www.lebens-qi.at\/qishop\/wp-json\/wp\/v2\/media\/13083"}],"wp:attachment":[{"href":"https:\/\/www.lebens-qi.at\/qishop\/wp-json\/wp\/v2\/media?parent=13080"}],"wp:term":[{"taxonomy":"pwb-brand","embeddable":true,"href":"https:\/\/www.lebens-qi.at\/qishop\/wp-json\/wp\/v2\/pwb-brand?post=13080"},{"taxonomy":"product_brand","embeddable":true,"href":"https:\/\/www.lebens-qi.at\/qishop\/wp-json\/wp\/v2\/product_brand?post=13080"},{"taxonomy":"product_cat","embeddable":true,"href":"https:\/\/www.lebens-qi.at\/qishop\/wp-json\/wp\/v2\/product_cat?post=13080"},{"taxonomy":"product_tag","embeddable":true,"href":"https:\/\/www.lebens-qi.at\/qishop\/wp-json\/wp\/v2\/product_tag?post=13080"}],"curies":[{"name":"wp","href":"https:\/\/api.w.org\/{rel}","templated":true}]}}