{"id":13110,"date":"2025-03-21T15:41:00","date_gmt":"2025-03-21T14:41:00","guid":{"rendered":"https:\/\/www.lebens-qi.at\/qishop\/?post_type=product&#038;p=13110"},"modified":"2026-02-28T18:11:49","modified_gmt":"2026-02-28T17:11:49","slug":"jaspis-rot-chakrastein","status":"publish","type":"product","link":"https:\/\/www.lebens-qi.at\/qishop\/produkt\/jaspis-rot-chakrastein\/","title":{"rendered":"Jaspis rot Chakrastein"},"content":{"rendered":"<p><strong>Jaspis rot Chakrastein<\/strong><\/p>\n<p>Chakrasteine sind flach geschliffene (Halbedel-)Steine, die sich besonders gut zum Auflegen auf den K\u00f6rper eignen. Diese Jaspise haben die charakteristische ziegelrote Farbe, zum Teil mit faszinierender Zeichnung, die durch den Schliff besonders gut zur Geltung kommt.<\/p>\n<p>Gr\u00f6\u00dfe: ca. 4 cm<br \/>\nForm: oval bis rund<br \/>\nFarbe: rot<br \/>\nChakrazuordnung: Wurzelchakra<br \/>\nThemen: Kraft, Erfolg, Mut, Harmonie, Zufriedenheit<br \/>\nSternzeichen: Widder<\/p>\n<p>F\u00fcr die sog. Heilsteinwirkung lesen Sie bitte in entsprechenden B\u00fcchern nach. Aus rechtlichen Gr\u00fcnden d\u00fcrfen wir keine gesundheitlichen Aussagen treffen. <a href=\"https:\/\/www.lebens-qi.at\/qishop\/produkt-kategorie\/mehr\/buecher\/heilsteine\/\">Hier finden Sie unsere Auswahl an Steineb\u00fcchern.<\/a><\/p>\n<p><em>Lieferumfang 1 St\u00fcck<\/em><br \/>\n<em>Hinweis: Symbolfoto \u2013 bei Steinen gibt es deutliche Abweichungen in Maserung und Farbe!<\/em><\/p>\n","protected":false},"excerpt":{"rendered":"<p>Stein der Kraft und des Erfolgs<\/p>\n","protected":false},"featured_media":18658,"comment_status":"open","ping_status":"closed","template":"","meta":{"_links_to":"","_links_to_target":""},"pwb-brand":[114],"product_brand":[],"product_cat":[2027],"product_tag":[2028,540,195,1608],"class_list":{"0":"post-13110","1":"product","2":"type-product","3":"status-publish","4":"has-post-thumbnail","6":"pwb-brand-lebens-qi-kraft-der-steine","7":"product_cat-chakrasteine","8":"product_tag-chakrasteine","9":"product_tag-erfolg","10":"product_tag-jaspis","11":"product_tag-rot","12":"pa_herkunft-suedafrika","14":"first","15":"instock","16":"taxable","17":"shipping-taxable","18":"purchasable","19":"product-type-simple"},"blog_post_layout_featured_media_urls":{"thumbnail":["https:\/\/www.lebens-qi.at\/qishop\/wp-content\/uploads\/cs-roter-jaspis-150x150.png",150,150,true],"full":["https:\/\/www.lebens-qi.at\/qishop\/wp-content\/uploads\/cs-roter-jaspis.png",800,800,false]},"categories":["114"],"categories_names":{"114":{"name":"Lebens-Qi Kraft der Steine","link":"https:\/\/www.lebens-qi.at\/qishop\/brand\/lebens-qi-kraft-der-steine\/"}},"comments_number":"0","brands":[{"id":114,"name":"Lebens-Qi Kraft der Steine","slug":"lebens-qi-kraft-der-steine"}],"_links":{"self":[{"href":"https:\/\/www.lebens-qi.at\/qishop\/wp-json\/wp\/v2\/product\/13110","targetHints":{"allow":["GET"]}}],"collection":[{"href":"https:\/\/www.lebens-qi.at\/qishop\/wp-json\/wp\/v2\/product"}],"about":[{"href":"https:\/\/www.lebens-qi.at\/qishop\/wp-json\/wp\/v2\/types\/product"}],"replies":[{"embeddable":true,"href":"https:\/\/www.lebens-qi.at\/qishop\/wp-json\/wp\/v2\/comments?post=13110"}],"wp:featuredmedia":[{"embeddable":true,"href":"https:\/\/www.lebens-qi.at\/qishop\/wp-json\/wp\/v2\/media\/18658"}],"wp:attachment":[{"href":"https:\/\/www.lebens-qi.at\/qishop\/wp-json\/wp\/v2\/media?parent=13110"}],"wp:term":[{"taxonomy":"pwb-brand","embeddable":true,"href":"https:\/\/www.lebens-qi.at\/qishop\/wp-json\/wp\/v2\/pwb-brand?post=13110"},{"taxonomy":"product_brand","embeddable":true,"href":"https:\/\/www.lebens-qi.at\/qishop\/wp-json\/wp\/v2\/product_brand?post=13110"},{"taxonomy":"product_cat","embeddable":true,"href":"https:\/\/www.lebens-qi.at\/qishop\/wp-json\/wp\/v2\/product_cat?post=13110"},{"taxonomy":"product_tag","embeddable":true,"href":"https:\/\/www.lebens-qi.at\/qishop\/wp-json\/wp\/v2\/product_tag?post=13110"}],"curies":[{"name":"wp","href":"https:\/\/api.w.org\/{rel}","templated":true}]}}