{"id":13113,"date":"2025-03-21T16:13:05","date_gmt":"2025-03-21T15:13:05","guid":{"rendered":"https:\/\/www.lebens-qi.at\/qishop\/?post_type=product&#038;p=13113"},"modified":"2026-02-27T18:19:40","modified_gmt":"2026-02-27T17:19:40","slug":"verdit-chakrastein","status":"publish","type":"product","link":"https:\/\/www.lebens-qi.at\/qishop\/produkt\/verdit-chakrastein\/","title":{"rendered":"Verdit Chakrastein"},"content":{"rendered":"<p><strong>Verdit Chakrastein<\/strong><\/p>\n<p>Chakrasteine sind flach geschliffene (Halbedel-)Steine, die sich besonders gut zum Auflegen auf den K\u00f6rper eignen.<\/p>\n<p>Gr\u00f6\u00dfe: ca. 3-4 cm<br \/>\nForm: oval bis rund<br \/>\nFarbe: olivgr\u00fcn<br \/>\nChakrazuordnung: Herzchakra<br \/>\nThemen: Konzentration, Stabilit\u00e4t, Erinnerungsf\u00e4higkeit<\/p>\n<p>F\u00fcr die sog. Heilsteinwirkung lesen Sie bitte in entsprechenden B\u00fcchern nach. Aus rechtlichen Gr\u00fcnden d\u00fcrfen wir keine gesundheitlichen Aussagen treffen. <a href=\"https:\/\/www.lebens-qi.at\/qishop\/produkt-kategorie\/mehr\/buecher\/heilsteine\/\">Hier finden Sie unsere Auswahl an Steineb\u00fcchern.<\/a><\/p>\n<p><em>Lieferumfang 1 St\u00fcck<\/em><br \/>\n<em>Hinweis: Symbolfoto \u2013 bei Steinen gibt es deutliche Abweichungen in Maserung und Farbe!<\/em><\/p>\n","protected":false},"excerpt":{"rendered":"<p>Stein der Erinnerungsf\u00e4higkeit<\/p>\n","protected":false},"featured_media":13115,"comment_status":"open","ping_status":"closed","template":"","meta":{"_links_to":"","_links_to_target":""},"pwb-brand":[114],"product_brand":[],"product_cat":[2027],"product_tag":[2028,538,1728,2247,2697],"class_list":{"0":"post-13113","1":"product","2":"type-product","3":"status-publish","4":"has-post-thumbnail","6":"pwb-brand-lebens-qi-kraft-der-steine","7":"product_cat-chakrasteine","8":"product_tag-chakrasteine","9":"product_tag-konzentration","10":"product_tag-stabilitaet","11":"product_tag-standort-saalfelden","12":"product_tag-verdit","14":"first","15":"instock","16":"taxable","17":"shipping-taxable","18":"purchasable","19":"product-type-simple"},"blog_post_layout_featured_media_urls":{"thumbnail":["https:\/\/www.lebens-qi.at\/qishop\/wp-content\/uploads\/Verdit1-150x150.png",150,150,true],"full":["https:\/\/www.lebens-qi.at\/qishop\/wp-content\/uploads\/Verdit1.png",800,800,false]},"categories":["114"],"categories_names":{"114":{"name":"Lebens-Qi Kraft der Steine","link":"https:\/\/www.lebens-qi.at\/qishop\/brand\/lebens-qi-kraft-der-steine\/"}},"comments_number":"0","brands":[{"id":114,"name":"Lebens-Qi Kraft der Steine","slug":"lebens-qi-kraft-der-steine"}],"_links":{"self":[{"href":"https:\/\/www.lebens-qi.at\/qishop\/wp-json\/wp\/v2\/product\/13113","targetHints":{"allow":["GET"]}}],"collection":[{"href":"https:\/\/www.lebens-qi.at\/qishop\/wp-json\/wp\/v2\/product"}],"about":[{"href":"https:\/\/www.lebens-qi.at\/qishop\/wp-json\/wp\/v2\/types\/product"}],"replies":[{"embeddable":true,"href":"https:\/\/www.lebens-qi.at\/qishop\/wp-json\/wp\/v2\/comments?post=13113"}],"wp:featuredmedia":[{"embeddable":true,"href":"https:\/\/www.lebens-qi.at\/qishop\/wp-json\/wp\/v2\/media\/13115"}],"wp:attachment":[{"href":"https:\/\/www.lebens-qi.at\/qishop\/wp-json\/wp\/v2\/media?parent=13113"}],"wp:term":[{"taxonomy":"pwb-brand","embeddable":true,"href":"https:\/\/www.lebens-qi.at\/qishop\/wp-json\/wp\/v2\/pwb-brand?post=13113"},{"taxonomy":"product_brand","embeddable":true,"href":"https:\/\/www.lebens-qi.at\/qishop\/wp-json\/wp\/v2\/product_brand?post=13113"},{"taxonomy":"product_cat","embeddable":true,"href":"https:\/\/www.lebens-qi.at\/qishop\/wp-json\/wp\/v2\/product_cat?post=13113"},{"taxonomy":"product_tag","embeddable":true,"href":"https:\/\/www.lebens-qi.at\/qishop\/wp-json\/wp\/v2\/product_tag?post=13113"}],"curies":[{"name":"wp","href":"https:\/\/api.w.org\/{rel}","templated":true}]}}