{"id":1313,"date":"2024-02-15T22:55:23","date_gmt":"2024-02-15T21:55:23","guid":{"rendered":"https:\/\/www.lebens-qi.at\/qishop\/produkt\/seifenschale-eckig-aus-sandstein\/"},"modified":"2025-02-21T11:45:46","modified_gmt":"2025-02-21T10:45:46","slug":"seifenschale-eckig-aus-sandstein","status":"publish","type":"product","link":"https:\/\/www.lebens-qi.at\/qishop\/produkt\/seifenschale-eckig-aus-sandstein\/","title":{"rendered":"Seifenschale eckig aus Sandstein"},"content":{"rendered":"<p><b>Sandstein Seifenschale<\/b><br \/>Diese Seifenschale aus Sandstein ist mit ihrer rechteckigen Form perfekt f\u00fcr klassisch geformte Seifen.<br \/>Jede Schale hat wegen des nat\u00fcrlichen Sandsteins eine individuelle Maserung &#8211; keine Schale gleicht der anderen!Die drei L\u00f6cher im Boden sorgen f\u00fcr das Abflie\u00dfen von Wasser und Seife, mit schwarzen Noppen an der Unterseite, um ein Wegrutschen zu verhindern.<\/p>\n<p><b>Ma\u00dfe:<\/b> BxTxH 14 x 9 x 2 cm<b><br \/>Farbe:<\/b> natur\/beige<\/p>\n<p>Lieferumfang OHNE Seife oder Deko. Diese bitte separat bestellen!<\/p>\n","protected":false},"excerpt":{"rendered":"<p>f\u00fcr ein plastikfreies Badezimmer<\/p>\n","protected":false},"featured_media":1312,"comment_status":"open","ping_status":"closed","template":"","meta":{"_links_to":"","_links_to_target":""},"pwb-brand":[276],"product_brand":[],"product_cat":[222],"product_tag":[304,302],"class_list":{"0":"post-1313","1":"product","2":"type-product","3":"status-publish","4":"has-post-thumbnail","6":"pwb-brand-mani-bhadra-phoenix-import","7":"product_cat-zubehoer-zur-koerperpflege","8":"product_tag-sandstein","9":"product_tag-seifenschale","11":"first","12":"instock","13":"taxable","14":"shipping-taxable","15":"purchasable","16":"product-type-simple"},"blog_post_layout_featured_media_urls":{"thumbnail":["https:\/\/www.lebens-qi.at\/qishop\/wp-content\/uploads\/15054-150x150.jpg",150,150,true],"full":["https:\/\/www.lebens-qi.at\/qishop\/wp-content\/uploads\/15054.jpg",800,800,false]},"categories":["276"],"categories_names":{"276":{"name":"Mani Bhadra - Phoenix Import","link":"https:\/\/www.lebens-qi.at\/qishop\/brand\/mani-bhadra-phoenix-import\/"}},"comments_number":"0","brands":[{"id":276,"name":"Mani Bhadra - Phoenix Import","slug":"mani-bhadra-phoenix-import"}],"_links":{"self":[{"href":"https:\/\/www.lebens-qi.at\/qishop\/wp-json\/wp\/v2\/product\/1313","targetHints":{"allow":["GET"]}}],"collection":[{"href":"https:\/\/www.lebens-qi.at\/qishop\/wp-json\/wp\/v2\/product"}],"about":[{"href":"https:\/\/www.lebens-qi.at\/qishop\/wp-json\/wp\/v2\/types\/product"}],"replies":[{"embeddable":true,"href":"https:\/\/www.lebens-qi.at\/qishop\/wp-json\/wp\/v2\/comments?post=1313"}],"wp:featuredmedia":[{"embeddable":true,"href":"https:\/\/www.lebens-qi.at\/qishop\/wp-json\/wp\/v2\/media\/1312"}],"wp:attachment":[{"href":"https:\/\/www.lebens-qi.at\/qishop\/wp-json\/wp\/v2\/media?parent=1313"}],"wp:term":[{"taxonomy":"pwb-brand","embeddable":true,"href":"https:\/\/www.lebens-qi.at\/qishop\/wp-json\/wp\/v2\/pwb-brand?post=1313"},{"taxonomy":"product_brand","embeddable":true,"href":"https:\/\/www.lebens-qi.at\/qishop\/wp-json\/wp\/v2\/product_brand?post=1313"},{"taxonomy":"product_cat","embeddable":true,"href":"https:\/\/www.lebens-qi.at\/qishop\/wp-json\/wp\/v2\/product_cat?post=1313"},{"taxonomy":"product_tag","embeddable":true,"href":"https:\/\/www.lebens-qi.at\/qishop\/wp-json\/wp\/v2\/product_tag?post=1313"}],"curies":[{"name":"wp","href":"https:\/\/api.w.org\/{rel}","templated":true}]}}