{"id":13133,"date":"2025-03-22T11:22:22","date_gmt":"2025-03-22T10:22:22","guid":{"rendered":"https:\/\/www.lebens-qi.at\/qishop\/?post_type=product&#038;p=13133"},"modified":"2025-03-22T11:46:24","modified_gmt":"2025-03-22T10:46:24","slug":"die-anunnaki","status":"publish","type":"product","link":"https:\/\/www.lebens-qi.at\/qishop\/produkt\/die-anunnaki\/","title":{"rendered":"Die Anunnaki"},"content":{"rendered":"<p><b>Die Anunnaki<br \/>\n<\/b>Vergessene Sch\u00f6pfer der Menschheit<br \/>\n<em>von Gerald R. Clark<\/em><\/p>\n<p><strong>Genetische Manipulation erschuf den Menschen!<\/strong><\/p>\n<p>Es ist gefunden, das Missing Link genannte fehlende Bindeglied der Menschheitsentwicklung. Aufzeichnungen auf sumerischen Tontafeln schildern klinische Versuche, an deren Ende die Geburt Adams stand. Ihnen zufolge wurde der Mensch vor etwa 300.000 Jahren als primitiver Arbeiter f\u00fcr den Goldabbau in mittlerweile entdeckten afrikanischen Bergwerken von den Anunnaki geschaffen. Sie ben\u00f6tigten das Metall zur Stabilisierung der Atmosph\u00e4re ihres Heimatplaneten, der unsere Sonne alle 3600 Jahre einmal umkreist. Zur Bewusstseinskontrolle verwendeten sie die Chakras in unserem Energiek\u00f6rper, die als Empfangsanlagen f\u00fcr niederfrequente Wellen dienen. Als solche werden sie heute noch missbraucht.<\/p>\n<p>Reine Hirngespinste? Folgen Sie den Recherchen und der Argumentation eines Forschers, der Experte f\u00fcr Telekommunikation und Elektrotechnik ist. Energie, Bewusstsein und Materie, sogar ewiges Leben, die Schwerkraft und das Erkenntnis-Molek\u00fcl DMT werden dabei ebenso thematisiert wie moderne Methoden der Sklavenhaltung. Machen Sie sich gefasst auf eine atemberaubende Reise durch das alte Persien, Sumer, Griechenland und Atlantis, die ihren Glauben ersch\u00fcttern wird.<\/p>\n<p><strong>Es geht um die Erschaffung des Menschen durch die Anunnaki.<\/strong><\/p>\n<p>&nbsp;<\/p>\n","protected":false},"excerpt":{"rendered":"<p>Vergessene Sch\u00f6pfer der Menschheit<\/p>\n","protected":false},"featured_media":13136,"comment_status":"open","ping_status":"closed","template":"","meta":{"_links_to":"","_links_to_target":""},"pwb-brand":[2470],"product_brand":[],"product_cat":[818,817],"product_tag":[2700,846,580,2699,170,1244,2701],"class_list":{"0":"post-13133","1":"product","2":"type-product","3":"status-publish","4":"has-post-thumbnail","6":"pwb-brand-amra","7":"product_cat-enthuellungen","8":"product_cat-mysterien","9":"product_tag-anunnaki","10":"product_tag-bewusstsein","11":"product_tag-buch","12":"product_tag-gerald-r-clark","13":"product_tag-gold","14":"product_tag-manipulation","15":"product_tag-menschheit","17":"first","18":"instock","19":"taxable","20":"shipping-taxable","21":"purchasable","22":"product-type-simple"},"blog_post_layout_featured_media_urls":{"thumbnail":["https:\/\/www.lebens-qi.at\/qishop\/wp-content\/uploads\/9783954471911-anunnaki-150x150.jpg",150,150,true],"full":["https:\/\/www.lebens-qi.at\/qishop\/wp-content\/uploads\/9783954471911-anunnaki.jpg",648,648,false]},"categories":["2470"],"categories_names":{"2470":{"name":"AMRA","link":"https:\/\/www.lebens-qi.at\/qishop\/brand\/amra\/"}},"comments_number":"0","brands":[{"id":2470,"name":"AMRA","slug":"amra"}],"_links":{"self":[{"href":"https:\/\/www.lebens-qi.at\/qishop\/wp-json\/wp\/v2\/product\/13133","targetHints":{"allow":["GET"]}}],"collection":[{"href":"https:\/\/www.lebens-qi.at\/qishop\/wp-json\/wp\/v2\/product"}],"about":[{"href":"https:\/\/www.lebens-qi.at\/qishop\/wp-json\/wp\/v2\/types\/product"}],"replies":[{"embeddable":true,"href":"https:\/\/www.lebens-qi.at\/qishop\/wp-json\/wp\/v2\/comments?post=13133"}],"wp:featuredmedia":[{"embeddable":true,"href":"https:\/\/www.lebens-qi.at\/qishop\/wp-json\/wp\/v2\/media\/13136"}],"wp:attachment":[{"href":"https:\/\/www.lebens-qi.at\/qishop\/wp-json\/wp\/v2\/media?parent=13133"}],"wp:term":[{"taxonomy":"pwb-brand","embeddable":true,"href":"https:\/\/www.lebens-qi.at\/qishop\/wp-json\/wp\/v2\/pwb-brand?post=13133"},{"taxonomy":"product_brand","embeddable":true,"href":"https:\/\/www.lebens-qi.at\/qishop\/wp-json\/wp\/v2\/product_brand?post=13133"},{"taxonomy":"product_cat","embeddable":true,"href":"https:\/\/www.lebens-qi.at\/qishop\/wp-json\/wp\/v2\/product_cat?post=13133"},{"taxonomy":"product_tag","embeddable":true,"href":"https:\/\/www.lebens-qi.at\/qishop\/wp-json\/wp\/v2\/product_tag?post=13133"}],"curies":[{"name":"wp","href":"https:\/\/api.w.org\/{rel}","templated":true}]}}