{"id":1325,"date":"2024-02-15T22:55:40","date_gmt":"2024-02-15T21:55:40","guid":{"rendered":"https:\/\/www.lebens-qi.at\/qishop\/produkt\/seifenschale-kraeuter-oval\/"},"modified":"2024-12-12T16:08:57","modified_gmt":"2024-12-12T15:08:57","slug":"seifenschale-kraeuter-oval","status":"publish","type":"product","link":"https:\/\/www.lebens-qi.at\/qishop\/produkt\/seifenschale-kraeuter-oval\/","title":{"rendered":"Seifenschale &quot;Kr\u00e4uter&quot; oval"},"content":{"rendered":"<p><b>Keramik Seifenschale &#8222;Kr\u00e4uter&#8220; &#8211; jede ein Unikat<\/b><\/p>\n<p>Diese Seifenschale wurde von Hand aus Keramik geformt. Charakteristisch ist die leicht unregelm\u00e4\u00dfige Form. Echte Kr\u00e4uter hinterlie\u00dfen den Abdruck, mit oder ohne Spruch. So ist jede Schale ein einzigartiges St\u00fcck &#8211; kein Exemplar gleicht dem anderen!<br \/>\nPassend zum farbenfrohen Design ist der Rand einf\u00e4rbig bunt, die Schale selbst naturf\u00e4rbig (z.T. mit bunten Sprenkeln) glasiert.<br \/>\nDie L\u00f6cher im Boden sorgen f\u00fcr das Abflie\u00dfen von Wasser und Seife.<\/p>\n<p><b><br \/>\nMa\u00dfe:<\/b> Gr\u00f6\u00dfe ca. 14 x 8 cm, H\u00f6he ca. 1,5 cm<br \/>\n<b><br \/>\nFarbe:<\/b> bunt\/natur<\/p>\n<p>Lieferumfang OHNE Seife oder Deko. Diese bitte separat bestellen! Bitte beachten Sie, dass jedes St\u00fcck ein Unikat ist und die Fotos Symbolfotos darstellen. Abweichungen sind daher gegeben. Gerne senden wir ihnen Fotos von den aktuell bei uns lagernden Seifenschalen zu.<\/p>\n","protected":false},"excerpt":{"rendered":"<p>aus Keramik &#8211; jedes St\u00fcck ein Unikat<\/p>\n","protected":false},"featured_media":1324,"comment_status":"open","ping_status":"closed","template":"","meta":{"_links_to":"","_links_to_target":""},"pwb-brand":[323],"product_brand":[],"product_cat":[222],"product_tag":[305,303,306,302],"class_list":{"0":"post-1325","1":"product","2":"type-product","3":"status-publish","4":"has-post-thumbnail","6":"pwb-brand-kreatives-by-petra","7":"product_cat-zubehoer-zur-koerperpflege","8":"product_tag-handgefertigt","9":"product_tag-keramik","10":"product_tag-kraeuter","11":"product_tag-seifenschale","13":"first","14":"instock","15":"taxable","16":"shipping-taxable","17":"purchasable","18":"product-type-simple"},"blog_post_layout_featured_media_urls":{"thumbnail":["https:\/\/www.lebens-qi.at\/qishop\/wp-content\/uploads\/img_20230418_154551-150x150.jpg",150,150,true],"full":["https:\/\/www.lebens-qi.at\/qishop\/wp-content\/uploads\/img_20230418_154551.jpg",928,696,false]},"categories":["323"],"categories_names":{"323":{"name":"Kreatives by Petra","link":"https:\/\/www.lebens-qi.at\/qishop\/brand\/kreatives-by-petra\/"}},"comments_number":"0","brands":[{"id":323,"name":"Kreatives by Petra","slug":"kreatives-by-petra"}],"_links":{"self":[{"href":"https:\/\/www.lebens-qi.at\/qishop\/wp-json\/wp\/v2\/product\/1325","targetHints":{"allow":["GET"]}}],"collection":[{"href":"https:\/\/www.lebens-qi.at\/qishop\/wp-json\/wp\/v2\/product"}],"about":[{"href":"https:\/\/www.lebens-qi.at\/qishop\/wp-json\/wp\/v2\/types\/product"}],"replies":[{"embeddable":true,"href":"https:\/\/www.lebens-qi.at\/qishop\/wp-json\/wp\/v2\/comments?post=1325"}],"wp:featuredmedia":[{"embeddable":true,"href":"https:\/\/www.lebens-qi.at\/qishop\/wp-json\/wp\/v2\/media\/1324"}],"wp:attachment":[{"href":"https:\/\/www.lebens-qi.at\/qishop\/wp-json\/wp\/v2\/media?parent=1325"}],"wp:term":[{"taxonomy":"pwb-brand","embeddable":true,"href":"https:\/\/www.lebens-qi.at\/qishop\/wp-json\/wp\/v2\/pwb-brand?post=1325"},{"taxonomy":"product_brand","embeddable":true,"href":"https:\/\/www.lebens-qi.at\/qishop\/wp-json\/wp\/v2\/product_brand?post=1325"},{"taxonomy":"product_cat","embeddable":true,"href":"https:\/\/www.lebens-qi.at\/qishop\/wp-json\/wp\/v2\/product_cat?post=1325"},{"taxonomy":"product_tag","embeddable":true,"href":"https:\/\/www.lebens-qi.at\/qishop\/wp-json\/wp\/v2\/product_tag?post=1325"}],"curies":[{"name":"wp","href":"https:\/\/api.w.org\/{rel}","templated":true}]}}