{"id":13289,"date":"2025-03-26T16:06:03","date_gmt":"2025-03-26T15:06:03","guid":{"rendered":"https:\/\/www.lebens-qi.at\/qishop\/?post_type=product&#038;p=13289"},"modified":"2025-12-11T21:17:31","modified_gmt":"2025-12-11T20:17:31","slug":"amethystpendel-facettiert","status":"publish","type":"product","link":"https:\/\/www.lebens-qi.at\/qishop\/produkt\/amethystpendel-facettiert\/","title":{"rendered":"Amethystpendel facettiert"},"content":{"rendered":"<p><b>Facettiertes Amethystpendel<\/b><\/p>\n<p>Mit Metallkette, am Ende der Kette ist ein kleines K\u00fcgelchen befestigt, damit eine bessere Handhabung mit dem Pendel m\u00f6glich ist. Dank der spitzen Form l\u00e4sst sich mit diesem Pendel auch gut mit Pendeltabellen arbeiten.<\/p>\n<p>Gr\u00f6\u00dfe: ca. 3-4 cm<br \/>\nGewicht: ca. 15 g<br \/>\nMaterial: Stein\/Metall*<\/p>\n<p>Hinweis: <em>Die Farben und Strukturen aller Kristallpendel k\u00f6nnen leicht abweichen, da es sich um Natursteine handelt.<br \/>\n*Dieses Produkt ist frei von Nickel, Blei und Cadmium. Dies bedeutet, dass solche Metalle nicht Bestandteil sind oder lediglich in den begrenzten Mengen, die innerhalb der europ\u00e4ischen Produktsicherheitsnormen zul\u00e4ssig sind (REACH).<\/em><\/p>\n<p><em>Lieferumfang: 1 Pendel inkl. Pendelt\u00e4schchen <\/em><\/p>\n","protected":false},"excerpt":{"rendered":"<p>inkl. T\u00e4schchen<\/p>\n","protected":false},"featured_media":13290,"comment_status":"open","ping_status":"closed","template":"","meta":{"_links_to":"","_links_to_target":""},"pwb-brand":[276],"product_brand":[],"product_cat":[1004],"product_tag":[81,1006,1005],"class_list":{"0":"post-13289","1":"product","2":"type-product","3":"status-publish","4":"has-post-thumbnail","6":"pwb-brand-mani-bhadra-phoenix-import","7":"product_cat-pendel","8":"product_tag-amethyst","9":"product_tag-pendel","10":"product_tag-radiaesthesie","11":"pa_herkunft-indien","13":"first","14":"instock","15":"taxable","16":"shipping-taxable","17":"purchasable","18":"product-type-simple"},"blog_post_layout_featured_media_urls":{"thumbnail":["https:\/\/www.lebens-qi.at\/qishop\/wp-content\/uploads\/16467-amethystpendel-150x150.jpg",150,150,true],"full":["https:\/\/www.lebens-qi.at\/qishop\/wp-content\/uploads\/16467-amethystpendel.jpg",800,800,false]},"categories":["276"],"categories_names":{"276":{"name":"Mani Bhadra - Phoenix Import","link":"https:\/\/www.lebens-qi.at\/qishop\/brand\/mani-bhadra-phoenix-import\/"}},"comments_number":"0","brands":[{"id":276,"name":"Mani Bhadra - Phoenix Import","slug":"mani-bhadra-phoenix-import"}],"_links":{"self":[{"href":"https:\/\/www.lebens-qi.at\/qishop\/wp-json\/wp\/v2\/product\/13289","targetHints":{"allow":["GET"]}}],"collection":[{"href":"https:\/\/www.lebens-qi.at\/qishop\/wp-json\/wp\/v2\/product"}],"about":[{"href":"https:\/\/www.lebens-qi.at\/qishop\/wp-json\/wp\/v2\/types\/product"}],"replies":[{"embeddable":true,"href":"https:\/\/www.lebens-qi.at\/qishop\/wp-json\/wp\/v2\/comments?post=13289"}],"wp:featuredmedia":[{"embeddable":true,"href":"https:\/\/www.lebens-qi.at\/qishop\/wp-json\/wp\/v2\/media\/13290"}],"wp:attachment":[{"href":"https:\/\/www.lebens-qi.at\/qishop\/wp-json\/wp\/v2\/media?parent=13289"}],"wp:term":[{"taxonomy":"pwb-brand","embeddable":true,"href":"https:\/\/www.lebens-qi.at\/qishop\/wp-json\/wp\/v2\/pwb-brand?post=13289"},{"taxonomy":"product_brand","embeddable":true,"href":"https:\/\/www.lebens-qi.at\/qishop\/wp-json\/wp\/v2\/product_brand?post=13289"},{"taxonomy":"product_cat","embeddable":true,"href":"https:\/\/www.lebens-qi.at\/qishop\/wp-json\/wp\/v2\/product_cat?post=13289"},{"taxonomy":"product_tag","embeddable":true,"href":"https:\/\/www.lebens-qi.at\/qishop\/wp-json\/wp\/v2\/product_tag?post=13289"}],"curies":[{"name":"wp","href":"https:\/\/api.w.org\/{rel}","templated":true}]}}