{"id":13292,"date":"2025-03-26T16:24:31","date_gmt":"2025-03-26T15:24:31","guid":{"rendered":"https:\/\/www.lebens-qi.at\/qishop\/?post_type=product&#038;p=13292"},"modified":"2025-04-01T01:09:56","modified_gmt":"2025-03-31T23:09:56","slug":"das-grosse-erwachen","status":"publish","type":"product","link":"https:\/\/www.lebens-qi.at\/qishop\/produkt\/das-grosse-erwachen\/","title":{"rendered":"Das gro\u00dfe Erwachen"},"content":{"rendered":"<p><strong>Das gro\u00dfe Erwachen<\/strong><br \/>\nHeilungsbuch der Arcturianer<br \/>\n<em>von Marlies Pante<\/em><\/p>\n<p>Aus dem VORWORT DES MEDIUMS:<\/p>\n<p>(&#8230;) Ich glaube, es waren die Jahre 2006 bis 2011, in denen mir immer wieder, sobald ich abends die Augen schloss, Pyramiden und Formen aus Licht erschienen. Es waren wundersch\u00f6ne geometrische Formen in kr\u00e4ftigen leuchtenden Farben, die ich niemals zuvor gesehen hatte. Es war, als schwebten sie im Universum und als ginge eine starke Kraft von ihnen aus. Es schien, als h\u00e4tten diese Figuren Botschaften f\u00fcr uns. Ich genoss diese Erscheinungen, ich freute mich sogar schon tags\u00fcber darauf. In Gegenwart dieser r\u00e4umlichen Figuren f\u00fchlte ich mich geborgen, angekommen, mit Licht durchflutet und auf wundersame Weise beh\u00fctet. Es war, als h\u00e4tte ich mich schon immer so gef\u00fchlt und als w\u00e4ren diese Figuren lebendig. Morgens wachte ich mit einer enormen Kraft und inneren St\u00e4rke auf. Ich f\u00fchlte mich geliebt, lichtdurchflutet, und es schien, als w\u00fcrde auf einmal alles Sinn ergeben.<\/p>\n<p>Und schlie\u00dflich, beim Ella-Kensington-Stammtisch in Dortmund, erz\u00e4hlte ich einer Freundin von diesen Erscheinungen. Sie meinte, dass sich das alles sehr nach den Arcturianern anh\u00f6re. Ich hatte noch nie von den Arcturianern geh\u00f6rt und fragte sie, wer das sei. Sie erz\u00e4hlte mir, dass die Arcturianer christliche Au\u00dferirdische seien. Ich war geschockt. Was sollte das sein? Au\u00dferirdische, die Jesus kannten? Irgendwelche Wesen, die aus Versehen nicht in der Bibel erw\u00e4hnt wurden? War Jesus ein Au\u00dferirdischer, oder woher kannten sie ihn? Wieso nannte man sie christlich? Und wieso sollten sie mir solche Figuren senden?<\/p>\n<p>Ich war entt\u00e4uscht, w\u00fctend, \u00e4rgerlich und unzufrieden. Auf einmal standen meine n\u00e4chtlichen Erscheinungen in einem Zusammenhang, der mir m\u00f6glicherweise nicht gefallen k\u00f6nnte. Doch so sehr ich mich auch bem\u00fchte, ihre Informationen zu vergessen, um diese Erscheinungen einfach nur wieder genie\u00dfen zu k\u00f6nnen, so wenig lie\u00df mich die Aussage meiner Freundin noch los. Dadurch kam es, dass ich mich \u00fcber die Arcturianer informierte. Ich las und googelte alles, was ich zu der Zeit finden konnte. Ich erfuhr, dass die <strong>Arcturianer Lichtwesen der neunten Dimension<\/strong> sind. Das ist die Ebene des kollektiven Bewusstseins von Planeten, Sternensystemen, Galaxien und Dimensionen. Der Planet Arcturus, erfuhr ich, ist vierzig Lichtjahre von der Erde entfernt und der hellste Stern in der n\u00f6rdlichen Hemisph\u00e4re. Er ist f\u00fcnfundzwanzig Mal gr\u00f6\u00dfer als die Sonne und hundert Mal heller, und die Bewohner des Arcturus sind eine sehr hoch entwickelte spirituelle und technisch-fortgeschrittene Zivilisation. Viele von ihnen leben in Raumschiffen, einige davon ganz nahe an der Erde, andere vor dem Mond und wieder andere weit von uns entfernt. Ich las, dass <strong>Arcturus der Planet der Heiler<\/strong> sei, dass alle Heiler hier auf der Erde mehrere Inkarnationen auf Arcturus verbracht hatten und das Wissen des Heilens noch in ihren Zellen gespeichert ist.<\/p>\n<p><strong>Die Arcturianer haben einen Lichtauftrag:<\/strong> Sie sollen die Erde und uns Menschen bei unserem Aufstieg in die f\u00fcnfte Dimension unterst\u00fctzen, so dass wir ein h\u00f6heres Bewusstsein und leichtere Schwingungsebenen erreichen k\u00f6nnen. (&#8230;)<\/p>\n<p>&nbsp;<\/p>\n","protected":false},"excerpt":{"rendered":"<p>Weitsicht, Heilung, Wahrheit: Neues Wissen aus der sechsten Dimension<\/p>\n","protected":false},"featured_media":13293,"comment_status":"open","ping_status":"closed","template":"","meta":{"_links_to":"","_links_to_target":""},"pwb-brand":[2470],"product_brand":[],"product_cat":[805],"product_tag":[2733,2732,846,873,580,2712,1298,2708,1357,2734,877],"class_list":{"0":"post-13292","1":"product","2":"type-product","3":"status-publish","4":"has-post-thumbnail","6":"pwb-brand-amra","7":"product_cat-spiritualitaet","8":"product_tag-arcturianer","9":"product_tag-arcturus","10":"product_tag-bewusstsein","11":"product_tag-botschaften","12":"product_tag-buch","13":"product_tag-channeling","14":"product_tag-heilung","15":"product_tag-lichtbotschaften","16":"product_tag-lichtwesen","17":"product_tag-marlies-pante","18":"product_tag-starseeds","20":"first","21":"instock","22":"taxable","23":"shipping-taxable","24":"purchasable","25":"product-type-simple"},"blog_post_layout_featured_media_urls":{"thumbnail":["https:\/\/www.lebens-qi.at\/qishop\/wp-content\/uploads\/9783954474684-X-grosse-erwachen-150x150.jpg",150,150,true],"full":["https:\/\/www.lebens-qi.at\/qishop\/wp-content\/uploads\/9783954474684-X-grosse-erwachen.jpg",648,648,false]},"categories":["2470"],"categories_names":{"2470":{"name":"AMRA","link":"https:\/\/www.lebens-qi.at\/qishop\/brand\/amra\/"}},"comments_number":"0","brands":[{"id":2470,"name":"AMRA","slug":"amra"}],"_links":{"self":[{"href":"https:\/\/www.lebens-qi.at\/qishop\/wp-json\/wp\/v2\/product\/13292","targetHints":{"allow":["GET"]}}],"collection":[{"href":"https:\/\/www.lebens-qi.at\/qishop\/wp-json\/wp\/v2\/product"}],"about":[{"href":"https:\/\/www.lebens-qi.at\/qishop\/wp-json\/wp\/v2\/types\/product"}],"replies":[{"embeddable":true,"href":"https:\/\/www.lebens-qi.at\/qishop\/wp-json\/wp\/v2\/comments?post=13292"}],"wp:featuredmedia":[{"embeddable":true,"href":"https:\/\/www.lebens-qi.at\/qishop\/wp-json\/wp\/v2\/media\/13293"}],"wp:attachment":[{"href":"https:\/\/www.lebens-qi.at\/qishop\/wp-json\/wp\/v2\/media?parent=13292"}],"wp:term":[{"taxonomy":"pwb-brand","embeddable":true,"href":"https:\/\/www.lebens-qi.at\/qishop\/wp-json\/wp\/v2\/pwb-brand?post=13292"},{"taxonomy":"product_brand","embeddable":true,"href":"https:\/\/www.lebens-qi.at\/qishop\/wp-json\/wp\/v2\/product_brand?post=13292"},{"taxonomy":"product_cat","embeddable":true,"href":"https:\/\/www.lebens-qi.at\/qishop\/wp-json\/wp\/v2\/product_cat?post=13292"},{"taxonomy":"product_tag","embeddable":true,"href":"https:\/\/www.lebens-qi.at\/qishop\/wp-json\/wp\/v2\/product_tag?post=13292"}],"curies":[{"name":"wp","href":"https:\/\/api.w.org\/{rel}","templated":true}]}}