{"id":13305,"date":"2025-03-26T17:15:48","date_gmt":"2025-03-26T16:15:48","guid":{"rendered":"https:\/\/www.lebens-qi.at\/qishop\/?post_type=product&#038;p=13305"},"modified":"2025-09-17T20:36:51","modified_gmt":"2025-09-17T18:36:51","slug":"aqua-zen-moonshine-yoga-raeucherstaebchen","status":"publish","type":"product","link":"https:\/\/www.lebens-qi.at\/qishop\/produkt\/aqua-zen-moonshine-yoga-raeucherstaebchen\/","title":{"rendered":"Aqua Zen &#8211; Moonshine Yoga R\u00e4ucherst\u00e4bchen"},"content":{"rendered":"<p><b>Aqua Zen \u2013 Moonshine Yoga R\u00e4ucherst\u00e4bchen<\/b><\/p>\n<p>Beruhigende und erfrischende R\u00e4ucherst\u00e4bchen, inspiriert von der Ruhe des Yoga. Die Moonshine Yoga Kollektion f\u00e4ngt die Essenz einer friedlichen Praxis ein und bietet erfrischende Mischungen und beruhigende Aromen. Diese R\u00e4ucherst\u00e4bchen sind perfekt f\u00fcr Momente der Entspannung.<\/p>\n<p>Hergestellt in Indien<br \/>\n<strong>Brenndauer:<\/strong> ca. 50 min<br \/>\n<b>Inhalt:<\/b> 20 R\u00e4ucherst\u00e4bchen (ca. 22 g)<\/p>\n<p><em>Z\u00fcnden Sie die Spitze eines R\u00e4ucherst\u00e4bchens an und blasen Sie die Flamme aus. Stellen Sie das St\u00e4bchen in einen sicheren R\u00e4ucherst\u00e4bchenhalter auf eine hitzebest\u00e4ndige Oberfl\u00e4che. Lassen Sie brennendes R\u00e4ucherst\u00e4bchen niemals unbeaufsichtigt.<\/em><\/p>\n<p><b>Achtung:<\/b><br \/>\nLassen Sie brennenden Weihrauch niemals unbeaufsichtigt.<br \/>\nVon Vorh\u00e4ngen und brennbaren Materialien fernhalten.<br \/>\nAuf einer hitzebest\u00e4ndigen Unterlage verwenden.<br \/>\nAu\u00dferhalb der Reichweite von Kindern und Haustieren aufbewahren.<br \/>\nNach dem Gebrauch l\u00fcften.<br \/>\nVermeiden Sie das direkte Einatmen des Rauches.<\/p>\n","protected":false},"excerpt":{"rendered":"<p>ERFRISCHEND<\/p>\n","protected":false},"featured_media":13306,"comment_status":"open","ping_status":"closed","template":"","meta":{"_links_to":"","_links_to_target":""},"pwb-brand":[690],"product_brand":[],"product_cat":[688],"product_tag":[535,2736,1964,747,680,158],"class_list":{"0":"post-13305","1":"product","2":"type-product","3":"status-publish","4":"has-post-thumbnail","6":"pwb-brand-song-of-india","7":"product_cat-song-of-india","8":"product_tag-entspannung","9":"product_tag-frische","10":"product_tag-gelassenheit","11":"product_tag-mond","12":"product_tag-raeucherstaebchen","13":"product_tag-yoga","15":"first","16":"instock","17":"taxable","18":"shipping-taxable","19":"purchasable","20":"product-type-simple"},"blog_post_layout_featured_media_urls":{"thumbnail":["https:\/\/www.lebens-qi.at\/qishop\/wp-content\/uploads\/64770-aqua-zen-150x150.jpg",150,150,true],"full":["https:\/\/www.lebens-qi.at\/qishop\/wp-content\/uploads\/64770-aqua-zen.jpg",800,800,false]},"categories":["690"],"categories_names":{"690":{"name":"Song of India","link":"https:\/\/www.lebens-qi.at\/qishop\/brand\/song-of-india\/"}},"comments_number":"0","brands":[{"id":690,"name":"Song of India","slug":"song-of-india"}],"_links":{"self":[{"href":"https:\/\/www.lebens-qi.at\/qishop\/wp-json\/wp\/v2\/product\/13305","targetHints":{"allow":["GET"]}}],"collection":[{"href":"https:\/\/www.lebens-qi.at\/qishop\/wp-json\/wp\/v2\/product"}],"about":[{"href":"https:\/\/www.lebens-qi.at\/qishop\/wp-json\/wp\/v2\/types\/product"}],"replies":[{"embeddable":true,"href":"https:\/\/www.lebens-qi.at\/qishop\/wp-json\/wp\/v2\/comments?post=13305"}],"wp:featuredmedia":[{"embeddable":true,"href":"https:\/\/www.lebens-qi.at\/qishop\/wp-json\/wp\/v2\/media\/13306"}],"wp:attachment":[{"href":"https:\/\/www.lebens-qi.at\/qishop\/wp-json\/wp\/v2\/media?parent=13305"}],"wp:term":[{"taxonomy":"pwb-brand","embeddable":true,"href":"https:\/\/www.lebens-qi.at\/qishop\/wp-json\/wp\/v2\/pwb-brand?post=13305"},{"taxonomy":"product_brand","embeddable":true,"href":"https:\/\/www.lebens-qi.at\/qishop\/wp-json\/wp\/v2\/product_brand?post=13305"},{"taxonomy":"product_cat","embeddable":true,"href":"https:\/\/www.lebens-qi.at\/qishop\/wp-json\/wp\/v2\/product_cat?post=13305"},{"taxonomy":"product_tag","embeddable":true,"href":"https:\/\/www.lebens-qi.at\/qishop\/wp-json\/wp\/v2\/product_tag?post=13305"}],"curies":[{"name":"wp","href":"https:\/\/api.w.org\/{rel}","templated":true}]}}