{"id":13326,"date":"2025-03-26T19:14:40","date_gmt":"2025-03-26T18:14:40","guid":{"rendered":"https:\/\/www.lebens-qi.at\/qishop\/?post_type=product&#038;p=13326"},"modified":"2025-03-26T19:26:05","modified_gmt":"2025-03-26T18:26:05","slug":"lichtbotschaften-von-den-plejaden-band-1","status":"publish","type":"product","link":"https:\/\/www.lebens-qi.at\/qishop\/produkt\/lichtbotschaften-von-den-plejaden-band-1\/","title":{"rendered":"Lichtbotschaften von den Plejaden Band 1"},"content":{"rendered":"<p><strong>Lichtbotschaften von den Plejaden<\/strong><br \/>\n\u00dcbergang in die f\u00fcnfte Dimension<br \/>\n<em>von Pavlina Klemm<\/em><\/p>\n<p>\u00bbLasst die Z\u00fcgel der Angst los und werdet sorgenfrei!\u00ab<br \/>\n<em>&#8212; Die Plejader<\/em><\/p>\n<p>Die Plejader sind Wesen einer h\u00f6heren Bewusstseinsebene, und es geht ihnen darum, auch uns auf diese Ebene zu holen und bei diesem Prozess zu begleiten. Dazu machen sie deutlich, wie die kosmischen Gesetze funktionieren und welche Rolle diese f\u00fcr unsere menschliche Gesellschaft haben. Jedes Kapitel bietet eine F\u00fclle an Informationen und \u00dcbungen. <strong><br \/>\nReinigt eure karmischen und menschlichen Angelegenheiten und hebt euer spirituelles Bewusstsein an &#8211; schon dadurch, dass ihr dieses Buch lest, werdet ihr automatisch an die Kraft der Plejaden angebunden.<\/strong><\/p>\n<p>Mittlerweile gibt es 9 B\u00e4nde der <strong><em>Lichtbotschaften von den Plejaden<\/em><\/strong> von Pavlina Klemm. Wir besorgen auf Anfrage gerne alle B\u00e4nde und\/oder H\u00f6rb\u00fccher (auf CD)!!!<\/p>\n<p>PAVLINA KLEMM, 1970 in Tschechien geboren, lebt mit ihren drei T\u00f6chtern in M\u00fcnchen. Sie ist ausgebildet in Quantenheilung, Reconnective Healing nach Eric Pearl und Neuer Hom\u00f6opathie nach K\u00f6rbler, in russischen Heiltechniken sowie denen von Doreen Virtue. 2012 er\u00f6ffnete sie ihre eigene Praxis. Seit ihrer Kindheit steht sie in Kontakt mit der geistigen Welt. Regelm\u00e4\u00dfige Vortr\u00e4ge in M\u00fcnchen und Prag.<\/p>\n<p>&nbsp;<\/p>\n<p>&nbsp;<\/p>\n<p>&nbsp;<\/p>\n","protected":false},"excerpt":{"rendered":"<p>\u00dcbergang in die f\u00fcnfte Dimension<\/p>\n","protected":false},"featured_media":13327,"comment_status":"open","ping_status":"closed","template":"","meta":{"_links_to":"","_links_to_target":""},"pwb-brand":[2470],"product_brand":[],"product_cat":[805],"product_tag":[846,873,580,882,986,2708,1357,2471,2472,2031,178,834,877],"class_list":{"0":"post-13326","1":"product","2":"type-product","3":"status-publish","4":"has-post-thumbnail","6":"pwb-brand-amra","7":"product_cat-spiritualitaet","8":"product_tag-bewusstsein","9":"product_tag-botschaften","10":"product_tag-buch","11":"product_tag-goldenes-zeitalter","12":"product_tag-karma","13":"product_tag-lichtbotschaften","14":"product_tag-lichtwesen","15":"product_tag-pavlina-klemm","16":"product_tag-plejaden","17":"product_tag-plejader","18":"product_tag-seele","19":"product_tag-spiritualitaet","20":"product_tag-starseeds","22":"first","23":"instock","24":"taxable","25":"shipping-taxable","26":"purchasable","27":"product-type-simple"},"blog_post_layout_featured_media_urls":{"thumbnail":["https:\/\/www.lebens-qi.at\/qishop\/wp-content\/uploads\/9783954470099-lichtbotschaften-plejaden-150x150.jpg",150,150,true],"full":["https:\/\/www.lebens-qi.at\/qishop\/wp-content\/uploads\/9783954470099-lichtbotschaften-plejaden.jpg",648,648,false]},"categories":["2470"],"categories_names":{"2470":{"name":"AMRA","link":"https:\/\/www.lebens-qi.at\/qishop\/brand\/amra\/"}},"comments_number":"0","brands":[{"id":2470,"name":"AMRA","slug":"amra"}],"_links":{"self":[{"href":"https:\/\/www.lebens-qi.at\/qishop\/wp-json\/wp\/v2\/product\/13326","targetHints":{"allow":["GET"]}}],"collection":[{"href":"https:\/\/www.lebens-qi.at\/qishop\/wp-json\/wp\/v2\/product"}],"about":[{"href":"https:\/\/www.lebens-qi.at\/qishop\/wp-json\/wp\/v2\/types\/product"}],"replies":[{"embeddable":true,"href":"https:\/\/www.lebens-qi.at\/qishop\/wp-json\/wp\/v2\/comments?post=13326"}],"wp:featuredmedia":[{"embeddable":true,"href":"https:\/\/www.lebens-qi.at\/qishop\/wp-json\/wp\/v2\/media\/13327"}],"wp:attachment":[{"href":"https:\/\/www.lebens-qi.at\/qishop\/wp-json\/wp\/v2\/media?parent=13326"}],"wp:term":[{"taxonomy":"pwb-brand","embeddable":true,"href":"https:\/\/www.lebens-qi.at\/qishop\/wp-json\/wp\/v2\/pwb-brand?post=13326"},{"taxonomy":"product_brand","embeddable":true,"href":"https:\/\/www.lebens-qi.at\/qishop\/wp-json\/wp\/v2\/product_brand?post=13326"},{"taxonomy":"product_cat","embeddable":true,"href":"https:\/\/www.lebens-qi.at\/qishop\/wp-json\/wp\/v2\/product_cat?post=13326"},{"taxonomy":"product_tag","embeddable":true,"href":"https:\/\/www.lebens-qi.at\/qishop\/wp-json\/wp\/v2\/product_tag?post=13326"}],"curies":[{"name":"wp","href":"https:\/\/api.w.org\/{rel}","templated":true}]}}