{"id":1337,"date":"2024-02-15T22:55:54","date_gmt":"2024-02-15T21:55:54","guid":{"rendered":"https:\/\/www.lebens-qi.at\/qishop\/produkt\/seifenschale-spirale-teal-blue\/"},"modified":"2024-12-12T16:08:53","modified_gmt":"2024-12-12T15:08:53","slug":"seifenschale-spirale-teal-blue","status":"publish","type":"product","link":"https:\/\/www.lebens-qi.at\/qishop\/produkt\/seifenschale-spirale-teal-blue\/","title":{"rendered":"Seifenschale &quot;Spirale&quot; Teal Blue"},"content":{"rendered":"<p><b>Keramik Seifenschale &#8222;Spirale&#8220; &#8211; jede ein Unikat<\/b><\/p>\n<p>Diese Seifenschale wurde von Hand aus Keramik geformt. Charakteristisch ist die leicht unregelm\u00e4\u00dfige Form. Mit eingepr\u00e4gtem Relief &#8222;Spirale&#8220;.<br \/>\nSteinzeug glasiert in der t\u00fcrkis-blauen, erfrischenden Farbvariante &#8222;Teal Blue&#8220; mit Blau kombiniert. <br \/>\nJe nach Variante mit oder ohne Loch im Boden.<\/p>\n<p><b>In 3 verschiedenen Formen erh\u00e4ltlich:<br \/>\nRechteckig:<\/b> Gr\u00f6\u00dfe ca. 10 x 7,5 cm <br \/>\n<b>Quadratisch:<\/b> Gr\u00f6\u00dfe ca. 8 x 8 cm<br \/>\n<b>Rund:<\/b> Durchmesser ca. 9 cm<br \/>\n<b>H\u00f6he:<\/b> bei allen 3 Formen ca. 1,5 cm<br \/>\n<b>Farbe: <\/b>Teal Blue \/ Blau<\/p>\n<p>Lieferumfang OHNE Seife oder Deko. Diese bitte separat bestellen! Bitte beachten Sie, dass jedes St\u00fcck ein Unikat ist und die Fotos Symbolfotos darstellen. Abweichungen sind daher gegeben. Gerne senden wir ihnen Fotos von den aktuell bei uns lagernden Seifenschalen zu.<\/p>\n","protected":false},"excerpt":{"rendered":"<p>in 3 verschiedenen Formen<\/p>\n","protected":false},"featured_media":1336,"comment_status":"open","ping_status":"closed","template":"","meta":{"_links_to":"","_links_to_target":""},"pwb-brand":[323],"product_brand":[],"product_cat":[222],"product_tag":[305,303,302,309],"class_list":{"0":"post-1337","1":"product","2":"type-product","3":"status-publish","4":"has-post-thumbnail","6":"pwb-brand-kreatives-by-petra","7":"product_cat-zubehoer-zur-koerperpflege","8":"product_tag-handgefertigt","9":"product_tag-keramik","10":"product_tag-seifenschale","11":"product_tag-spirale","13":"first","14":"instock","15":"taxable","16":"shipping-taxable","17":"purchasable","18":"product-type-variable"},"blog_post_layout_featured_media_urls":{"thumbnail":["https:\/\/www.lebens-qi.at\/qishop\/wp-content\/uploads\/tealblue-150x150.jpg",150,150,true],"full":["https:\/\/www.lebens-qi.at\/qishop\/wp-content\/uploads\/tealblue.jpg",2000,1500,false]},"categories":["323"],"categories_names":{"323":{"name":"Kreatives by Petra","link":"https:\/\/www.lebens-qi.at\/qishop\/brand\/kreatives-by-petra\/"}},"comments_number":"0","brands":[{"id":323,"name":"Kreatives by Petra","slug":"kreatives-by-petra"}],"_links":{"self":[{"href":"https:\/\/www.lebens-qi.at\/qishop\/wp-json\/wp\/v2\/product\/1337","targetHints":{"allow":["GET"]}}],"collection":[{"href":"https:\/\/www.lebens-qi.at\/qishop\/wp-json\/wp\/v2\/product"}],"about":[{"href":"https:\/\/www.lebens-qi.at\/qishop\/wp-json\/wp\/v2\/types\/product"}],"replies":[{"embeddable":true,"href":"https:\/\/www.lebens-qi.at\/qishop\/wp-json\/wp\/v2\/comments?post=1337"}],"wp:featuredmedia":[{"embeddable":true,"href":"https:\/\/www.lebens-qi.at\/qishop\/wp-json\/wp\/v2\/media\/1336"}],"wp:attachment":[{"href":"https:\/\/www.lebens-qi.at\/qishop\/wp-json\/wp\/v2\/media?parent=1337"}],"wp:term":[{"taxonomy":"pwb-brand","embeddable":true,"href":"https:\/\/www.lebens-qi.at\/qishop\/wp-json\/wp\/v2\/pwb-brand?post=1337"},{"taxonomy":"product_brand","embeddable":true,"href":"https:\/\/www.lebens-qi.at\/qishop\/wp-json\/wp\/v2\/product_brand?post=1337"},{"taxonomy":"product_cat","embeddable":true,"href":"https:\/\/www.lebens-qi.at\/qishop\/wp-json\/wp\/v2\/product_cat?post=1337"},{"taxonomy":"product_tag","embeddable":true,"href":"https:\/\/www.lebens-qi.at\/qishop\/wp-json\/wp\/v2\/product_tag?post=1337"}],"curies":[{"name":"wp","href":"https:\/\/api.w.org\/{rel}","templated":true}]}}