{"id":13389,"date":"2025-03-27T14:48:50","date_gmt":"2025-03-27T13:48:50","guid":{"rendered":"https:\/\/www.lebens-qi.at\/qishop\/?post_type=product&#038;p=13389"},"modified":"2025-04-01T01:09:56","modified_gmt":"2025-03-31T23:09:56","slug":"heilsymbole-zahlenreihen-band-1-erweiterte-neuausgabe","status":"publish","type":"product","link":"https:\/\/www.lebens-qi.at\/qishop\/produkt\/heilsymbole-zahlenreihen-band-1-erweiterte-neuausgabe\/","title":{"rendered":"Heilsymbole &#038; Zahlenreihen Band 1 (erweiterte Neuausgabe)"},"content":{"rendered":"<p><strong>Heilsymbole &amp; Zahlenreihen<\/strong><br \/>\nArbeitsbuch der Plejadenheilung<br \/>\n<em>von Pavlina Klemm<\/em><\/p>\n<p><strong>Erg\u00e4nzt um 18 Heilsymbole und zus\u00e4tzliche Texte!<\/strong><\/p>\n<p>Immer wieder haben Teilnehmer aus den Seminaren und Workshops, aber auch Leserinnen und Leser der Bestsellerreihe <a href=\"https:\/\/www.lebens-qi.at\/qishop\/produkt\/lichtbotschaften-von-den-plejaden-band-1\/\">LICHTBOTSCHAFTEN VON DEN PLEJADEN<\/a> danach gefragt. Jetzt d\u00fcrfen wir sie euch in einem eigens daf\u00fcr entstandenen Werk, dem \u00bbArbeitsbuch der Plejadenheilung\u00ab, endlich vorstellen &#8211; die \u00dcbungen und Hilfsmittel in gesammelter Form!<\/p>\n<p>Vom Aufbau des lichtvolles Schutzes bis zum Segen f\u00fcr dich selbst und andere, vom Vergebungsritual \u00fcber die Heilsymbole und Zahlenreihen bis zur Durchlichtung der Chakren, Ausleitung von Krankheitserregern, energetischen Unterst\u00fctzung des Herzorgans und Kontaktaufnahme mit deiner Familie im Licht &#8230;<\/p>\n<p>HEILSYMBOLE &amp; ZAHLENREIHEN versammelt das erfolgreiche Arbeitsmaterial aus den B\u00fcchern, Workshops und Online-Kursen des Channelmediums &#8211; und es kann ohne jede Vorkenntnis eingesetzt werden. Zur Anbindung und energetischen Aktivierung der Hilfsmittel gen\u00fcgt die reine Absicht.<\/p>\n<p>AUS DER EINLEITUNG DER PLEJADER: \u00bbDer menschliche Geist bindet sich an die Synapsen des kosmischen kollektiven Bewusstseins an und erh\u00f6ht dadurch sein Bewusstsein und sein Wissen. Die kosmischen Lichtimpulse k\u00f6nnen den menschlichen Geist jetzt endlich heilen und regenerieren.\u00ab<\/p>\n<p>PAVLINA KLEMM \u00dcBER DIESES BUCH: \u00bbEs ist egal, in welchen Inkarnationen ihr euch fr\u00fcher befandet. Es ist egal, wie viele Gedanken euch in eure Vergangenheit zur\u00fcckwerfen. Jeder hat die M\u00f6glichkeit, seine Realit\u00e4t zum Positiven zu ver\u00e4ndern. Wie die Plejader uns mitteilen &#8211; Schritt f\u00fcr Schritt.\u00ab<\/p>\n<p>AUS DEM VORWORT VON JEANNE RULAND: \u00bbProbiert die durchgegebenen Heilsymbole und Zahlenreihen am besten selbst aus und erlebt ihre lichtvolle und strahlende Wirkung auf euer Leben.\u00ab<\/p>\n<p>PAVLINA KLEMM, geboren in Tschechien, lebt und arbeitet heute am Chiemsee. Sie ist ausgebildet in Quantenheilung, Neuer Hom\u00f6opathie, Reconnective Healing und russischen Heilweisen. Tausende besuchten schon ihre Workshops und Seminare zur Ausbildung als Plejadenheiler.<\/p>\n<p>&nbsp;<\/p>\n<p>&nbsp;<\/p>\n","protected":false},"excerpt":{"rendered":"<p>Arbeitsbuch der Plejadenheilung<\/p>\n","protected":false},"featured_media":13390,"comment_status":"open","ping_status":"closed","template":"","meta":{"_links_to":"","_links_to_target":""},"pwb-brand":[2470],"product_brand":[],"product_cat":[804],"product_tag":[580,446,2743,1298,2471,2472,2745,2031,121,178,558,2744],"class_list":{"0":"post-13389","1":"product","2":"type-product","3":"status-publish","4":"has-post-thumbnail","6":"pwb-brand-amra","7":"product_cat-energiearbeit","8":"product_tag-buch","9":"product_tag-chakren","10":"product_tag-heilsymbole","11":"product_tag-heilung","12":"product_tag-pavlina-klemm","13":"product_tag-plejaden","14":"product_tag-plejadenheilung","15":"product_tag-plejader","16":"product_tag-schutz","17":"product_tag-seele","18":"product_tag-vergebung","19":"product_tag-zahlenreihen","21":"first","22":"instock","23":"taxable","24":"shipping-taxable","25":"purchasable","26":"product-type-simple"},"blog_post_layout_featured_media_urls":{"thumbnail":["https:\/\/www.lebens-qi.at\/qishop\/wp-content\/uploads\/9783954475803-heilsymbole-150x150.jpg",150,150,true],"full":["https:\/\/www.lebens-qi.at\/qishop\/wp-content\/uploads\/9783954475803-heilsymbole.jpg",648,648,false]},"categories":["2470"],"categories_names":{"2470":{"name":"AMRA","link":"https:\/\/www.lebens-qi.at\/qishop\/brand\/amra\/"}},"comments_number":"0","brands":[{"id":2470,"name":"AMRA","slug":"amra"}],"_links":{"self":[{"href":"https:\/\/www.lebens-qi.at\/qishop\/wp-json\/wp\/v2\/product\/13389","targetHints":{"allow":["GET"]}}],"collection":[{"href":"https:\/\/www.lebens-qi.at\/qishop\/wp-json\/wp\/v2\/product"}],"about":[{"href":"https:\/\/www.lebens-qi.at\/qishop\/wp-json\/wp\/v2\/types\/product"}],"replies":[{"embeddable":true,"href":"https:\/\/www.lebens-qi.at\/qishop\/wp-json\/wp\/v2\/comments?post=13389"}],"wp:featuredmedia":[{"embeddable":true,"href":"https:\/\/www.lebens-qi.at\/qishop\/wp-json\/wp\/v2\/media\/13390"}],"wp:attachment":[{"href":"https:\/\/www.lebens-qi.at\/qishop\/wp-json\/wp\/v2\/media?parent=13389"}],"wp:term":[{"taxonomy":"pwb-brand","embeddable":true,"href":"https:\/\/www.lebens-qi.at\/qishop\/wp-json\/wp\/v2\/pwb-brand?post=13389"},{"taxonomy":"product_brand","embeddable":true,"href":"https:\/\/www.lebens-qi.at\/qishop\/wp-json\/wp\/v2\/product_brand?post=13389"},{"taxonomy":"product_cat","embeddable":true,"href":"https:\/\/www.lebens-qi.at\/qishop\/wp-json\/wp\/v2\/product_cat?post=13389"},{"taxonomy":"product_tag","embeddable":true,"href":"https:\/\/www.lebens-qi.at\/qishop\/wp-json\/wp\/v2\/product_tag?post=13389"}],"curies":[{"name":"wp","href":"https:\/\/api.w.org\/{rel}","templated":true}]}}